{"id":72743,"date":"2026-04-15T18:16:59","date_gmt":"2026-04-15T16:16:59","guid":{"rendered":"https:\/\/dev.mivv.com\/scarico-moto\/m-011-sgb-moto-guzzi-v9-bobber-roamer-2016-2020\/"},"modified":"2026-04-15T18:16:59","modified_gmt":"2026-04-15T16:16:59","slug":"m-011-sgb-moto-guzzi-v9-bobber-roamer-2016-2020","status":"publish","type":"product","link":"https:\/\/dev.mivv.com\/es\/product\/m-011-sgb-moto-guzzi-v9-bobber-roamer-2016-2020\/","title":{"rendered":"M.011.SGB \u2013 MOTO GUZZI V9 BOBBER \/ ROAMER  2016 > 2020"},"content":{"rendered":"<p>Hecho para mejorar <strong>est\u00e9tica, sound y rendimiento<\/strong> de la moto, el escape slip-on Mivv nace a partir de la m\u00e1xima atenci\u00f3n al dise\u00f1o, con el objetivo de satisfacer a los que quieren <strong>distinguirse<\/strong>, tambi\u00e9n por el look de su propia moto.<\/p>\n<p>Fabricado en acero inox, totalmente soldado con TIG , el escape GHIBLI es un producto con una forma <strong>c\u00f3nica<\/strong> y ondulada, nacido para acompa\u00f1ar motos naked o maxideportivas. El producto se caracteriza por un <strong>sound<\/strong> redondo y <strong>reconocible<\/strong>.<\/p>\n","protected":false},"excerpt":{"rendered":"<p>Hecho para mejorar est\u00e9tica, sound y rendimiento de la moto, el escape slip-on Mivv nace a partir de la m\u00e1xima atenci\u00f3n al dise\u00f1o, con el objetivo de satisfacer a los que quieren distinguirse, tambi\u00e9n por el look de su propia moto. Fabricado en acero inox, totalmente soldado con TIG , el escape GHIBLI es un [&hellip;]<\/p>\n","protected":false},"featured_media":38769,"template":"","meta":{"_acf_changed":false},"product_brand":[21124,21104,21123],"product_cat":[846],"product_tag":[],"class_list":{"0":"post-72743","1":"product","2":"type-product","3":"status-publish","4":"has-post-thumbnail","6":"product_brand-2016-2016-v9-bobber-roamer","7":"product_brand-moto-guzzi","8":"product_brand-v9-bobber-roamer","9":"product_cat-2-slip-on","11":"first","12":"instock","13":"shipping-taxable","14":"product-type-simple"},"acf":[],"_links":{"self":[{"href":"https:\/\/dev.mivv.com\/es\/wp-json\/wp\/v2\/product\/72743","targetHints":{"allow":["GET"]}}],"collection":[{"href":"https:\/\/dev.mivv.com\/es\/wp-json\/wp\/v2\/product"}],"about":[{"href":"https:\/\/dev.mivv.com\/es\/wp-json\/wp\/v2\/types\/product"}],"wp:featuredmedia":[{"embeddable":true,"href":"https:\/\/dev.mivv.com\/es\/wp-json\/wp\/v2\/media\/38769"}],"wp:attachment":[{"href":"https:\/\/dev.mivv.com\/es\/wp-json\/wp\/v2\/media?parent=72743"}],"wp:term":[{"taxonomy":"product_brand","embeddable":true,"href":"https:\/\/dev.mivv.com\/es\/wp-json\/wp\/v2\/product_brand?post=72743"},{"taxonomy":"product_cat","embeddable":true,"href":"https:\/\/dev.mivv.com\/es\/wp-json\/wp\/v2\/product_cat?post=72743"},{"taxonomy":"product_tag","embeddable":true,"href":"https:\/\/dev.mivv.com\/es\/wp-json\/wp\/v2\/product_tag?post=72743"}],"curies":[{"name":"wp","href":"https:\/\/api.w.org\/{rel}","templated":true}]}}