{"id":73341,"date":"2026-04-15T18:24:29","date_gmt":"2026-04-15T16:24:29","guid":{"rendered":"https:\/\/dev.mivv.com\/scarico-moto\/o-009-lrb-kymco-ak-550-2017-2020\/"},"modified":"2026-04-15T18:24:29","modified_gmt":"2026-04-15T16:24:29","slug":"o-009-lrb-kymco-ak-550-2017-2020","status":"publish","type":"product","link":"https:\/\/dev.mivv.com\/es\/product\/o-009-lrb-kymco-ak-550-2017-2020\/","title":{"rendered":"O.009.LRB \u2013 KYMCO AK 550 2017 > 2020"},"content":{"rendered":"<p>Hecho para mejorar <strong>est\u00e9tica, sound y rendimiento<\/strong> de la moto, el escape slip-on Mivv nace a partir de la m\u00e1xima atenci\u00f3n al dise\u00f1o, con el objetivo de satisfacer a los que quieren <strong>distinguirse<\/strong>, tambi\u00e9n por el look de su propia moto.<\/p>\n<p><strong>Dise\u00f1o moderno<\/strong> y prestaciones excelentes son las principales caracter\u00edsticas del escape SPEED EDGE, a las que se une un <strong>sound<\/strong> claramente <strong>deportivo<\/strong>.<\/p>\n<p>El escape Speed Edge Black da al scooter un <strong>look<\/strong> m\u00e1s <strong>agresivo<\/strong> gracias al empleo de una tapa de <strong>carbono<\/strong> y garantiza un t\u00edpico <strong>sonido racing<\/strong>. El cuerpo est\u00e1 fabricado en acero <strong>inox negro<\/strong> con efecto <strong>\u00abBlack Moon\u00bb<\/strong>, obtenido gracias a un proceso de pintura con ceramica. El escape tiene una forma <strong>hexagonal<\/strong>.<\/p>\n","protected":false},"excerpt":{"rendered":"<p>HOMOLOGADO SOLO CON CATALIZADOR ACC.045.A1 INSTALADO<\/p>\n","protected":false},"featured_media":34547,"template":"","meta":{"_acf_changed":false},"product_brand":[21063,21062,21053],"product_cat":[685],"product_tag":[],"class_list":{"0":"post-73341","1":"product","2":"type-product","3":"status-publish","4":"has-post-thumbnail","6":"product_brand-2017-ak-550","7":"product_brand-ak-550","8":"product_brand-kymco","9":"product_cat-escape-completo","11":"first","12":"instock","13":"shipping-taxable","14":"product-type-simple"},"acf":[],"_links":{"self":[{"href":"https:\/\/dev.mivv.com\/es\/wp-json\/wp\/v2\/product\/73341","targetHints":{"allow":["GET"]}}],"collection":[{"href":"https:\/\/dev.mivv.com\/es\/wp-json\/wp\/v2\/product"}],"about":[{"href":"https:\/\/dev.mivv.com\/es\/wp-json\/wp\/v2\/types\/product"}],"wp:featuredmedia":[{"embeddable":true,"href":"https:\/\/dev.mivv.com\/es\/wp-json\/wp\/v2\/media\/34547"}],"wp:attachment":[{"href":"https:\/\/dev.mivv.com\/es\/wp-json\/wp\/v2\/media?parent=73341"}],"wp:term":[{"taxonomy":"product_brand","embeddable":true,"href":"https:\/\/dev.mivv.com\/es\/wp-json\/wp\/v2\/product_brand?post=73341"},{"taxonomy":"product_cat","embeddable":true,"href":"https:\/\/dev.mivv.com\/es\/wp-json\/wp\/v2\/product_cat?post=73341"},{"taxonomy":"product_tag","embeddable":true,"href":"https:\/\/dev.mivv.com\/es\/wp-json\/wp\/v2\/product_tag?post=73341"}],"curies":[{"name":"wp","href":"https:\/\/api.w.org\/{rel}","templated":true}]}}