{"id":74249,"date":"2026-04-15T18:28:30","date_gmt":"2026-04-15T16:28:30","guid":{"rendered":"https:\/\/dev.mivv.com\/scarico-moto\/o-010-lvc-kymco-xciting-400i-2013-2018\/"},"modified":"2026-04-15T18:28:30","modified_gmt":"2026-04-15T16:28:30","slug":"o-010-lvc-kymco-xciting-400i-2013-2018","status":"publish","type":"product","link":"https:\/\/dev.mivv.com\/es\/product\/o-010-lvc-kymco-xciting-400i-2013-2018\/","title":{"rendered":"O.010.LVC &#8211; KYMCO XCITING 400i 2013 > 2018"},"content":{"rendered":"<p>Hecho para mejorar <strong>est\u00e9tica, sound y rendimiento<\/strong> de la moto, el escape slip-on Mivv nace a partir de la m\u00e1xima atenci\u00f3n al dise\u00f1o, con el objetivo de satisfacer a los que quieren <strong>distinguirse<\/strong>, tambi\u00e9n por el look de su propia moto.<\/p>\n<p>Los escapes de la l\u00ednea OVAL se adaptan perfectamente a todo tipo de motos. Acabado con gran atenci\u00f3n al detalle, es una l\u00ednea que representa el mejor compromiso entre el <strong>dise\u00f1o<\/strong> y el <strong>rendimiento<\/strong>. <\/p>\n<p>El escape est\u00e1 caracterizado por un cuerpo central de acero inox <strong>negro<\/strong> con eff\u00e9cto <strong>\u00abBlack moon\u00bb<\/strong>; esto ha sido obtenido gracias a un proceso de pintura con ceramica, que da al producto un <strong>look<\/strong> m\u00e1s <strong>agresivo<\/strong><\/p>\n","protected":false},"excerpt":{"rendered":"<p>Hecho para mejorar est\u00e9tica, sound y rendimiento de la moto, el escape slip-on Mivv nace a partir de la m\u00e1xima atenci\u00f3n al dise\u00f1o, con el objetivo de satisfacer a los que quieren distinguirse, tambi\u00e9n por el look de su propia moto. Los escapes de la l\u00ednea OVAL se adaptan perfectamente a todo tipo de motos. [&hellip;]<\/p>\n","protected":false},"featured_media":62926,"template":"","meta":{"_acf_changed":false},"product_brand":[21091,21053,21089],"product_cat":[702],"product_tag":[],"class_list":{"0":"post-74249","1":"product","2":"type-product","3":"status-publish","4":"has-post-thumbnail","6":"product_brand-2013-2018-xciting-400i","7":"product_brand-kymco","8":"product_brand-xciting-400i","9":"product_cat-slip-on","11":"first","12":"instock","13":"shipping-taxable","14":"product-type-simple"},"acf":[],"_links":{"self":[{"href":"https:\/\/dev.mivv.com\/es\/wp-json\/wp\/v2\/product\/74249","targetHints":{"allow":["GET"]}}],"collection":[{"href":"https:\/\/dev.mivv.com\/es\/wp-json\/wp\/v2\/product"}],"about":[{"href":"https:\/\/dev.mivv.com\/es\/wp-json\/wp\/v2\/types\/product"}],"wp:featuredmedia":[{"embeddable":true,"href":"https:\/\/dev.mivv.com\/es\/wp-json\/wp\/v2\/media\/62926"}],"wp:attachment":[{"href":"https:\/\/dev.mivv.com\/es\/wp-json\/wp\/v2\/media?parent=74249"}],"wp:term":[{"taxonomy":"product_brand","embeddable":true,"href":"https:\/\/dev.mivv.com\/es\/wp-json\/wp\/v2\/product_brand?post=74249"},{"taxonomy":"product_cat","embeddable":true,"href":"https:\/\/dev.mivv.com\/es\/wp-json\/wp\/v2\/product_cat?post=74249"},{"taxonomy":"product_tag","embeddable":true,"href":"https:\/\/dev.mivv.com\/es\/wp-json\/wp\/v2\/product_tag?post=74249"}],"curies":[{"name":"wp","href":"https:\/\/api.w.org\/{rel}","templated":true}]}}