{"id":75016,"date":"2026-04-15T18:31:50","date_gmt":"2026-04-15T16:31:50","guid":{"rendered":"https:\/\/dev.mivv.com\/scarico-moto\/acc-042-a1-kawasaki-ninja-650-2017-2020\/"},"modified":"2026-04-15T18:31:50","modified_gmt":"2026-04-15T16:31:50","slug":"acc-042-a1-kawasaki-ninja-650-2017-2020","status":"publish","type":"product","link":"https:\/\/dev.mivv.com\/es\/product\/acc-042-a1-kawasaki-ninja-650-2017-2020\/","title":{"rendered":"ACC.042.A1 \u2013 KAWASAKI NINJA 650 2017 > 2020"},"content":{"rendered":"<p>Mivv utiliza catalizadores met\u00e1licos con el fin de garantizar a tu moto una mejor\u00eda de las performance y del sound.<br \/>\n\u00c9stos catalizadores est\u00e1n estudiados para obtener una adecuada disminuci\u00f3n de los gases contaminantes convirtiendo el escape en versi\u00f3n homologada seg\u00fan las normativas vigentes.<\/p>\n","protected":false},"excerpt":{"rendered":"<p>MONTA SOLO SUI SEGUENTI CODICI: K.044.L3C- K.044.L4C \/  IT FITS ONLY  THE FOLLOWING CODES: K.044.L3C &#8211; K.044.L4C<\/p>\n","protected":false},"featured_media":63272,"template":"","meta":{"_acf_changed":false},"product_brand":[20883,20862,20882],"product_cat":[691],"product_tag":[],"class_list":{"0":"post-75016","1":"product","2":"type-product","3":"status-publish","4":"has-post-thumbnail","6":"product_brand-2017-ninja-650","7":"product_brand-kawasaki","8":"product_brand-ninja-650","9":"product_cat-catalizador","11":"first","12":"instock","13":"shipping-taxable","14":"product-type-simple"},"acf":[],"_links":{"self":[{"href":"https:\/\/dev.mivv.com\/es\/wp-json\/wp\/v2\/product\/75016","targetHints":{"allow":["GET"]}}],"collection":[{"href":"https:\/\/dev.mivv.com\/es\/wp-json\/wp\/v2\/product"}],"about":[{"href":"https:\/\/dev.mivv.com\/es\/wp-json\/wp\/v2\/types\/product"}],"wp:featuredmedia":[{"embeddable":true,"href":"https:\/\/dev.mivv.com\/es\/wp-json\/wp\/v2\/media\/63272"}],"wp:attachment":[{"href":"https:\/\/dev.mivv.com\/es\/wp-json\/wp\/v2\/media?parent=75016"}],"wp:term":[{"taxonomy":"product_brand","embeddable":true,"href":"https:\/\/dev.mivv.com\/es\/wp-json\/wp\/v2\/product_brand?post=75016"},{"taxonomy":"product_cat","embeddable":true,"href":"https:\/\/dev.mivv.com\/es\/wp-json\/wp\/v2\/product_cat?post=75016"},{"taxonomy":"product_tag","embeddable":true,"href":"https:\/\/dev.mivv.com\/es\/wp-json\/wp\/v2\/product_tag?post=75016"}],"curies":[{"name":"wp","href":"https:\/\/api.w.org\/{rel}","templated":true}]}}