{"id":77326,"date":"2026-04-15T18:40:53","date_gmt":"2026-04-15T16:40:53","guid":{"rendered":"https:\/\/dev.mivv.com\/scarico-moto\/k-052-sdgb-kawasaki-z-900-2020-2024\/"},"modified":"2026-04-15T18:40:53","modified_gmt":"2026-04-15T16:40:53","slug":"k-052-sdgb-kawasaki-z-900-2020-2024","status":"publish","type":"product","link":"https:\/\/dev.mivv.com\/es\/product\/k-052-sdgb-kawasaki-z-900-2020-2024\/","title":{"rendered":"K.052.SDGB  \u2013 KAWASAKI Z 900 2020 > 2024"},"content":{"rendered":"<p>Hecho para mejorar <strong>est\u00e9tica, sound y rendimiento<\/strong> de la moto, el escape slip-on Mivv nace a partir de la m\u00e1xima atenci\u00f3n al dise\u00f1o, con el objetivo de satisfacer a los que quieren <strong>distinguirse<\/strong>, tambi\u00e9n por el look de su propia moto.<\/p>\n<p>DOUBLE GUN Black es un producto muy ligero, esencial y lleno de car\u00e1cter. Agresivo y <strong>muy corto<\/strong> est\u00e1 fabricado completamente en acero inox con effecto <strong>\u201cBlack Moon\u201d<\/strong> obtenido por medio de un proceso especial de pintura con ceramica, que da al producto un <strong>look<\/strong> m\u00e1s <strong>agresivo<\/strong>.<\/p>\n","protected":false},"excerpt":{"rendered":"<p>NO HOMOLOGADO<\/p>\n","protected":false},"featured_media":63077,"template":"","meta":{"_acf_changed":false},"product_brand":[20931,20862,20929],"product_cat":[702],"product_tag":[],"class_list":{"0":"post-77326","1":"product","2":"type-product","3":"status-publish","4":"has-post-thumbnail","6":"product_brand-2020-z-900","7":"product_brand-kawasaki","8":"product_brand-z-900","9":"product_cat-slip-on","11":"first","12":"instock","13":"shipping-taxable","14":"product-type-simple"},"acf":[],"_links":{"self":[{"href":"https:\/\/dev.mivv.com\/es\/wp-json\/wp\/v2\/product\/77326","targetHints":{"allow":["GET"]}}],"collection":[{"href":"https:\/\/dev.mivv.com\/es\/wp-json\/wp\/v2\/product"}],"about":[{"href":"https:\/\/dev.mivv.com\/es\/wp-json\/wp\/v2\/types\/product"}],"wp:featuredmedia":[{"embeddable":true,"href":"https:\/\/dev.mivv.com\/es\/wp-json\/wp\/v2\/media\/63077"}],"wp:attachment":[{"href":"https:\/\/dev.mivv.com\/es\/wp-json\/wp\/v2\/media?parent=77326"}],"wp:term":[{"taxonomy":"product_brand","embeddable":true,"href":"https:\/\/dev.mivv.com\/es\/wp-json\/wp\/v2\/product_brand?post=77326"},{"taxonomy":"product_cat","embeddable":true,"href":"https:\/\/dev.mivv.com\/es\/wp-json\/wp\/v2\/product_cat?post=77326"},{"taxonomy":"product_tag","embeddable":true,"href":"https:\/\/dev.mivv.com\/es\/wp-json\/wp\/v2\/product_tag?post=77326"}],"curies":[{"name":"wp","href":"https:\/\/api.w.org\/{rel}","templated":true}]}}