{"id":78072,"date":"2026-04-15T18:44:10","date_gmt":"2026-04-15T16:44:10","guid":{"rendered":"https:\/\/dev.mivv.com\/scarico-moto\/v-003-lhb-mv-agusta-brutale-800-rr-2017-2024\/"},"modified":"2026-04-15T18:44:10","modified_gmt":"2026-04-15T16:44:10","slug":"v-003-lhb-mv-agusta-brutale-800-rr-2017-2024","status":"publish","type":"product","link":"https:\/\/dev.mivv.com\/es\/product\/v-003-lhb-mv-agusta-brutale-800-rr-2017-2024\/","title":{"rendered":"V.003.LHB &#8211; MV AGUSTA BRUTALE 800 RR 2017 > 2024"},"content":{"rendered":"<p>Hecho para mejorar <strong>est\u00e9tica, sound y rendimiento<\/strong> de la moto, el escape slip-on Mivv nace a partir de la m\u00e1xima atenci\u00f3n al dise\u00f1o, con el objetivo de satisfacer a los que quieren <strong>distinguirse<\/strong>, tambi\u00e9n por el look de su propia moto.<\/p>\n<p><strong>Dise\u00f1o moderno<\/strong> y prestaciones excelentes son las principales caracter\u00edsticas del escape SPEED EDGE, a las que se une un <strong>sound<\/strong> claramente <strong>deportivo<\/strong>.<\/p>\n<p>El escape de la BRUTALE lleva una salida con 3 tramos de acero inox \u201c<strong>slush cut<\/strong>\u201d con una <strong>reja<\/strong> de protecci\u00f3n <strong>extra\u00edble<\/strong>. El escape tiene una lavoraci\u00f3n pintada <strong>negra<\/strong> con efecto \u201c<strong>Black Moon<\/strong>\u201d. Esto da al producto un look <strong>agresivo<\/strong>.<\/p>\n","protected":false},"excerpt":{"rendered":"<p>Tubo No-kat (encaja tanto con silenciadores MIVV como con el original). La instalaci\u00f3n de este escape requiere la reasignaci\u00f3n de la ECU. Para obtener m\u00e1s informaci\u00f3n, lea la informaci\u00f3n t\u00e9cnica en el cuadro de documentaci\u00f3n.<\/p>\n","protected":false},"featured_media":39283,"template":"","meta":{"_acf_changed":false},"product_brand":[21132,21131,21130],"product_cat":[702],"product_tag":[],"class_list":{"0":"post-78072","1":"product","2":"type-product","3":"status-publish","4":"has-post-thumbnail","6":"product_brand-2017-brutale-800-rr","7":"product_brand-brutale-800-rr","8":"product_brand-mv-agusta","9":"product_cat-slip-on","11":"first","12":"instock","13":"shipping-taxable","14":"product-type-simple"},"acf":[],"_links":{"self":[{"href":"https:\/\/dev.mivv.com\/es\/wp-json\/wp\/v2\/product\/78072","targetHints":{"allow":["GET"]}}],"collection":[{"href":"https:\/\/dev.mivv.com\/es\/wp-json\/wp\/v2\/product"}],"about":[{"href":"https:\/\/dev.mivv.com\/es\/wp-json\/wp\/v2\/types\/product"}],"wp:featuredmedia":[{"embeddable":true,"href":"https:\/\/dev.mivv.com\/es\/wp-json\/wp\/v2\/media\/39283"}],"wp:attachment":[{"href":"https:\/\/dev.mivv.com\/es\/wp-json\/wp\/v2\/media?parent=78072"}],"wp:term":[{"taxonomy":"product_brand","embeddable":true,"href":"https:\/\/dev.mivv.com\/es\/wp-json\/wp\/v2\/product_brand?post=78072"},{"taxonomy":"product_cat","embeddable":true,"href":"https:\/\/dev.mivv.com\/es\/wp-json\/wp\/v2\/product_cat?post=78072"},{"taxonomy":"product_tag","embeddable":true,"href":"https:\/\/dev.mivv.com\/es\/wp-json\/wp\/v2\/product_tag?post=78072"}],"curies":[{"name":"wp","href":"https:\/\/api.w.org\/{rel}","templated":true}]}}