{"id":78376,"date":"2026-04-15T18:45:18","date_gmt":"2026-04-15T16:45:18","guid":{"rendered":"https:\/\/dev.mivv.com\/scarico-moto\/y-061-lr1xb-yamaha-t-max-560-2020-2021\/"},"modified":"2026-04-15T18:45:18","modified_gmt":"2026-04-15T16:45:18","slug":"y-061-lr1xb-yamaha-t-max-560-2020-2021","status":"publish","type":"product","link":"https:\/\/dev.mivv.com\/es\/product\/y-061-lr1xb-yamaha-t-max-560-2020-2021\/","title":{"rendered":"Y.061.LR1XB- YAMAHA T-MAX 560 2020 > 2021"},"content":{"rendered":"<p>Hecho para mejorar <strong>est\u00e9tica, sound y rendimiento<\/strong> de la moto, el escape slip-on Mivv nace a partir de la m\u00e1xima atenci\u00f3n al dise\u00f1o, con el objetivo de satisfacer a los que quieren <strong>distinguirse<\/strong>, tambi\u00e9n por el look de su propia moto.<\/p>\n","protected":false},"excerpt":{"rendered":"<p>HOMOLOGADO EURO 5 SOLO CON CATALIZADOR ACC.045.A1 INSTALADO. Para mejorar las prestaciones ,le recomendamos que vuelva a mapar la centralita. Para mas informaci\u00f3n lea Ud. la informaci\u00f3n t\u00e9cnica abajo de la casilla de la documentaci\u00f3n.<\/p>\n","protected":false},"featured_media":45823,"template":"","meta":{"_acf_changed":false},"product_brand":[21428,21427,21384],"product_cat":[685],"product_tag":[],"class_list":{"0":"post-78376","1":"product","2":"type-product","3":"status-publish","4":"has-post-thumbnail","6":"product_brand-2020-t-max-560","7":"product_brand-t-max-560","8":"product_brand-yamaha","9":"product_cat-escape-completo","11":"first","12":"instock","13":"shipping-taxable","14":"product-type-simple"},"acf":[],"_links":{"self":[{"href":"https:\/\/dev.mivv.com\/es\/wp-json\/wp\/v2\/product\/78376","targetHints":{"allow":["GET"]}}],"collection":[{"href":"https:\/\/dev.mivv.com\/es\/wp-json\/wp\/v2\/product"}],"about":[{"href":"https:\/\/dev.mivv.com\/es\/wp-json\/wp\/v2\/types\/product"}],"wp:featuredmedia":[{"embeddable":true,"href":"https:\/\/dev.mivv.com\/es\/wp-json\/wp\/v2\/media\/45823"}],"wp:attachment":[{"href":"https:\/\/dev.mivv.com\/es\/wp-json\/wp\/v2\/media?parent=78376"}],"wp:term":[{"taxonomy":"product_brand","embeddable":true,"href":"https:\/\/dev.mivv.com\/es\/wp-json\/wp\/v2\/product_brand?post=78376"},{"taxonomy":"product_cat","embeddable":true,"href":"https:\/\/dev.mivv.com\/es\/wp-json\/wp\/v2\/product_cat?post=78376"},{"taxonomy":"product_tag","embeddable":true,"href":"https:\/\/dev.mivv.com\/es\/wp-json\/wp\/v2\/product_tag?post=78376"}],"curies":[{"name":"wp","href":"https:\/\/api.w.org\/{rel}","templated":true}]}}