{"id":79248,"date":"2026-04-15T18:48:43","date_gmt":"2026-04-15T16:48:43","guid":{"rendered":"https:\/\/dev.mivv.com\/scarico-moto\/k-045-c2-kawasaki-z900-a2-35-70-kw-2017-2024\/"},"modified":"2026-04-15T18:48:43","modified_gmt":"2026-04-15T16:48:43","slug":"k-045-c2-kawasaki-z900-a2-35-70-kw-2017-2024","status":"publish","type":"product","link":"https:\/\/dev.mivv.com\/es\/product\/k-045-c2-kawasaki-z900-a2-35-70-kw-2017-2024\/","title":{"rendered":"K.045.C2 \u2013 KAWASAKI Z900 A2 (35\/70 KW) 2017 > 2024"},"content":{"rendered":"<p>Los tubos no kat opcionales de acero inox ofrecen una mejor\u00eda de las performance sobre todo cuando se acoplan con el silenciador slip-on Mivv. Este producto mejora tu moto garantizando un dise\u00f1o m\u00e1s bonito y un sound \u00fanico. Este producto no est\u00e1 homologado seg\u00fan las normativas vigentes para el uso de la moto en carretera.<\/p>\n","protected":false},"excerpt":{"rendered":"<p>No-kat full collectors (compatible with both MIVV and original silencers).<\/p>\n","protected":false},"featured_media":30385,"template":"","meta":{"_acf_changed":false},"product_brand":[20934,20862,20933],"product_cat":[796],"product_tag":[],"class_list":{"0":"post-79248","1":"product","2":"type-product","3":"status-publish","4":"has-post-thumbnail","6":"product_brand-2017-z900-a2","7":"product_brand-kawasaki","8":"product_brand-z900-a2","9":"product_cat-tubo-no-kat","11":"first","12":"instock","13":"shipping-taxable","14":"product-type-simple"},"acf":[],"_links":{"self":[{"href":"https:\/\/dev.mivv.com\/es\/wp-json\/wp\/v2\/product\/79248","targetHints":{"allow":["GET"]}}],"collection":[{"href":"https:\/\/dev.mivv.com\/es\/wp-json\/wp\/v2\/product"}],"about":[{"href":"https:\/\/dev.mivv.com\/es\/wp-json\/wp\/v2\/types\/product"}],"wp:featuredmedia":[{"embeddable":true,"href":"https:\/\/dev.mivv.com\/es\/wp-json\/wp\/v2\/media\/30385"}],"wp:attachment":[{"href":"https:\/\/dev.mivv.com\/es\/wp-json\/wp\/v2\/media?parent=79248"}],"wp:term":[{"taxonomy":"product_brand","embeddable":true,"href":"https:\/\/dev.mivv.com\/es\/wp-json\/wp\/v2\/product_brand?post=79248"},{"taxonomy":"product_cat","embeddable":true,"href":"https:\/\/dev.mivv.com\/es\/wp-json\/wp\/v2\/product_cat?post=79248"},{"taxonomy":"product_tag","embeddable":true,"href":"https:\/\/dev.mivv.com\/es\/wp-json\/wp\/v2\/product_tag?post=79248"}],"curies":[{"name":"wp","href":"https:\/\/api.w.org\/{rel}","templated":true}]}}