{"id":80385,"date":"2026-04-15T19:13:42","date_gmt":"2026-04-15T17:13:42","guid":{"rendered":"https:\/\/dev.mivv.com\/scarico-moto\/y-071-l2p-yamaha-r7-2022-2024\/"},"modified":"2026-04-15T19:13:42","modified_gmt":"2026-04-15T17:13:42","slug":"y-071-l2p-yamaha-r7-2022-2024","status":"publish","type":"product","link":"https:\/\/dev.mivv.com\/es\/product\/y-071-l2p-yamaha-r7-2022-2024\/","title":{"rendered":"Y.071.L2P \u2013 YAMAHA R7 2022 > 2024"},"content":{"rendered":"<p>Hecho para mejorar <strong>est\u00e9tica, sound y rendimiento<\/strong> de la moto, el escape slip-on Mivv nace a partir de la m\u00e1xima atenci\u00f3n al dise\u00f1o, con el objetivo de satisfacer a los que quieren <strong>distinguirse<\/strong>, tambi\u00e9n por el look de su propia moto.<\/p>\n<p>GP PRO tiene una <strong>soldadura a TIG semiartesanal<\/strong>, un <strong>dise\u00f1o compacto<\/strong> y esencial y un <strong>sonido agresivo<\/strong>. El tubo de salida gracias a la inspiraci\u00f3n del mundo de las <strong>competiciones<\/strong> est\u00e1 equipado con una <strong>reja de protecci\u00f3n removible<\/strong> que esconde el dB-killer. En el terminal est\u00e1 el caracteristico logo Mivv realizado por la tecnolog\u00eda Laser.<\/p>\n<p>Se caracteriza por un cuerpo central de <strong>carbono con manufactura brillante<\/strong>. Esto es el producto <strong>ideal para los que exigen lo mejor en look y tecnolog\u00eda.<\/strong><\/p>\n","protected":false},"excerpt":{"rendered":"<p>HOMOLOGADO EURO 5 SOLO CON CATALIZADOR ACC.077.A1 INSTALADO. NO COMPATIBLE CON VEH\u00cdCULOS EURO 5 + EQUIPADOS CON SONDA LAMBDA DESPU\u00c9S DEL CATALIZADOR.<\/p>\n","protected":false},"featured_media":46059,"template":"","meta":{"_acf_changed":false},"product_brand":[21418,21417,21384],"product_cat":[685],"product_tag":[],"class_list":{"0":"post-80385","1":"product","2":"type-product","3":"status-publish","4":"has-post-thumbnail","6":"product_brand-2022-r7","7":"product_brand-r7","8":"product_brand-yamaha","9":"product_cat-escape-completo","11":"first","12":"instock","13":"shipping-taxable","14":"product-type-simple"},"acf":[],"_links":{"self":[{"href":"https:\/\/dev.mivv.com\/es\/wp-json\/wp\/v2\/product\/80385","targetHints":{"allow":["GET"]}}],"collection":[{"href":"https:\/\/dev.mivv.com\/es\/wp-json\/wp\/v2\/product"}],"about":[{"href":"https:\/\/dev.mivv.com\/es\/wp-json\/wp\/v2\/types\/product"}],"wp:featuredmedia":[{"embeddable":true,"href":"https:\/\/dev.mivv.com\/es\/wp-json\/wp\/v2\/media\/46059"}],"wp:attachment":[{"href":"https:\/\/dev.mivv.com\/es\/wp-json\/wp\/v2\/media?parent=80385"}],"wp:term":[{"taxonomy":"product_brand","embeddable":true,"href":"https:\/\/dev.mivv.com\/es\/wp-json\/wp\/v2\/product_brand?post=80385"},{"taxonomy":"product_cat","embeddable":true,"href":"https:\/\/dev.mivv.com\/es\/wp-json\/wp\/v2\/product_cat?post=80385"},{"taxonomy":"product_tag","embeddable":true,"href":"https:\/\/dev.mivv.com\/es\/wp-json\/wp\/v2\/product_tag?post=80385"}],"curies":[{"name":"wp","href":"https:\/\/api.w.org\/{rel}","templated":true}]}}