{"id":80399,"date":"2026-04-15T19:13:48","date_gmt":"2026-04-15T17:13:48","guid":{"rendered":"https:\/\/dev.mivv.com\/scarico-moto\/acc-077-a1-yamaha-r7-2022-2022\/"},"modified":"2026-04-15T19:13:48","modified_gmt":"2026-04-15T17:13:48","slug":"acc-077-a1-yamaha-r7-2022-2022","status":"publish","type":"product","link":"https:\/\/dev.mivv.com\/es\/product\/acc-077-a1-yamaha-r7-2022-2022\/","title":{"rendered":"ACC.077.A1 &#8211; YAMAHA R7 2022 > 2022"},"content":{"rendered":"<p>Mivv utiliza catalizadores met\u00e1licos con el fin de garantizar a tu moto una mejor\u00eda de las performance y del sound.<br \/>\n\u00c9stos catalizadores est\u00e1n estudiados para obtener una adecuada disminuci\u00f3n de los gases contaminantes convirtiendo el escape en versi\u00f3n homologada seg\u00fan las normativas vigentes.<\/p>\n","protected":false},"excerpt":{"rendered":"<p>ENCAJA EN LOS SIGUIENTES C\u00d3DIGOS: Y.071.L2P, Y.071.LR1T, Y.071.LR1TB<\/p>\n","protected":false},"featured_media":63272,"template":"","meta":{"_acf_changed":false},"product_brand":[21418,21417,21384],"product_cat":[691],"product_tag":[],"class_list":{"0":"post-80399","1":"product","2":"type-product","3":"status-publish","4":"has-post-thumbnail","6":"product_brand-2022-r7","7":"product_brand-r7","8":"product_brand-yamaha","9":"product_cat-catalizador","11":"first","12":"instock","13":"shipping-taxable","14":"product-type-simple"},"acf":[],"_links":{"self":[{"href":"https:\/\/dev.mivv.com\/es\/wp-json\/wp\/v2\/product\/80399","targetHints":{"allow":["GET"]}}],"collection":[{"href":"https:\/\/dev.mivv.com\/es\/wp-json\/wp\/v2\/product"}],"about":[{"href":"https:\/\/dev.mivv.com\/es\/wp-json\/wp\/v2\/types\/product"}],"wp:featuredmedia":[{"embeddable":true,"href":"https:\/\/dev.mivv.com\/es\/wp-json\/wp\/v2\/media\/63272"}],"wp:attachment":[{"href":"https:\/\/dev.mivv.com\/es\/wp-json\/wp\/v2\/media?parent=80399"}],"wp:term":[{"taxonomy":"product_brand","embeddable":true,"href":"https:\/\/dev.mivv.com\/es\/wp-json\/wp\/v2\/product_brand?post=80399"},{"taxonomy":"product_cat","embeddable":true,"href":"https:\/\/dev.mivv.com\/es\/wp-json\/wp\/v2\/product_cat?post=80399"},{"taxonomy":"product_tag","embeddable":true,"href":"https:\/\/dev.mivv.com\/es\/wp-json\/wp\/v2\/product_tag?post=80399"}],"curies":[{"name":"wp","href":"https:\/\/api.w.org\/{rel}","templated":true}]}}