{"id":80684,"date":"2026-04-15T19:15:07","date_gmt":"2026-04-15T17:15:07","guid":{"rendered":"https:\/\/dev.mivv.com\/scarico-moto\/t-025-lr1tb-triumph-speed-triple-1200-rr-rs-2021-2024\/"},"modified":"2026-04-15T19:15:07","modified_gmt":"2026-04-15T17:15:07","slug":"t-025-lr1tb-triumph-speed-triple-1200-rr-rs-2021-2024","status":"publish","type":"product","link":"https:\/\/dev.mivv.com\/es\/product\/t-025-lr1tb-triumph-speed-triple-1200-rr-rs-2021-2024\/","title":{"rendered":"T.025.LR1TB \u2013 TRIUMPH SPEED TRIPLE 1200 RR\/ RS 2021 > 2024"},"content":{"rendered":"<p>Hecho para mejorar <strong>est\u00e9tica, sound y rendimiento<\/strong> de la moto, el escape slip-on Mivv nace a partir de la m\u00e1xima atenci\u00f3n al dise\u00f1o, con el objetivo de satisfacer a los que quieren <strong>distinguirse<\/strong>, tambi\u00e9n por el look de su propia moto.<\/p>\n<p>Los escapes de la l\u00ednea <strong>SR-1<\/strong> est\u00e1n dedicados principalmente a las superbike e hypernaked motocicletas. El escape <strong>SR-1<\/strong> hereda toda la experiencia ganada en los varios campeonatos mundiales <strong>MotoGp &#8211; Moto2 &#8211; Moto3<\/strong>. El escape ha sido tratado con mucha atenci\u00f3n a los detalles y garantiza un mejoramiento del <strong>look<\/strong> y de las <strong>prestaciones<\/strong> de la moto.<\/p>\n<p>Esta versi\u00f3n consta de un <strong>cuerpo hexagonal de titanio con tratamiento negro <\/strong> y de una <strong>tapa de carbono<\/strong> con tratamiento\u00a0T-will; esto es resistente a las fuertes variaciones de temperatura, que son tipicas del <strong>mundo racing<\/strong>. A diferencia del escape de serie, el SR-1 de <strong>titanio<\/strong> garantiza una grande <strong>reducci\u00f3n del peso<\/strong>.<\/p>\n","protected":false},"excerpt":{"rendered":"<p>PROTECTOR DE CALOR DE CARBONO INCLUIDO<\/p>\n","protected":false},"featured_media":65461,"template":"","meta":{"_acf_changed":false},"product_brand":[21345,21344,21337],"product_cat":[702],"product_tag":[],"class_list":{"0":"post-80684","1":"product","2":"type-product","3":"status-publish","4":"has-post-thumbnail","6":"product_brand-2021-speed-triple-1200-rr-rs","7":"product_brand-speed-triple-1200-rr-rs","8":"product_brand-triumph","9":"product_cat-slip-on","11":"first","12":"instock","13":"shipping-taxable","14":"product-type-simple"},"acf":[],"_links":{"self":[{"href":"https:\/\/dev.mivv.com\/es\/wp-json\/wp\/v2\/product\/80684","targetHints":{"allow":["GET"]}}],"collection":[{"href":"https:\/\/dev.mivv.com\/es\/wp-json\/wp\/v2\/product"}],"about":[{"href":"https:\/\/dev.mivv.com\/es\/wp-json\/wp\/v2\/types\/product"}],"wp:featuredmedia":[{"embeddable":true,"href":"https:\/\/dev.mivv.com\/es\/wp-json\/wp\/v2\/media\/65461"}],"wp:attachment":[{"href":"https:\/\/dev.mivv.com\/es\/wp-json\/wp\/v2\/media?parent=80684"}],"wp:term":[{"taxonomy":"product_brand","embeddable":true,"href":"https:\/\/dev.mivv.com\/es\/wp-json\/wp\/v2\/product_brand?post=80684"},{"taxonomy":"product_cat","embeddable":true,"href":"https:\/\/dev.mivv.com\/es\/wp-json\/wp\/v2\/product_cat?post=80684"},{"taxonomy":"product_tag","embeddable":true,"href":"https:\/\/dev.mivv.com\/es\/wp-json\/wp\/v2\/product_tag?post=80684"}],"curies":[{"name":"wp","href":"https:\/\/api.w.org\/{rel}","templated":true}]}}