{"id":81055,"date":"2026-04-15T19:17:16","date_gmt":"2026-04-15T17:17:16","guid":{"rendered":"https:\/\/dev.mivv.com\/scarico-moto\/y-064-lz-yamaha-tenere-700-2019-2024\/"},"modified":"2026-04-15T19:17:16","modified_gmt":"2026-04-15T17:17:16","slug":"y-064-lz-yamaha-tenere-700-2019-2024","status":"publish","type":"product","link":"https:\/\/dev.mivv.com\/es\/product\/y-064-lz-yamaha-tenere-700-2019-2024\/","title":{"rendered":"Y.064.LZ \u2013 YAMAHA TENERE\u2019 700 2019 > 2024"},"content":{"rendered":"<p>Hecho para mejorar <strong>est\u00e9tica, sound y rendimiento<\/strong> de la moto, el escape slip-on Mivv nace a partir de la m\u00e1xima atenci\u00f3n al dise\u00f1o, con el objetivo de satisfacer a los que quieren <strong>distinguirse<\/strong>, tambi\u00e9n por el look de su propia moto.<\/p>\n<p>Los escapes de la l\u00ednea OVAL se adaptan perfectamente a todo tipo de motos. Acabado con gran atenci\u00f3n al detalle, es una l\u00ednea que representa el mejor compromiso entre el <strong>dise\u00f1o<\/strong> y el <strong>rendimiento<\/strong>. <\/p>\n<p>La versi\u00f3n <strong>black<\/strong> se caracteriza por un cuerpo central de <strong>acero inox negro 304<\/strong> con efecto <strong>\u00abBlack Moon\u00bb<\/strong> obtenido por medio de un proceso especial de <strong>pintura<\/strong> con <strong>ceramica<\/strong>.<\/p>\n","protected":false},"excerpt":{"rendered":"<p>Para mejorar las prestaciones ,le recomendamos que vuelva a mapar la centralita. Para mas informaci\u00f3n lea Ud. la informaci\u00f3n t\u00e9cnica abajo de la casilla de la documentaci\u00f3n.<\/p>\n","protected":false},"featured_media":65635,"template":"","meta":{"_acf_changed":false},"product_brand":[21434,21433,21384],"product_cat":[702],"product_tag":[],"class_list":{"0":"post-81055","1":"product","2":"type-product","3":"status-publish","4":"has-post-thumbnail","6":"product_brand-2019-tenere-700","7":"product_brand-tenere-700","8":"product_brand-yamaha","9":"product_cat-slip-on","11":"first","12":"instock","13":"shipping-taxable","14":"product-type-simple"},"acf":[],"_links":{"self":[{"href":"https:\/\/dev.mivv.com\/es\/wp-json\/wp\/v2\/product\/81055","targetHints":{"allow":["GET"]}}],"collection":[{"href":"https:\/\/dev.mivv.com\/es\/wp-json\/wp\/v2\/product"}],"about":[{"href":"https:\/\/dev.mivv.com\/es\/wp-json\/wp\/v2\/types\/product"}],"wp:featuredmedia":[{"embeddable":true,"href":"https:\/\/dev.mivv.com\/es\/wp-json\/wp\/v2\/media\/65635"}],"wp:attachment":[{"href":"https:\/\/dev.mivv.com\/es\/wp-json\/wp\/v2\/media?parent=81055"}],"wp:term":[{"taxonomy":"product_brand","embeddable":true,"href":"https:\/\/dev.mivv.com\/es\/wp-json\/wp\/v2\/product_brand?post=81055"},{"taxonomy":"product_cat","embeddable":true,"href":"https:\/\/dev.mivv.com\/es\/wp-json\/wp\/v2\/product_cat?post=81055"},{"taxonomy":"product_tag","embeddable":true,"href":"https:\/\/dev.mivv.com\/es\/wp-json\/wp\/v2\/product_tag?post=81055"}],"curies":[{"name":"wp","href":"https:\/\/api.w.org\/{rel}","templated":true}]}}