{"id":81195,"date":"2026-04-15T19:18:01","date_gmt":"2026-04-15T17:18:01","guid":{"rendered":"https:\/\/dev.mivv.com\/scarico-moto\/kt-020-sm3x-ktm-790-duke-2023-2024\/"},"modified":"2026-04-15T19:18:01","modified_gmt":"2026-04-15T17:18:01","slug":"kt-020-sm3x-ktm-790-duke-2023-2024","status":"publish","type":"product","link":"https:\/\/dev.mivv.com\/es\/product\/kt-020-sm3x-ktm-790-duke-2023-2024\/","title":{"rendered":"KT.020.SM3X\u2013 KTM 790 DUKE 2023 > 2024"},"content":{"rendered":"<p>Hecho para mejorar <strong>est\u00e9tica, sound y rendimiento<\/strong> de la moto, el escape slip-on Mivv nace a partir de la m\u00e1xima atenci\u00f3n al dise\u00f1o, con el objetivo de satisfacer a los que quieren <strong>distinguirse<\/strong>, tambi\u00e9n por el look de su propia moto.<\/p>\n<p>La l\u00ednea <strong>MK3<\/strong>, que es el resultado de la experiencia ganada en los campeonatos mundiales <strong>Moto3 y Moto2<\/strong> , es la s\u00edntesi perfecta entre la <strong>prestaci\u00f3n y la tecnolog\u00eda<\/strong>. Con un <strong>dise\u00f1o<\/strong> parecido con los escapes fabricados para el <strong>Campeonato del Mundo Moto3<\/strong> MK3, es un producto con dimensiones <strong>compactas<\/strong> , que puede desarrollar el agradable <strong>sonido MIVV<\/strong>. <\/p>\n<p>La versi\u00f3n acero inox natural se caracteriza por un cuerpo central de acero inox 304 cepillado con effecto\u00a0<strong>\u201cpearled\u201d<\/strong>, que se obtiene gracias a un proceso especial de manufactura. Esto junto con la reja de protecci\u00f3n en el fondillo de salida, da al producto un <strong>look inimitable<\/strong>.<\/p>\n","protected":false},"excerpt":{"rendered":"<p>NO HOMOLOGADO<\/p>\n","protected":false},"featured_media":64198,"template":"","meta":{"_acf_changed":false},"product_brand":[21023,21021,20972],"product_cat":[702],"product_tag":[],"class_list":{"0":"post-81195","1":"product","2":"type-product","3":"status-publish","4":"has-post-thumbnail","6":"product_brand-2023-790-duke","7":"product_brand-790-duke","8":"product_brand-ktm","9":"product_cat-slip-on","11":"first","12":"instock","13":"shipping-taxable","14":"product-type-simple"},"acf":[],"_links":{"self":[{"href":"https:\/\/dev.mivv.com\/es\/wp-json\/wp\/v2\/product\/81195","targetHints":{"allow":["GET"]}}],"collection":[{"href":"https:\/\/dev.mivv.com\/es\/wp-json\/wp\/v2\/product"}],"about":[{"href":"https:\/\/dev.mivv.com\/es\/wp-json\/wp\/v2\/types\/product"}],"wp:featuredmedia":[{"embeddable":true,"href":"https:\/\/dev.mivv.com\/es\/wp-json\/wp\/v2\/media\/64198"}],"wp:attachment":[{"href":"https:\/\/dev.mivv.com\/es\/wp-json\/wp\/v2\/media?parent=81195"}],"wp:term":[{"taxonomy":"product_brand","embeddable":true,"href":"https:\/\/dev.mivv.com\/es\/wp-json\/wp\/v2\/product_brand?post=81195"},{"taxonomy":"product_cat","embeddable":true,"href":"https:\/\/dev.mivv.com\/es\/wp-json\/wp\/v2\/product_cat?post=81195"},{"taxonomy":"product_tag","embeddable":true,"href":"https:\/\/dev.mivv.com\/es\/wp-json\/wp\/v2\/product_tag?post=81195"}],"curies":[{"name":"wp","href":"https:\/\/api.w.org\/{rel}","templated":true}]}}