{"id":81230,"date":"2026-04-15T19:18:11","date_gmt":"2026-04-15T17:18:11","guid":{"rendered":"https:\/\/dev.mivv.com\/scarico-moto\/kt-020-lc5t-ktm-890-duke-2020-2024\/"},"modified":"2026-04-15T19:18:11","modified_gmt":"2026-04-15T17:18:11","slug":"kt-020-lc5t-ktm-890-duke-2020-2024","status":"publish","type":"product","link":"https:\/\/dev.mivv.com\/es\/product\/kt-020-lc5t-ktm-890-duke-2020-2024\/","title":{"rendered":"KT.020.LC5T\u2013 KTM 890 DUKE 2020 > 2024"},"content":{"rendered":"<p>Hecho para mejorar <strong>est\u00e9tica, sound y rendimiento<\/strong> de la moto, el escape slip-on Mivv nace a partir de la m\u00e1xima atenci\u00f3n al dise\u00f1o, con el objetivo de satisfacer a los que quieren <strong>distinguirse<\/strong>, tambi\u00e9n por el look de su propia moto.<\/p>\n<p>La l\u00ednea Mivv <strong>X-M5<\/strong>, es el resultado de la experiencia conseguida en los campeonatos mundiales <strong>MotoGP , Moto2 y Moto3<\/strong>, es la s\u00edntesi perfecta entre las <strong>prestaciones<\/strong> y el <strong>estilo racing<\/strong>. Con un <strong>dise\u00f1o<\/strong> parecido a los escapes fabricados para el Campeonato del Mundo de Motociclismo , el escape <strong>X-M5<\/strong> ofrece una forma <strong>c\u00f3nica<\/strong> y dimensiones <strong>compactas<\/strong> capaces de desarrollar el agradable <strong>sonido<\/strong> MIVV. <\/p>\n<p>El escape tiene una tapa de <strong>carbono<\/strong> twill 3K y est\u00e1 equipado con <strong>una rejilla de protecci\u00f3n removible<\/strong>, que esconde el dB-killer<\/p>\n<p>La versi\u00f3n <strong>Titanium<\/strong> se caracteriza por un cuerpo central de titanio grado 1 Slow con un efecto <strong>\u201cpearled\u201d<\/strong> obtenido por medio de un proceso especial de fabricaci\u00f3n. Esta es la versi\u00f3n perfecta para aquellos, que quieren conseguir  una enorme  disminuci\u00f3n de <strong>peso<\/strong>.  <\/p>\n<p><strong>X-M5 puro estilo italiano<\/strong><\/p>\n","protected":false},"excerpt":{"rendered":"<p>Hecho para mejorar est\u00e9tica, sound y rendimiento de la moto, el escape slip-on Mivv nace a partir de la m\u00e1xima atenci\u00f3n al dise\u00f1o, con el objetivo de satisfacer a los que quieren distinguirse, tambi\u00e9n por el look de su propia moto. La l\u00ednea Mivv X-M5, es el resultado de la experiencia conseguida en los campeonatos [&hellip;]<\/p>\n","protected":false},"featured_media":64987,"template":"","meta":{"_acf_changed":false},"product_brand":[21029,21028,20972],"product_cat":[702],"product_tag":[],"class_list":{"0":"post-81230","1":"product","2":"type-product","3":"status-publish","4":"has-post-thumbnail","6":"product_brand-2020-890-duke","7":"product_brand-890-duke","8":"product_brand-ktm","9":"product_cat-slip-on","11":"first","12":"instock","13":"shipping-taxable","14":"product-type-simple"},"acf":[],"_links":{"self":[{"href":"https:\/\/dev.mivv.com\/es\/wp-json\/wp\/v2\/product\/81230","targetHints":{"allow":["GET"]}}],"collection":[{"href":"https:\/\/dev.mivv.com\/es\/wp-json\/wp\/v2\/product"}],"about":[{"href":"https:\/\/dev.mivv.com\/es\/wp-json\/wp\/v2\/types\/product"}],"wp:featuredmedia":[{"embeddable":true,"href":"https:\/\/dev.mivv.com\/es\/wp-json\/wp\/v2\/media\/64987"}],"wp:attachment":[{"href":"https:\/\/dev.mivv.com\/es\/wp-json\/wp\/v2\/media?parent=81230"}],"wp:term":[{"taxonomy":"product_brand","embeddable":true,"href":"https:\/\/dev.mivv.com\/es\/wp-json\/wp\/v2\/product_brand?post=81230"},{"taxonomy":"product_cat","embeddable":true,"href":"https:\/\/dev.mivv.com\/es\/wp-json\/wp\/v2\/product_cat?post=81230"},{"taxonomy":"product_tag","embeddable":true,"href":"https:\/\/dev.mivv.com\/es\/wp-json\/wp\/v2\/product_tag?post=81230"}],"curies":[{"name":"wp","href":"https:\/\/api.w.org\/{rel}","templated":true}]}}