{"id":81790,"date":"2026-04-15T19:21:25","date_gmt":"2026-04-15T17:21:25","guid":{"rendered":"https:\/\/dev.mivv.com\/scarico-moto\/kt-021-lvc-ktm-890-smt-2023-2024\/"},"modified":"2026-04-15T19:21:25","modified_gmt":"2026-04-15T17:21:25","slug":"kt-021-lvc-ktm-890-smt-2023-2024","status":"publish","type":"product","link":"https:\/\/dev.mivv.com\/es\/product\/kt-021-lvc-ktm-890-smt-2023-2024\/","title":{"rendered":"KT.021.LVC \u2013 KTM 890 SMT 2023 > 2024"},"content":{"rendered":"<p>Hecho para mejorar <strong>est\u00e9tica, sound y rendimiento<\/strong> de la moto, el escape slip-on Mivv nace a partir de la m\u00e1xima atenci\u00f3n al dise\u00f1o, con el objetivo de satisfacer a los que quieren <strong>distinguirse<\/strong>, tambi\u00e9n por el look de su propia moto.<\/p>\n<p>Los escapes de la l\u00ednea OVAL se adaptan perfectamente a todo tipo de motos. Acabado con gran atenci\u00f3n al detalle, es una l\u00ednea que representa el mejor compromiso entre el <strong>dise\u00f1o<\/strong> y el <strong>rendimiento<\/strong>. <\/p>\n<p>El cuerpo central est\u00e1 fabricado en acero inox negro con efecto cepillado <strong>\u201cBlack Satin\u201d<\/strong>, obtenido por un proceso de coloraci\u00f3n especial. Esta versi\u00f3n da al producto un look m\u00e1s <strong>agresivo<\/strong>.<\/p>\n","protected":false},"excerpt":{"rendered":"<p>Hecho para mejorar est\u00e9tica, sound y rendimiento de la moto, el escape slip-on Mivv nace a partir de la m\u00e1xima atenci\u00f3n al dise\u00f1o, con el objetivo de satisfacer a los que quieren distinguirse, tambi\u00e9n por el look de su propia moto. Los escapes de la l\u00ednea OVAL se adaptan perfectamente a todo tipo de motos. [&hellip;]<\/p>\n","protected":false},"featured_media":62926,"template":"","meta":{"_acf_changed":false},"product_brand":[21031,21030,20972],"product_cat":[702],"product_tag":[],"class_list":{"0":"post-81790","1":"product","2":"type-product","3":"status-publish","4":"has-post-thumbnail","6":"product_brand-2023-890-smt","7":"product_brand-890-smt","8":"product_brand-ktm","9":"product_cat-slip-on","11":"first","12":"instock","13":"shipping-taxable","14":"product-type-simple"},"acf":[],"_links":{"self":[{"href":"https:\/\/dev.mivv.com\/es\/wp-json\/wp\/v2\/product\/81790","targetHints":{"allow":["GET"]}}],"collection":[{"href":"https:\/\/dev.mivv.com\/es\/wp-json\/wp\/v2\/product"}],"about":[{"href":"https:\/\/dev.mivv.com\/es\/wp-json\/wp\/v2\/types\/product"}],"wp:featuredmedia":[{"embeddable":true,"href":"https:\/\/dev.mivv.com\/es\/wp-json\/wp\/v2\/media\/62926"}],"wp:attachment":[{"href":"https:\/\/dev.mivv.com\/es\/wp-json\/wp\/v2\/media?parent=81790"}],"wp:term":[{"taxonomy":"product_brand","embeddable":true,"href":"https:\/\/dev.mivv.com\/es\/wp-json\/wp\/v2\/product_brand?post=81790"},{"taxonomy":"product_cat","embeddable":true,"href":"https:\/\/dev.mivv.com\/es\/wp-json\/wp\/v2\/product_cat?post=81790"},{"taxonomy":"product_tag","embeddable":true,"href":"https:\/\/dev.mivv.com\/es\/wp-json\/wp\/v2\/product_tag?post=81790"}],"curies":[{"name":"wp","href":"https:\/\/api.w.org\/{rel}","templated":true}]}}