{"id":81979,"date":"2026-04-15T19:23:29","date_gmt":"2026-04-15T17:23:29","guid":{"rendered":"https:\/\/dev.mivv.com\/scarico-moto\/y-047-lxbc-yamaha-yzf-r125-2014-2018\/"},"modified":"2026-04-15T19:23:29","modified_gmt":"2026-04-15T17:23:29","slug":"y-047-lxbc-yamaha-yzf-r125-2014-2018","status":"publish","type":"product","link":"https:\/\/dev.mivv.com\/es\/product\/y-047-lxbc-yamaha-yzf-r125-2014-2018\/","title":{"rendered":"Y.047.LXBC &#8211; YAMAHA YZF R125 2014 > 2018"},"content":{"rendered":"<p>Hecho para mejorar <strong>est\u00e9tica, sound y rendimiento<\/strong> de la moto, el escape slip-on Mivv nace a partir de la m\u00e1xima atenci\u00f3n al dise\u00f1o, con el objetivo de satisfacer a los que quieren <strong>distinguirse<\/strong>, tambi\u00e9n por el look de su propia moto.<\/p>\n<p>Fabricado utilizando las soluciones t\u00e9cnicas de los escapes <strong>de competici\u00f3n<\/strong>, el escape GP es un silenciador redondo corto con boquillas agrandadas.<\/p>\n<p>El cuerpo central est\u00e1 fabricado en acero inox negro con efecto  <strong>\u201cBlack Moon\u201d<\/strong> obtenido por un proceso de coloraci\u00f3n especial. Esta versi\u00f3n da al producto un look m\u00e1s <strong>agresivo.<\/strong><\/p>\n","protected":false},"excerpt":{"rendered":"<p>HOMOLOGADO EURO 3- EURO 4 SOLO CON CATALIZADOR ACC.041.A1 INSTALADO<\/p>\n","protected":false},"featured_media":46126,"template":"","meta":{"_acf_changed":false},"product_brand":[21498,21384,21496],"product_cat":[685],"product_tag":[],"class_list":{"0":"post-81979","1":"product","2":"type-product","3":"status-publish","4":"has-post-thumbnail","6":"product_brand-2014-2018-yzf-r125","7":"product_brand-yamaha","8":"product_brand-yzf-r125","9":"product_cat-escape-completo","11":"first","12":"instock","13":"shipping-taxable","14":"product-type-simple"},"acf":[],"_links":{"self":[{"href":"https:\/\/dev.mivv.com\/es\/wp-json\/wp\/v2\/product\/81979","targetHints":{"allow":["GET"]}}],"collection":[{"href":"https:\/\/dev.mivv.com\/es\/wp-json\/wp\/v2\/product"}],"about":[{"href":"https:\/\/dev.mivv.com\/es\/wp-json\/wp\/v2\/types\/product"}],"wp:featuredmedia":[{"embeddable":true,"href":"https:\/\/dev.mivv.com\/es\/wp-json\/wp\/v2\/media\/46126"}],"wp:attachment":[{"href":"https:\/\/dev.mivv.com\/es\/wp-json\/wp\/v2\/media?parent=81979"}],"wp:term":[{"taxonomy":"product_brand","embeddable":true,"href":"https:\/\/dev.mivv.com\/es\/wp-json\/wp\/v2\/product_brand?post=81979"},{"taxonomy":"product_cat","embeddable":true,"href":"https:\/\/dev.mivv.com\/es\/wp-json\/wp\/v2\/product_cat?post=81979"},{"taxonomy":"product_tag","embeddable":true,"href":"https:\/\/dev.mivv.com\/es\/wp-json\/wp\/v2\/product_tag?post=81979"}],"curies":[{"name":"wp","href":"https:\/\/api.w.org\/{rel}","templated":true}]}}