{"id":82056,"date":"2026-04-15T19:23:59","date_gmt":"2026-04-15T17:23:59","guid":{"rendered":"https:\/\/dev.mivv.com\/scarico-moto\/re-003-ldkx-royal-enfield-himalayan-2021-2023\/"},"modified":"2026-04-15T19:23:59","modified_gmt":"2026-04-15T17:23:59","slug":"re-003-ldkx-royal-enfield-himalayan-2021-2023","status":"publish","type":"product","link":"https:\/\/dev.mivv.com\/es\/product\/re-003-ldkx-royal-enfield-himalayan-2021-2023\/","title":{"rendered":"RE.003.LDKX &#8211; ROYAL ENFIELD HIMALAYAN 2021> 2023"},"content":{"rendered":"<p>Hecho para mejorar <strong>est\u00e9tica, sound y rendimiento<\/strong> de la moto, el escape slip-on Mivv nace a partir de la m\u00e1xima atenci\u00f3n al dise\u00f1o, con el objetivo de satisfacer a los que quieren <strong>distinguirse<\/strong>, tambi\u00e9n por el look de su propia moto.<\/p>\n<p>El projecto del escape Dakar es el fruto de la experiencia del nuestro departimiento R&#038;D en el sector de las <strong>competiciones rally<\/strong>.<\/p>\n<p>El resultado es un <strong>escape simple pero robusto<\/strong>, que es perfecto para los que  prediligen hacer una carrera off road m\u00e0s <strong>exigente<\/strong>.<\/p>\n<p>El escape est\u00e0 realizado de acero <strong>inox 304 natural<\/strong> con una adjunta de un tratamiento especial <strong>\u00abperlead\u00bb<\/strong>, que lo hace <strong>\u00abhigly resistant\u00bb<\/strong> <\/p>\n","protected":false},"excerpt":{"rendered":"<p>HOMOLOGADO SOLO CON CATALIZADOR ACC.041.A1 MONTADO.<\/p>\n","protected":false},"featured_media":62533,"template":"","meta":{"_acf_changed":false},"product_brand":[21203,21202,21201],"product_cat":[702],"product_tag":[],"class_list":{"0":"post-82056","1":"product","2":"type-product","3":"status-publish","4":"has-post-thumbnail","6":"product_brand-2021-himalayan","7":"product_brand-himalayan","8":"product_brand-royal-enfield","9":"product_cat-slip-on","11":"first","12":"instock","13":"shipping-taxable","14":"product-type-simple"},"acf":[],"_links":{"self":[{"href":"https:\/\/dev.mivv.com\/es\/wp-json\/wp\/v2\/product\/82056","targetHints":{"allow":["GET"]}}],"collection":[{"href":"https:\/\/dev.mivv.com\/es\/wp-json\/wp\/v2\/product"}],"about":[{"href":"https:\/\/dev.mivv.com\/es\/wp-json\/wp\/v2\/types\/product"}],"wp:featuredmedia":[{"embeddable":true,"href":"https:\/\/dev.mivv.com\/es\/wp-json\/wp\/v2\/media\/62533"}],"wp:attachment":[{"href":"https:\/\/dev.mivv.com\/es\/wp-json\/wp\/v2\/media?parent=82056"}],"wp:term":[{"taxonomy":"product_brand","embeddable":true,"href":"https:\/\/dev.mivv.com\/es\/wp-json\/wp\/v2\/product_brand?post=82056"},{"taxonomy":"product_cat","embeddable":true,"href":"https:\/\/dev.mivv.com\/es\/wp-json\/wp\/v2\/product_cat?post=82056"},{"taxonomy":"product_tag","embeddable":true,"href":"https:\/\/dev.mivv.com\/es\/wp-json\/wp\/v2\/product_tag?post=82056"}],"curies":[{"name":"wp","href":"https:\/\/api.w.org\/{rel}","templated":true}]}}