{"id":82554,"date":"2026-04-15T19:34:17","date_gmt":"2026-04-15T17:34:17","guid":{"rendered":"https:\/\/dev.mivv.com\/scarico-moto\/k-060-sh1ban-kawasaki-vulcan-s-2017-2023\/"},"modified":"2026-04-15T19:34:17","modified_gmt":"2026-04-15T17:34:17","slug":"k-060-sh1ban-kawasaki-vulcan-s-2017-2023","status":"publish","type":"product","link":"https:\/\/dev.mivv.com\/es\/product\/k-060-sh1ban-kawasaki-vulcan-s-2017-2023\/","title":{"rendered":"K.060.SH1BAN &#8211; KAWASAKI VULCAN S 2017 > 2023"},"content":{"rendered":"<p>Hecho para mejorar <strong>est\u00e9tica, sound y rendimiento<\/strong> de la moto, el escape slip-on Mivv nace a partir de la m\u00e1xima atenci\u00f3n al dise\u00f1o, con el objetivo de satisfacer a los que quieren <strong>distinguirse<\/strong>, tambi\u00e9n por el look de su propia moto.<\/p>\n<p>Los escapes de la l\u00ednea HR-1 tienen una forma redonda y est\u00e1n montados con remaches negros que tienen un <strong>look especial<\/strong>. La copa de salida ser\u00e1 de <strong>aluminio cer\u00e1mico pintado negro<\/strong> o de <strong>carbono \u00abtwill 3k look\u00bb<\/strong><\/p>\n<p>Se caracteriza por un cuerpo central de acero inox negro con efecto <strong>\u201cBlack Moon\u201d<strong>, que se obtiene gracias a un proceso especial de pintura con base cer\u00e1mica. Esto da al producto un <strong>look \u00abclassic style\u00bb<\/strong>.<\/p>\n","protected":false},"excerpt":{"rendered":"<p>NO HOMOLOGADO. VERSI\u00d3N \u00abFULL BLACK<\/p>\n","protected":false},"featured_media":22242,"template":"","meta":{"_acf_changed":false},"product_brand":[20896,20862,20895],"product_cat":[685],"product_tag":[],"class_list":{"0":"post-82554","1":"product","2":"type-product","3":"status-publish","4":"has-post-thumbnail","6":"product_brand-2017-vulcan-s","7":"product_brand-kawasaki","8":"product_brand-vulcan-s","9":"product_cat-escape-completo","11":"first","12":"instock","13":"shipping-taxable","14":"product-type-simple"},"acf":[],"_links":{"self":[{"href":"https:\/\/dev.mivv.com\/es\/wp-json\/wp\/v2\/product\/82554","targetHints":{"allow":["GET"]}}],"collection":[{"href":"https:\/\/dev.mivv.com\/es\/wp-json\/wp\/v2\/product"}],"about":[{"href":"https:\/\/dev.mivv.com\/es\/wp-json\/wp\/v2\/types\/product"}],"wp:featuredmedia":[{"embeddable":true,"href":"https:\/\/dev.mivv.com\/es\/wp-json\/wp\/v2\/media\/22242"}],"wp:attachment":[{"href":"https:\/\/dev.mivv.com\/es\/wp-json\/wp\/v2\/media?parent=82554"}],"wp:term":[{"taxonomy":"product_brand","embeddable":true,"href":"https:\/\/dev.mivv.com\/es\/wp-json\/wp\/v2\/product_brand?post=82554"},{"taxonomy":"product_cat","embeddable":true,"href":"https:\/\/dev.mivv.com\/es\/wp-json\/wp\/v2\/product_cat?post=82554"},{"taxonomy":"product_tag","embeddable":true,"href":"https:\/\/dev.mivv.com\/es\/wp-json\/wp\/v2\/product_tag?post=82554"}],"curies":[{"name":"wp","href":"https:\/\/api.w.org\/{rel}","templated":true}]}}