{"id":82623,"date":"2026-04-15T19:34:39","date_gmt":"2026-04-15T17:34:39","guid":{"rendered":"https:\/\/dev.mivv.com\/scarico-moto\/s-063-lr1xb-suzuki-gsx-8r-2024-2024\/"},"modified":"2026-04-15T19:34:39","modified_gmt":"2026-04-15T17:34:39","slug":"s-063-lr1xb-suzuki-gsx-8r-2024-2024","status":"publish","type":"product","link":"https:\/\/dev.mivv.com\/es\/product\/s-063-lr1xb-suzuki-gsx-8r-2024-2024\/","title":{"rendered":"S.063.LR1XB \u2013 SUZUKI GSX-8R 2024 > 2024"},"content":{"rendered":"<p>Hecho para mejorar <strong>est\u00e9tica, sound y rendimiento<\/strong> de la moto, el escape slip-on Mivv nace a partir de la m\u00e1xima atenci\u00f3n al dise\u00f1o, con el objetivo de satisfacer a los que quieren <strong>distinguirse<\/strong>, tambi\u00e9n por el look de su propia moto.<\/p>\n<p>Los escapes de la l\u00ednea <strong>SR-1<\/strong> est\u00e1n dedicados principalmente a las superbike e hypernaked motocicletas. El escape <strong>SR-1<\/strong> hereda toda la experiencia ganada en los varios campeonatos mundiales <strong>MotoGp &#8211; Moto2 &#8211; Moto3<\/strong>. El escape ha sido tratado con mucha atenci\u00f3n a los detalles y garantiza un mejoramiento del <strong>look<\/strong> y de las <strong>prestaciones<\/strong> de la moto.<\/p>\n<p>Se caracteriza por un cuerpo central de <strong>acero inox negro<\/strong> con efecto <strong>\u201cBlack Moon\u201d<\/strong>, que se obtiene gracias a un proceso especial de pintura con base ceramica. Esto da al producto un <strong>look m\u00e1s agresivo<\/strong>.<\/p>\n","protected":false},"excerpt":{"rendered":"<p>HOMOLOGADO EURO 5 SOLO CON CATALIZADOR ACC.077.A1 INSTALADO. NO COMPATIBLE CON VEH\u00cdCULOS EURO 5 + EQUIPADOS CON SONDA LAMBDA DESPU\u00c9S DEL CATALIZADOR.<\/p>\n","protected":false},"featured_media":65680,"template":"","meta":{"_acf_changed":false},"product_brand":[21250,21249,21211],"product_cat":[685],"product_tag":[],"class_list":{"0":"post-82623","1":"product","2":"type-product","3":"status-publish","4":"has-post-thumbnail","6":"product_brand-2024-gsx-8r","7":"product_brand-gsx-8r","8":"product_brand-suzuki","9":"product_cat-escape-completo","11":"first","12":"instock","13":"shipping-taxable","14":"product-type-simple"},"acf":[],"_links":{"self":[{"href":"https:\/\/dev.mivv.com\/es\/wp-json\/wp\/v2\/product\/82623","targetHints":{"allow":["GET"]}}],"collection":[{"href":"https:\/\/dev.mivv.com\/es\/wp-json\/wp\/v2\/product"}],"about":[{"href":"https:\/\/dev.mivv.com\/es\/wp-json\/wp\/v2\/types\/product"}],"wp:featuredmedia":[{"embeddable":true,"href":"https:\/\/dev.mivv.com\/es\/wp-json\/wp\/v2\/media\/65680"}],"wp:attachment":[{"href":"https:\/\/dev.mivv.com\/es\/wp-json\/wp\/v2\/media?parent=82623"}],"wp:term":[{"taxonomy":"product_brand","embeddable":true,"href":"https:\/\/dev.mivv.com\/es\/wp-json\/wp\/v2\/product_brand?post=82623"},{"taxonomy":"product_cat","embeddable":true,"href":"https:\/\/dev.mivv.com\/es\/wp-json\/wp\/v2\/product_cat?post=82623"},{"taxonomy":"product_tag","embeddable":true,"href":"https:\/\/dev.mivv.com\/es\/wp-json\/wp\/v2\/product_tag?post=82623"}],"curies":[{"name":"wp","href":"https:\/\/api.w.org\/{rel}","templated":true}]}}