{"id":83729,"date":"2026-04-15T19:43:29","date_gmt":"2026-04-15T17:43:29","guid":{"rendered":"https:\/\/dev.mivv.com\/scarico-moto\/m-013-lrx-moto-guzzi-v85-tt-2025-2025\/"},"modified":"2026-04-15T19:43:29","modified_gmt":"2026-04-15T17:43:29","slug":"m-013-lrx-moto-guzzi-v85-tt-2025-2025","status":"publish","type":"product","link":"https:\/\/dev.mivv.com\/es\/product\/m-013-lrx-moto-guzzi-v85-tt-2025-2025\/","title":{"rendered":"M.013.LRX- MOTO GUZZI V85 TT 2025 > 2025"},"content":{"rendered":"<p>Hecho para mejorar <strong>est\u00e9tica, sound y rendimiento<\/strong> de la moto, el escape slip-on Mivv nace a partir de la m\u00e1xima atenci\u00f3n al dise\u00f1o, con el objetivo de satisfacer a los que quieren <strong>distinguirse<\/strong>, tambi\u00e9n por el look de su propia moto.<\/p>\n<p><strong>Dise\u00f1o moderno<\/strong> y prestaciones excelentes son las principales caracter\u00edsticas del escape SPEED EDGE, a las que se une un <strong>sound<\/strong> claramente <strong>deportivo<\/strong>.<\/p>\n<p>Con cuerpo de <strong>acero inox cepillado<\/strong> y con tapa y abrazadera de anclaje de <strong>carbono<\/strong>, el escape tiene una forma <strong>hexagonal<\/strong>.<\/p>\n","protected":false},"excerpt":{"rendered":"<p>COMPATIBLE CON MALETAS LATERALES ORIGINALES.<\/p>\n","protected":false},"featured_media":63230,"template":"","meta":{"_acf_changed":false},"product_brand":[21104,21121],"product_cat":[702],"product_tag":[],"class_list":{"0":"post-83729","1":"product","2":"type-product","3":"status-publish","4":"has-post-thumbnail","6":"product_brand-moto-guzzi","7":"product_brand-v-85-tt","8":"product_cat-slip-on","10":"first","11":"instock","12":"shipping-taxable","13":"product-type-simple"},"acf":[],"_links":{"self":[{"href":"https:\/\/dev.mivv.com\/es\/wp-json\/wp\/v2\/product\/83729","targetHints":{"allow":["GET"]}}],"collection":[{"href":"https:\/\/dev.mivv.com\/es\/wp-json\/wp\/v2\/product"}],"about":[{"href":"https:\/\/dev.mivv.com\/es\/wp-json\/wp\/v2\/types\/product"}],"wp:featuredmedia":[{"embeddable":true,"href":"https:\/\/dev.mivv.com\/es\/wp-json\/wp\/v2\/media\/63230"}],"wp:attachment":[{"href":"https:\/\/dev.mivv.com\/es\/wp-json\/wp\/v2\/media?parent=83729"}],"wp:term":[{"taxonomy":"product_brand","embeddable":true,"href":"https:\/\/dev.mivv.com\/es\/wp-json\/wp\/v2\/product_brand?post=83729"},{"taxonomy":"product_cat","embeddable":true,"href":"https:\/\/dev.mivv.com\/es\/wp-json\/wp\/v2\/product_cat?post=83729"},{"taxonomy":"product_tag","embeddable":true,"href":"https:\/\/dev.mivv.com\/es\/wp-json\/wp\/v2\/product_tag?post=83729"}],"curies":[{"name":"wp","href":"https:\/\/api.w.org\/{rel}","templated":true}]}}