{"id":83743,"date":"2026-04-15T19:43:33","date_gmt":"2026-04-15T17:43:33","guid":{"rendered":"https:\/\/dev.mivv.com\/scarico-moto\/v-003-lhb-mv-agusta-brutale-800-rr-2025-2025\/"},"modified":"2026-04-15T19:43:33","modified_gmt":"2026-04-15T17:43:33","slug":"v-003-lhb-mv-agusta-brutale-800-rr-2025-2025","status":"publish","type":"product","link":"https:\/\/dev.mivv.com\/es\/product\/v-003-lhb-mv-agusta-brutale-800-rr-2025-2025\/","title":{"rendered":"V.003.LHB \u2013 MV AGUSTA BRUTALE 800 RR 2025 > 2025"},"content":{"rendered":"<p>Hecho para mejorar <strong>est\u00e9tica, sound y rendimiento<\/strong> de la moto, el escape slip-on Mivv nace a partir de la m\u00e1xima atenci\u00f3n al dise\u00f1o, con el objetivo de satisfacer a los que quieren <strong>distinguirse<\/strong>, tambi\u00e9n por el look de su propia moto.<\/p>\n<p><strong>Dise\u00f1o moderno<\/strong> y prestaciones excelentes son las principales caracter\u00edsticas del escape SPEED EDGE, a las que se une un <strong>sound<\/strong> claramente <strong>deportivo<\/strong>.<\/p>\n<p>Con tapa y abrazadera de anclaje de <strong>carbono<\/strong>, el cuerpo central est\u00e1 fabricado en acero inox <strong>negro \u201cBlack Moon\u201d<\/strong> y da al producto un <strong>look<\/strong> agresivo. El escape tiene una forma <strong>hexagonal<\/strong>.<\/p>\n","protected":false},"excerpt":{"rendered":"<p>Tubo No-kat (encaja tanto con silenciadores MIVV como con el original). La instalaci\u00f3n de este escape requiere la reasignaci\u00f3n de la ECU. Para obtener m\u00e1s informaci\u00f3n, lea la informaci\u00f3n t\u00e9cnica en el cuadro de documentaci\u00f3n.<\/p>\n","protected":false},"featured_media":39283,"template":"","meta":{"_acf_changed":false},"product_brand":[21131,21130],"product_cat":[702],"product_tag":[],"class_list":{"0":"post-83743","1":"product","2":"type-product","3":"status-publish","4":"has-post-thumbnail","6":"product_brand-brutale-800-rr","7":"product_brand-mv-agusta","8":"product_cat-slip-on","10":"first","11":"instock","12":"shipping-taxable","13":"product-type-simple"},"acf":[],"_links":{"self":[{"href":"https:\/\/dev.mivv.com\/es\/wp-json\/wp\/v2\/product\/83743","targetHints":{"allow":["GET"]}}],"collection":[{"href":"https:\/\/dev.mivv.com\/es\/wp-json\/wp\/v2\/product"}],"about":[{"href":"https:\/\/dev.mivv.com\/es\/wp-json\/wp\/v2\/types\/product"}],"wp:featuredmedia":[{"embeddable":true,"href":"https:\/\/dev.mivv.com\/es\/wp-json\/wp\/v2\/media\/39283"}],"wp:attachment":[{"href":"https:\/\/dev.mivv.com\/es\/wp-json\/wp\/v2\/media?parent=83743"}],"wp:term":[{"taxonomy":"product_brand","embeddable":true,"href":"https:\/\/dev.mivv.com\/es\/wp-json\/wp\/v2\/product_brand?post=83743"},{"taxonomy":"product_cat","embeddable":true,"href":"https:\/\/dev.mivv.com\/es\/wp-json\/wp\/v2\/product_cat?post=83743"},{"taxonomy":"product_tag","embeddable":true,"href":"https:\/\/dev.mivv.com\/es\/wp-json\/wp\/v2\/product_tag?post=83743"}],"curies":[{"name":"wp","href":"https:\/\/api.w.org\/{rel}","templated":true}]}}