{"id":83918,"date":"2026-04-15T19:44:33","date_gmt":"2026-04-15T17:44:33","guid":{"rendered":"https:\/\/dev.mivv.com\/scarico-moto\/s-060-lrtb-suzuki-gsx-r-1300-hayabusa-2025-2026\/"},"modified":"2026-04-15T19:44:33","modified_gmt":"2026-04-15T17:44:33","slug":"s-060-lrtb-suzuki-gsx-r-1300-hayabusa-2025-2026","status":"publish","type":"product","link":"https:\/\/dev.mivv.com\/es\/product\/s-060-lrtb-suzuki-gsx-r-1300-hayabusa-2025-2026\/","title":{"rendered":"S.060.LRTB \u2013 SUZUKI GSX-R 1300 HAYABUSA 2025 > 2026"},"content":{"rendered":"<p>Hecho para mejorar <strong>est\u00e9tica, sound y rendimiento<\/strong> de la moto, el escape slip-on Mivv nace a partir de la m\u00e1xima atenci\u00f3n al dise\u00f1o, con el objetivo de satisfacer a los que quieren <strong>distinguirse<\/strong>, tambi\u00e9n por el look de su propia moto.<\/p>\n<p><strong>Dise\u00f1o moderno<\/strong> y prestaciones excelentes son las principales caracter\u00edsticas del escape SPEED EDGE, a las que se une un <strong>sound<\/strong> claramente <strong>deportivo<\/strong>.<\/p>\n<p>El silencioso, que ha sido producido con cuerpo de <strong>titanio pintado negro<\/strong>, y tapa y abrazadera de anclaje de <strong>carbono<\/strong> tiene una forma <strong>hexagonal<\/strong>.<\/p>\n","protected":false},"excerpt":{"rendered":"<p>PROTECCI\u00d3N PARACALOR EN CARBONO INCLUIDA<\/p>\n","protected":false},"featured_media":41053,"template":"","meta":{"_acf_changed":false},"product_brand":[21268,21265,21211],"product_cat":[846],"product_tag":[],"class_list":{"0":"post-83918","1":"product","2":"type-product","3":"status-publish","4":"has-post-thumbnail","6":"product_brand-2025-2026-8480","7":"product_brand-gsx-r-1300-hayabusa","8":"product_brand-suzuki","9":"product_cat-2-slip-on","11":"first","12":"instock","13":"shipping-taxable","14":"product-type-simple"},"acf":[],"_links":{"self":[{"href":"https:\/\/dev.mivv.com\/es\/wp-json\/wp\/v2\/product\/83918","targetHints":{"allow":["GET"]}}],"collection":[{"href":"https:\/\/dev.mivv.com\/es\/wp-json\/wp\/v2\/product"}],"about":[{"href":"https:\/\/dev.mivv.com\/es\/wp-json\/wp\/v2\/types\/product"}],"wp:featuredmedia":[{"embeddable":true,"href":"https:\/\/dev.mivv.com\/es\/wp-json\/wp\/v2\/media\/41053"}],"wp:attachment":[{"href":"https:\/\/dev.mivv.com\/es\/wp-json\/wp\/v2\/media?parent=83918"}],"wp:term":[{"taxonomy":"product_brand","embeddable":true,"href":"https:\/\/dev.mivv.com\/es\/wp-json\/wp\/v2\/product_brand?post=83918"},{"taxonomy":"product_cat","embeddable":true,"href":"https:\/\/dev.mivv.com\/es\/wp-json\/wp\/v2\/product_cat?post=83918"},{"taxonomy":"product_tag","embeddable":true,"href":"https:\/\/dev.mivv.com\/es\/wp-json\/wp\/v2\/product_tag?post=83918"}],"curies":[{"name":"wp","href":"https:\/\/api.w.org\/{rel}","templated":true}]}}