{"id":84107,"date":"2026-04-15T19:45:54","date_gmt":"2026-04-15T17:45:54","guid":{"rendered":"https:\/\/dev.mivv.com\/scarico-moto\/re-006-ldkb-royal-enfield-himalayan-2024-2024\/"},"modified":"2026-04-15T19:45:54","modified_gmt":"2026-04-15T17:45:54","slug":"re-006-ldkb-royal-enfield-himalayan-2024-2024","status":"publish","type":"product","link":"https:\/\/dev.mivv.com\/es\/product\/re-006-ldkb-royal-enfield-himalayan-2024-2024\/","title":{"rendered":"RE.006.LDKB &#8211; ROYAL ENFIELD HIMALAYAN 2024 > 2024"},"content":{"rendered":"<p>Hecho para mejorar <strong>est\u00e9tica, sound y rendimiento<\/strong> de la moto, el escape slip-on Mivv nace a partir de la m\u00e1xima atenci\u00f3n al dise\u00f1o, con el objetivo de satisfacer a los que quieren <strong>distinguirse<\/strong>, tambi\u00e9n por el look de su propia moto.<\/p>\n<p>El projecto del escape Dakar es el fruto de la experiencia del nuestro departimiento R&#038;D en el sector de las <strong>competiciones rally<\/strong>.<\/p>\n<p>El resultado es un <strong>escape simple pero robusto<\/strong>, que es perfecto para los que  prediligen hacer una carrera off road m\u00e0s <strong>exigente<\/strong>.<\/p>\n<p>La versi\u00f3n\u00a0<strong>black<\/strong>\u00a0se caracteriza por un cuerpo central de acero inox <strong>negro<\/strong> 304 con efecto\u00a0<strong>\u00abBlack Moon\u00bb<\/strong>\u00a0obtenido por medio de un proceso especial de pintura con <strong>ceramica<\/strong>.<\/p>\n","protected":false},"excerpt":{"rendered":"<p>Hecho para mejorar est\u00e9tica, sound y rendimiento de la moto, el escape slip-on Mivv nace a partir de la m\u00e1xima atenci\u00f3n al dise\u00f1o, con el objetivo de satisfacer a los que quieren distinguirse, tambi\u00e9n por el look de su propia moto. El projecto del escape Dakar es el fruto de la experiencia del nuestro departimiento [&hellip;]<\/p>\n","protected":false},"featured_media":64431,"template":"","meta":{"_acf_changed":false},"product_brand":[21204,21202,21201],"product_cat":[702],"product_tag":[],"class_list":{"0":"post-84107","1":"product","2":"type-product","3":"status-publish","4":"has-post-thumbnail","6":"product_brand-2024-himalayan","7":"product_brand-himalayan","8":"product_brand-royal-enfield","9":"product_cat-slip-on","11":"first","12":"instock","13":"shipping-taxable","14":"product-type-simple"},"acf":[],"_links":{"self":[{"href":"https:\/\/dev.mivv.com\/es\/wp-json\/wp\/v2\/product\/84107","targetHints":{"allow":["GET"]}}],"collection":[{"href":"https:\/\/dev.mivv.com\/es\/wp-json\/wp\/v2\/product"}],"about":[{"href":"https:\/\/dev.mivv.com\/es\/wp-json\/wp\/v2\/types\/product"}],"wp:featuredmedia":[{"embeddable":true,"href":"https:\/\/dev.mivv.com\/es\/wp-json\/wp\/v2\/media\/64431"}],"wp:attachment":[{"href":"https:\/\/dev.mivv.com\/es\/wp-json\/wp\/v2\/media?parent=84107"}],"wp:term":[{"taxonomy":"product_brand","embeddable":true,"href":"https:\/\/dev.mivv.com\/es\/wp-json\/wp\/v2\/product_brand?post=84107"},{"taxonomy":"product_cat","embeddable":true,"href":"https:\/\/dev.mivv.com\/es\/wp-json\/wp\/v2\/product_cat?post=84107"},{"taxonomy":"product_tag","embeddable":true,"href":"https:\/\/dev.mivv.com\/es\/wp-json\/wp\/v2\/product_tag?post=84107"}],"curies":[{"name":"wp","href":"https:\/\/api.w.org\/{rel}","templated":true}]}}