{"id":84233,"date":"2026-04-15T19:46:35","date_gmt":"2026-04-15T17:46:35","guid":{"rendered":"https:\/\/dev.mivv.com\/scarico-moto\/y-078-lzk-yamaha-mt-09-sp-fz-09-2024-2026\/"},"modified":"2026-04-15T19:46:35","modified_gmt":"2026-04-15T17:46:35","slug":"y-078-lzk-yamaha-mt-09-sp-fz-09-2024-2026","status":"publish","type":"product","link":"https:\/\/dev.mivv.com\/es\/product\/y-078-lzk-yamaha-mt-09-sp-fz-09-2024-2026\/","title":{"rendered":"Y.078.LZK &#8211; YAMAHA MT-09\/ SP \/ FZ-09 2024 > 2026"},"content":{"rendered":"","protected":false},"excerpt":{"rendered":"<p>PROTECTOR DE CALOR DE CARBONO INCLUIDO. HOMOLOGADO SOLO CON CATALIZADOR ACC.099.A1 INSTALADO. La instalaci\u00f3n de este sistema de escape sin el convertidor catal\u00edtico y la switch-off key puede provocar que se encienda la luz de advertencia del motor. Catalizador extra\u00edble ACC.099.A1 disponible como opci\u00f3n<\/p>\n","protected":false},"featured_media":66113,"template":"","meta":{"_acf_changed":false},"product_brand":[21410,21407,21384],"product_cat":[685],"product_tag":[],"class_list":{"0":"post-84233","1":"product","2":"type-product","3":"status-publish","4":"has-post-thumbnail","6":"product_brand-2024-2026-637","7":"product_brand-mt-09-sp-fz-09","8":"product_brand-yamaha","9":"product_cat-escape-completo","11":"first","12":"instock","13":"shipping-taxable","14":"product-type-simple"},"acf":[],"_links":{"self":[{"href":"https:\/\/dev.mivv.com\/es\/wp-json\/wp\/v2\/product\/84233","targetHints":{"allow":["GET"]}}],"collection":[{"href":"https:\/\/dev.mivv.com\/es\/wp-json\/wp\/v2\/product"}],"about":[{"href":"https:\/\/dev.mivv.com\/es\/wp-json\/wp\/v2\/types\/product"}],"wp:featuredmedia":[{"embeddable":true,"href":"https:\/\/dev.mivv.com\/es\/wp-json\/wp\/v2\/media\/66113"}],"wp:attachment":[{"href":"https:\/\/dev.mivv.com\/es\/wp-json\/wp\/v2\/media?parent=84233"}],"wp:term":[{"taxonomy":"product_brand","embeddable":true,"href":"https:\/\/dev.mivv.com\/es\/wp-json\/wp\/v2\/product_brand?post=84233"},{"taxonomy":"product_cat","embeddable":true,"href":"https:\/\/dev.mivv.com\/es\/wp-json\/wp\/v2\/product_cat?post=84233"},{"taxonomy":"product_tag","embeddable":true,"href":"https:\/\/dev.mivv.com\/es\/wp-json\/wp\/v2\/product_tag?post=84233"}],"curies":[{"name":"wp","href":"https:\/\/api.w.org\/{rel}","templated":true}]}}