{"id":84933,"date":"2026-04-15T19:51:08","date_gmt":"2026-04-15T17:51:08","guid":{"rendered":"https:\/\/dev.mivv.com\/scarico-moto\/y-081-k4k-yamaha-tracer-9-gt-gt-2025-2026\/"},"modified":"2026-04-15T19:51:08","modified_gmt":"2026-04-15T17:51:08","slug":"y-081-k4k-yamaha-tracer-9-gt-gt-2025-2026","status":"publish","type":"product","link":"https:\/\/dev.mivv.com\/es\/product\/y-081-k4k-yamaha-tracer-9-gt-gt-2025-2026\/","title":{"rendered":"Y.081.K4K &#8211; YAMAHA TRACER 9 \/ GT \/ GT+ 2025 > 2026"},"content":{"rendered":"","protected":false},"excerpt":{"rendered":"<p>Catalizador ACC.099.A1 incluido. Homologado E5+ (Reg.EC-UE 134\/2014). Tras la instalaci\u00f3n de este sistema de escape, es posible que se encienda la luz indicadora del motor (MIL). En tal caso, la instalaci\u00f3n opcional de la Switch-Off Key resolver\u00eda el inconveniente. Para m\u00e1s informaci\u00f3n, consulte la secci\u00f3n \u201cOptional Parts\u201d.<\/p>\n","protected":false},"featured_media":30628,"template":"","meta":{"_acf_changed":false},"product_brand":[21442,21440,21384],"product_cat":[685],"product_tag":[],"class_list":{"0":"post-84933","1":"product","2":"type-product","3":"status-publish","4":"has-post-thumbnail","6":"product_brand-2025-2026-10014","7":"product_brand-tracer-9-gt-gt","8":"product_brand-yamaha","9":"product_cat-escape-completo","11":"first","12":"instock","13":"shipping-taxable","14":"product-type-simple"},"acf":[],"_links":{"self":[{"href":"https:\/\/dev.mivv.com\/es\/wp-json\/wp\/v2\/product\/84933","targetHints":{"allow":["GET"]}}],"collection":[{"href":"https:\/\/dev.mivv.com\/es\/wp-json\/wp\/v2\/product"}],"about":[{"href":"https:\/\/dev.mivv.com\/es\/wp-json\/wp\/v2\/types\/product"}],"wp:featuredmedia":[{"embeddable":true,"href":"https:\/\/dev.mivv.com\/es\/wp-json\/wp\/v2\/media\/30628"}],"wp:attachment":[{"href":"https:\/\/dev.mivv.com\/es\/wp-json\/wp\/v2\/media?parent=84933"}],"wp:term":[{"taxonomy":"product_brand","embeddable":true,"href":"https:\/\/dev.mivv.com\/es\/wp-json\/wp\/v2\/product_brand?post=84933"},{"taxonomy":"product_cat","embeddable":true,"href":"https:\/\/dev.mivv.com\/es\/wp-json\/wp\/v2\/product_cat?post=84933"},{"taxonomy":"product_tag","embeddable":true,"href":"https:\/\/dev.mivv.com\/es\/wp-json\/wp\/v2\/product_tag?post=84933"}],"curies":[{"name":"wp","href":"https:\/\/api.w.org\/{rel}","templated":true}]}}