{"id":86018,"date":"2026-04-15T19:57:51","date_gmt":"2026-04-15T17:57:51","guid":{"rendered":"https:\/\/dev.mivv.com\/scarico-moto\/cf-010-lzk-cf-moto-675sr-r-2025-2026\/"},"modified":"2026-04-15T19:57:51","modified_gmt":"2026-04-15T17:57:51","slug":"cf-010-lzk-cf-moto-675sr-r-2025-2026","status":"publish","type":"product","link":"https:\/\/dev.mivv.com\/es\/product\/cf-010-lzk-cf-moto-675sr-r-2025-2026\/","title":{"rendered":"CF.010.LZK &#8211; CF MOTO 675SR-R  2025 > 2026"},"content":{"rendered":"","protected":false},"excerpt":{"rendered":"<p>HOMOLOGADO SOLO CON CATALIZADOR ACC.099.A1 INSTALADO. La instalaci\u00f3n de este sistema de escape sin el convertidor catal\u00edtico y la switch-off key puede provocar que se encienda la luz de advertencia del motor. Catalizador extra\u00edble ACC.099.A1 disponible como opci\u00f3n<\/p>\n","protected":false},"featured_media":66113,"template":"","meta":{"_acf_changed":false},"product_brand":[20528,20527,20510],"product_cat":[685],"product_tag":[],"class_list":{"0":"post-86018","1":"product","2":"type-product","3":"status-publish","4":"has-post-thumbnail","6":"product_brand-2025-675sr-r","7":"product_brand-675sr-r","8":"product_brand-cf-moto","9":"product_cat-escape-completo","11":"first","12":"instock","13":"shipping-taxable","14":"product-type-simple"},"acf":[],"_links":{"self":[{"href":"https:\/\/dev.mivv.com\/es\/wp-json\/wp\/v2\/product\/86018","targetHints":{"allow":["GET"]}}],"collection":[{"href":"https:\/\/dev.mivv.com\/es\/wp-json\/wp\/v2\/product"}],"about":[{"href":"https:\/\/dev.mivv.com\/es\/wp-json\/wp\/v2\/types\/product"}],"wp:featuredmedia":[{"embeddable":true,"href":"https:\/\/dev.mivv.com\/es\/wp-json\/wp\/v2\/media\/66113"}],"wp:attachment":[{"href":"https:\/\/dev.mivv.com\/es\/wp-json\/wp\/v2\/media?parent=86018"}],"wp:term":[{"taxonomy":"product_brand","embeddable":true,"href":"https:\/\/dev.mivv.com\/es\/wp-json\/wp\/v2\/product_brand?post=86018"},{"taxonomy":"product_cat","embeddable":true,"href":"https:\/\/dev.mivv.com\/es\/wp-json\/wp\/v2\/product_cat?post=86018"},{"taxonomy":"product_tag","embeddable":true,"href":"https:\/\/dev.mivv.com\/es\/wp-json\/wp\/v2\/product_tag?post=86018"}],"curies":[{"name":"wp","href":"https:\/\/api.w.org\/{rel}","templated":true}]}}