{"id":92855,"date":"2026-04-21T13:41:57","date_gmt":"2026-04-21T11:41:57","guid":{"rendered":"https:\/\/dev.mivv.com\/scarico-moto\/h-055-l2s-honda-cb-650-f-2014-2018\/"},"modified":"2026-04-21T13:41:57","modified_gmt":"2026-04-21T11:41:57","slug":"h-055-l2s-honda-cb-650-f-2014-2018","status":"publish","type":"product","link":"https:\/\/dev.mivv.com\/es\/product\/h-055-l2s-honda-cb-650-f-2014-2018\/","title":{"rendered":"H.055.L2S &#8211; Honda CB 650 F 2014 > 2018"},"content":{"rendered":"<p>Hecho para mejorar <strong>est\u00e9tica, sound y rendimiento<\/strong> de la moto, el escape slip-on Mivv nace a partir de la m\u00e1xima atenci\u00f3n al dise\u00f1o, con el objetivo de satisfacer a los que quieren <strong>distinguirse<\/strong>, tambi\u00e9n por el look de su propia moto.<\/p>\n<p>Fabricado utilizando las soluciones t\u00e9cnicas de los escapes <strong>de competici\u00f3n<\/strong>, el escape GP es un silenciador redondo corto con boquillas agrandadas.<\/p>\n<p>El cuerpo central est\u00e1 fabricado en <strong>carbono<\/strong>, material que da al silenciador ligereza y <strong>deportividad<\/strong>.<\/p>\n","protected":false},"excerpt":{"rendered":"<p>Hecho para mejorar est\u00e9tica, sound y rendimiento de la moto, el escape slip-on Mivv nace a partir de la m\u00e1xima atenci\u00f3n al dise\u00f1o, con el objetivo de satisfacer a los que quieren distinguirse, tambi\u00e9n por el look de su propia moto. Fabricado utilizando las soluciones t\u00e9cnicas de los escapes de competici\u00f3n, el escape GP es [&hellip;]<\/p>\n","protected":false},"featured_media":25116,"template":"","meta":{"_acf_changed":false},"product_brand":[24023,24016,23848],"product_cat":[685],"product_tag":[],"class_list":{"0":"post-92855","1":"product","2":"type-product","3":"status-publish","4":"has-post-thumbnail","6":"product_brand-2014-2018-cb-650-f","7":"product_brand-cb-650-f","8":"product_brand-honda","9":"product_cat-escape-completo","11":"first","12":"instock","13":"shipping-taxable","14":"product-type-simple"},"acf":[],"_links":{"self":[{"href":"https:\/\/dev.mivv.com\/es\/wp-json\/wp\/v2\/product\/92855","targetHints":{"allow":["GET"]}}],"collection":[{"href":"https:\/\/dev.mivv.com\/es\/wp-json\/wp\/v2\/product"}],"about":[{"href":"https:\/\/dev.mivv.com\/es\/wp-json\/wp\/v2\/types\/product"}],"wp:featuredmedia":[{"embeddable":true,"href":"https:\/\/dev.mivv.com\/es\/wp-json\/wp\/v2\/media\/25116"}],"wp:attachment":[{"href":"https:\/\/dev.mivv.com\/es\/wp-json\/wp\/v2\/media?parent=92855"}],"wp:term":[{"taxonomy":"product_brand","embeddable":true,"href":"https:\/\/dev.mivv.com\/es\/wp-json\/wp\/v2\/product_brand?post=92855"},{"taxonomy":"product_cat","embeddable":true,"href":"https:\/\/dev.mivv.com\/es\/wp-json\/wp\/v2\/product_cat?post=92855"},{"taxonomy":"product_tag","embeddable":true,"href":"https:\/\/dev.mivv.com\/es\/wp-json\/wp\/v2\/product_tag?post=92855"}],"curies":[{"name":"wp","href":"https:\/\/api.w.org\/{rel}","templated":true}]}}