{"id":93289,"date":"2026-04-21T13:44:31","date_gmt":"2026-04-21T11:44:31","guid":{"rendered":"https:\/\/dev.mivv.com\/scarico-moto\/b-004-lgs-bmw-r-1200-gs-adventure-2008-2009\/"},"modified":"2026-04-21T13:44:31","modified_gmt":"2026-04-21T11:44:31","slug":"b-004-lgs-bmw-r-1200-gs-adventure-2008-2009","status":"publish","type":"product","link":"https:\/\/dev.mivv.com\/es\/product\/b-004-lgs-bmw-r-1200-gs-adventure-2008-2009\/","title":{"rendered":"B.004.LGS &#8211; BMW R 1200 GS \/ ADVENTURE 2008 > 2009"},"content":{"rendered":"<p>Hecho para mejorar <strong>est\u00e9tica, sound y rendimiento<\/strong> de la moto, el escape slip-on Mivv nace a partir de la m\u00e1xima atenci\u00f3n al dise\u00f1o, con el objetivo de satisfacer a los que quieren <strong>distinguirse<\/strong>, tambi\u00e9n por el look de su propia moto.<\/p>\n<p><strong>Dise\u00f1o moderno<\/strong> y prestaciones excelentes son las principales caracter\u00edsticas del escape SPEED EDGE, a las que se une un <strong>sound<\/strong> claramente <strong>deportivo<\/strong>.<\/p>\n<p>El silencioso, que ha sido producido con cuerpo de <strong>titanio<\/strong>, y tapa y abrazedera de anclaje de <strong>carbono<\/strong> tiene una forma <strong>hexagonal<\/strong>.<\/p>\n","protected":false},"excerpt":{"rendered":"<p>Hecho para mejorar est\u00e9tica, sound y rendimiento de la moto, el escape slip-on Mivv nace a partir de la m\u00e1xima atenci\u00f3n al dise\u00f1o, con el objetivo de satisfacer a los que quieren distinguirse, tambi\u00e9n por el look de su propia moto. Dise\u00f1o moderno y prestaciones excelentes son las principales caracter\u00edsticas del escape SPEED EDGE, a [&hellip;]<\/p>\n","protected":false},"featured_media":7643,"template":"","meta":{"_acf_changed":false},"product_brand":[22392,22105,22378],"product_cat":[702],"product_tag":[],"class_list":{"0":"post-93289","1":"product","2":"type-product","3":"status-publish","4":"has-post-thumbnail","6":"product_brand-2008-2009-r-1200-gs","7":"product_brand-bmw","8":"product_brand-r-1200-gs","9":"product_cat-slip-on","11":"first","12":"instock","13":"shipping-taxable","14":"product-type-simple"},"acf":[],"_links":{"self":[{"href":"https:\/\/dev.mivv.com\/es\/wp-json\/wp\/v2\/product\/93289","targetHints":{"allow":["GET"]}}],"collection":[{"href":"https:\/\/dev.mivv.com\/es\/wp-json\/wp\/v2\/product"}],"about":[{"href":"https:\/\/dev.mivv.com\/es\/wp-json\/wp\/v2\/types\/product"}],"wp:featuredmedia":[{"embeddable":true,"href":"https:\/\/dev.mivv.com\/es\/wp-json\/wp\/v2\/media\/7643"}],"wp:attachment":[{"href":"https:\/\/dev.mivv.com\/es\/wp-json\/wp\/v2\/media?parent=93289"}],"wp:term":[{"taxonomy":"product_brand","embeddable":true,"href":"https:\/\/dev.mivv.com\/es\/wp-json\/wp\/v2\/product_brand?post=93289"},{"taxonomy":"product_cat","embeddable":true,"href":"https:\/\/dev.mivv.com\/es\/wp-json\/wp\/v2\/product_cat?post=93289"},{"taxonomy":"product_tag","embeddable":true,"href":"https:\/\/dev.mivv.com\/es\/wp-json\/wp\/v2\/product_tag?post=93289"}],"curies":[{"name":"wp","href":"https:\/\/api.w.org\/{rel}","templated":true}]}}