{"id":95368,"date":"2026-04-21T13:58:56","date_gmt":"2026-04-21T11:58:56","guid":{"rendered":"https:\/\/dev.mivv.com\/scarico-moto\/d-037-ldgx-ducati-multistrada-950-s-2017-2021\/"},"modified":"2026-04-21T13:58:56","modified_gmt":"2026-04-21T11:58:56","slug":"d-037-ldgx-ducati-multistrada-950-s-2017-2021","status":"publish","type":"product","link":"https:\/\/dev.mivv.com\/es\/product\/d-037-ldgx-ducati-multistrada-950-s-2017-2021\/","title":{"rendered":"D.037.LDGX \u2013 DUCATI MULTISTRADA 950 \/ S  2017 > 2021"},"content":{"rendered":"<p>Hecho para mejorar <strong>est\u00e9tica, sound y rendimiento<\/strong> de la moto, el escape slip-on Mivv nace a partir de la m\u00e1xima atenci\u00f3n al dise\u00f1o, con el objetivo de satisfacer a los que quieren <strong>distinguirse<\/strong>, tambi\u00e9n por el look de su propia moto.<\/p>\n<p>DOUBLE GUN es un producto muy <strong>ligero<\/strong> y con un look minimal. Agresivo y muy <strong>corto<\/strong>, est\u00e1 totalmente hecho de <strong>acero inox<\/strong> con <strong>look<\/strong>  effecto <strong>\u00abpearled\u00bb<\/strong>, que ha sido obtenido gracias a un proceso especial de manufactura <\/p>\n","protected":false},"excerpt":{"rendered":"<p>Hecho para mejorar est\u00e9tica, sound y rendimiento de la moto, el escape slip-on Mivv nace a partir de la m\u00e1xima atenci\u00f3n al dise\u00f1o, con el objetivo de satisfacer a los que quieren distinguirse, tambi\u00e9n por el look de su propia moto. DOUBLE GUN es un producto muy ligero y con un look minimal. Agresivo y [&hellip;]<\/p>\n","protected":false},"featured_media":63626,"template":"","meta":{"_acf_changed":false},"product_brand":[23323,22770,23316],"product_cat":[702],"product_tag":[],"class_list":{"0":"post-95368","1":"product","2":"type-product","3":"status-publish","4":"has-post-thumbnail","6":"product_brand-2017-multistrada-950","7":"product_brand-ducati","8":"product_brand-multistrada-950-s","9":"product_cat-slip-on","11":"first","12":"instock","13":"shipping-taxable","14":"product-type-simple"},"acf":[],"_links":{"self":[{"href":"https:\/\/dev.mivv.com\/es\/wp-json\/wp\/v2\/product\/95368","targetHints":{"allow":["GET"]}}],"collection":[{"href":"https:\/\/dev.mivv.com\/es\/wp-json\/wp\/v2\/product"}],"about":[{"href":"https:\/\/dev.mivv.com\/es\/wp-json\/wp\/v2\/types\/product"}],"wp:featuredmedia":[{"embeddable":true,"href":"https:\/\/dev.mivv.com\/es\/wp-json\/wp\/v2\/media\/63626"}],"wp:attachment":[{"href":"https:\/\/dev.mivv.com\/es\/wp-json\/wp\/v2\/media?parent=95368"}],"wp:term":[{"taxonomy":"product_brand","embeddable":true,"href":"https:\/\/dev.mivv.com\/es\/wp-json\/wp\/v2\/product_brand?post=95368"},{"taxonomy":"product_cat","embeddable":true,"href":"https:\/\/dev.mivv.com\/es\/wp-json\/wp\/v2\/product_cat?post=95368"},{"taxonomy":"product_tag","embeddable":true,"href":"https:\/\/dev.mivv.com\/es\/wp-json\/wp\/v2\/product_tag?post=95368"}],"curies":[{"name":"wp","href":"https:\/\/api.w.org\/{rel}","templated":true}]}}