{"id":97958,"date":"2026-04-21T14:19:28","date_gmt":"2026-04-21T12:19:28","guid":{"rendered":"https:\/\/dev.mivv.com\/scarico-moto\/r-du-0004-sc4t-ducati-panigale-v2-2020-2024\/"},"modified":"2026-04-21T14:19:28","modified_gmt":"2026-04-21T12:19:28","slug":"r-du-0004-sc4t-ducati-panigale-v2-2020-2024","status":"publish","type":"product","link":"https:\/\/dev.mivv.com\/es\/product\/r-du-0004-sc4t-ducati-panigale-v2-2020-2024\/","title":{"rendered":"R.DU.0004.SC4T \u2013 DUCATI PANIGALE V2  2020 > 2024"},"content":{"rendered":"<p>Los <strong>escapes completos<\/strong> representan la expresi\u00f3n m\u00e1xima de la <strong>tecnolog\u00eda Mivv<\/strong>. Cada uno de los productos se prueba en nuestros bancos de prueba prestando mucha atenci\u00f3n a las prestaciones del motor, con el fin de obtener el m\u00e1ximo <strong>rendimiento<\/strong> posible.<\/p>\n<p>La versi\u00f3n <strong>EVO<\/strong>, que se dirige al mundo del racing, es la <strong>l\u00ednea de excelencia<\/strong> de los escapes completos Mivv, nacida para satisfacer las exigencias de los <strong>team<\/strong> ocupados en los distintos campeonatos. Desarrollada gracias a la experiencia adquirida en el mundo de las competiciones al m\u00e1ximo nivel, como la <strong>MotoGP<\/strong>, la versi\u00f3n Evo est\u00e1 fabricada completamente en <strong>titanio<\/strong> grado 1 con soldaduras de los componentes efectuadas exclusivamente con TIG.<\/p>\n<p> Estas son las <strong>ventajas<\/strong> de nuestros escapes completos: m\u00e1ximo <strong>rendimiento<\/strong>; materiales de elevada fiabilidad; <strong>ahorro de peso; facilidad<\/strong> de montaje.<\/p>\n","protected":false},"excerpt":{"rendered":"<p>NO HOMOLOGADO Para mejorar las prestaciones ,le recomendamos que vuelva a mapar la centralita. La configuraci\u00f3n del mapa estar\u00e1 en breve disponibile Emisiones sonoras con db killer: 102 db (A) @5000 rpm<\/p>\n","protected":false},"featured_media":9708,"template":"","meta":{"_acf_changed":false},"product_brand":[23379,22770,23372],"product_cat":[981],"product_tag":[],"class_list":{"0":"post-97958","1":"product","2":"type-product","3":"status-publish","4":"has-post-thumbnail","6":"product_brand-2020-panigale-v2","7":"product_brand-ducati","8":"product_brand-panigale-v2","9":"product_cat-escape-completo-evo","11":"first","12":"instock","13":"shipping-taxable","14":"product-type-simple"},"acf":[],"_links":{"self":[{"href":"https:\/\/dev.mivv.com\/es\/wp-json\/wp\/v2\/product\/97958","targetHints":{"allow":["GET"]}}],"collection":[{"href":"https:\/\/dev.mivv.com\/es\/wp-json\/wp\/v2\/product"}],"about":[{"href":"https:\/\/dev.mivv.com\/es\/wp-json\/wp\/v2\/types\/product"}],"wp:featuredmedia":[{"embeddable":true,"href":"https:\/\/dev.mivv.com\/es\/wp-json\/wp\/v2\/media\/9708"}],"wp:attachment":[{"href":"https:\/\/dev.mivv.com\/es\/wp-json\/wp\/v2\/media?parent=97958"}],"wp:term":[{"taxonomy":"product_brand","embeddable":true,"href":"https:\/\/dev.mivv.com\/es\/wp-json\/wp\/v2\/product_brand?post=97958"},{"taxonomy":"product_cat","embeddable":true,"href":"https:\/\/dev.mivv.com\/es\/wp-json\/wp\/v2\/product_cat?post=97958"},{"taxonomy":"product_tag","embeddable":true,"href":"https:\/\/dev.mivv.com\/es\/wp-json\/wp\/v2\/product_tag?post=97958"}],"curies":[{"name":"wp","href":"https:\/\/api.w.org\/{rel}","templated":true}]}}