{"id":98511,"date":"2026-04-21T14:24:05","date_gmt":"2026-04-21T12:24:05","guid":{"rendered":"https:\/\/dev.mivv.com\/scarico-moto\/x-ap-0001-sc4t-aprilia-tuono-660-2021-2024\/"},"modified":"2026-04-21T14:24:05","modified_gmt":"2026-04-21T12:24:05","slug":"x-ap-0001-sc4t-aprilia-tuono-660-2021-2024","status":"publish","type":"product","link":"https:\/\/dev.mivv.com\/es\/product\/x-ap-0001-sc4t-aprilia-tuono-660-2021-2024\/","title":{"rendered":"X.AP.0001.SC4T- APRILIA TUONO 660 2021 > 2024"},"content":{"rendered":"<p>Los <strong>escapes completos<\/strong> representan la expresi\u00f3n m\u00e1xima de la <strong>tecnolog\u00eda Mivv<\/strong>. Cada uno de los productos se prueba en nuestros bancos de prueba prestando mucha atenci\u00f3n a las prestaciones del motor, con el fin de obtener el m\u00e1ximo <strong>rendimiento<\/strong> posible.<\/p>\n<p>La versione <strong>STEEL<\/strong> \u00e8 la linea di scarichi completi Mivv che si differenzia rispetto alla Evo solo per il tipo di <strong>materiale<\/strong> utilizzato. Infatti sono realizzati <strong>in acciaio inox<\/strong> con spessore 1 mm, anzich\u00e9 in titanio.<br \/>\n                                    Questi i <strong>vantaggi<\/strong> dei nostri scarichi completi: il massimo delle <strong>prestazioni<\/strong>; materiali di altissima <strong>affidabilit\u00e0<\/strong>; risparmio di peso; <strong>facilit\u00e0<\/strong> di montaggio.<\/p>\n","protected":false},"excerpt":{"rendered":"<p>NO HOMOLOGADO Emisiones sonoras con db killer: 107 db (A) @ 5500 rpm<\/p>\n","protected":false},"featured_media":5714,"template":"","meta":{"_acf_changed":false},"product_brand":[21839,21566,21832],"product_cat":[20059],"product_tag":[],"class_list":{"0":"post-98511","1":"product","2":"type-product","3":"status-publish","4":"has-post-thumbnail","6":"product_brand-2021-tuono-660","7":"product_brand-aprilia","8":"product_brand-tuono-660","9":"product_cat-escape-completo-steel","11":"first","12":"instock","13":"shipping-taxable","14":"product-type-simple"},"acf":[],"_links":{"self":[{"href":"https:\/\/dev.mivv.com\/es\/wp-json\/wp\/v2\/product\/98511","targetHints":{"allow":["GET"]}}],"collection":[{"href":"https:\/\/dev.mivv.com\/es\/wp-json\/wp\/v2\/product"}],"about":[{"href":"https:\/\/dev.mivv.com\/es\/wp-json\/wp\/v2\/types\/product"}],"wp:featuredmedia":[{"embeddable":true,"href":"https:\/\/dev.mivv.com\/es\/wp-json\/wp\/v2\/media\/5714"}],"wp:attachment":[{"href":"https:\/\/dev.mivv.com\/es\/wp-json\/wp\/v2\/media?parent=98511"}],"wp:term":[{"taxonomy":"product_brand","embeddable":true,"href":"https:\/\/dev.mivv.com\/es\/wp-json\/wp\/v2\/product_brand?post=98511"},{"taxonomy":"product_cat","embeddable":true,"href":"https:\/\/dev.mivv.com\/es\/wp-json\/wp\/v2\/product_cat?post=98511"},{"taxonomy":"product_tag","embeddable":true,"href":"https:\/\/dev.mivv.com\/es\/wp-json\/wp\/v2\/product_tag?post=98511"}],"curies":[{"name":"wp","href":"https:\/\/api.w.org\/{rel}","templated":true}]}}