{"id":98812,"date":"2026-04-21T14:26:42","date_gmt":"2026-04-21T12:26:42","guid":{"rendered":"https:\/\/dev.mivv.com\/scarico-moto\/a-016-ldrc-aprilia-rsv4-2017-2020\/"},"modified":"2026-04-21T14:26:42","modified_gmt":"2026-04-21T12:26:42","slug":"a-016-ldrc-aprilia-rsv4-2017-2020","status":"publish","type":"product","link":"https:\/\/dev.mivv.com\/es\/product\/a-016-ldrc-aprilia-rsv4-2017-2020\/","title":{"rendered":"A.016.LDRC &#8211; APRILIA RSV4  2017 > 2020"},"content":{"rendered":"<p>Hecho para mejorar <strong>est\u00e9tica, sound y rendimiento<\/strong> de la moto, el escape slip-on Mivv nace a partir de la m\u00e1xima atenci\u00f3n al dise\u00f1o, con el objetivo de satisfacer a los que quieren <strong>distinguirse<\/strong>, tambi\u00e9n por el look de su propia moto.<\/p>\n<p>El escape DELTA RACE se caracteriza por una <strong> forma exclusiva<\/strong>  que, a trav\u00e9s de una transformaci\u00f3n gradual se hace de forma c\u00f3nica a <strong>hexagonal<\/strong> . Hay muchos detalles que hacen el estilo \u00fanico, como la tapa en carbono twill 3K; la abrazadera perimetral con <strong>doble remachado<\/strong> ; el casquillo de entrada fabricado solidamente, para ofrecer la maxima precisi\u00f3n de enganche. En el terminal est\u00e1 el caracteristico logo Mivv realizado por la tecnolog\u00eda Laser.<\/p>\n<p>Se caracteriza por un cuerpo central de\u00a0<strong>carbono con manufactura brillante<\/strong>. Esto es el producto\u00a0<strong>ideal para los que exigen lo mejor en look y tecnolog\u00eda.<\/strong><\/p>\n","protected":false},"excerpt":{"rendered":"<p>HOMOLOGADO EURO 4 SOLO CON CATALIZADOR ACC.045.A1 INSTALADO. LOS CABLES DE LA V\u00c1LVULA DEBEN SER RETIRADOS. PARA M\u00c1S INFORMACI\u00d3N, LEA LA INFORMACI\u00d3N T\u00c9CNICA EN EL CUADRO DE DOCUMENTACI\u00d3N.<\/p>\n","protected":false},"featured_media":64968,"template":"","meta":{"_acf_changed":false},"product_brand":[21706,21566,21692],"product_cat":[702],"product_tag":[],"class_list":{"0":"post-98812","1":"product","2":"type-product","3":"status-publish","4":"has-post-thumbnail","6":"product_brand-2017-2020-rsv-4","7":"product_brand-aprilia","8":"product_brand-rsv4","9":"product_cat-slip-on","11":"first","12":"instock","13":"shipping-taxable","14":"product-type-simple"},"acf":[],"_links":{"self":[{"href":"https:\/\/dev.mivv.com\/es\/wp-json\/wp\/v2\/product\/98812","targetHints":{"allow":["GET"]}}],"collection":[{"href":"https:\/\/dev.mivv.com\/es\/wp-json\/wp\/v2\/product"}],"about":[{"href":"https:\/\/dev.mivv.com\/es\/wp-json\/wp\/v2\/types\/product"}],"wp:featuredmedia":[{"embeddable":true,"href":"https:\/\/dev.mivv.com\/es\/wp-json\/wp\/v2\/media\/64968"}],"wp:attachment":[{"href":"https:\/\/dev.mivv.com\/es\/wp-json\/wp\/v2\/media?parent=98812"}],"wp:term":[{"taxonomy":"product_brand","embeddable":true,"href":"https:\/\/dev.mivv.com\/es\/wp-json\/wp\/v2\/product_brand?post=98812"},{"taxonomy":"product_cat","embeddable":true,"href":"https:\/\/dev.mivv.com\/es\/wp-json\/wp\/v2\/product_cat?post=98812"},{"taxonomy":"product_tag","embeddable":true,"href":"https:\/\/dev.mivv.com\/es\/wp-json\/wp\/v2\/product_tag?post=98812"}],"curies":[{"name":"wp","href":"https:\/\/api.w.org\/{rel}","templated":true}]}}