{"id":98875,"date":"2026-04-21T14:27:10","date_gmt":"2026-04-21T12:27:10","guid":{"rendered":"https:\/\/dev.mivv.com\/scarico-moto\/acc-045-a1-aprilia-rsv4-2017-2020\/"},"modified":"2026-04-21T14:27:10","modified_gmt":"2026-04-21T12:27:10","slug":"acc-045-a1-aprilia-rsv4-2017-2020","status":"publish","type":"product","link":"https:\/\/dev.mivv.com\/es\/product\/acc-045-a1-aprilia-rsv4-2017-2020\/","title":{"rendered":"ACC.045.A1 &#8211; APRILIA RSV4 2017 > 2020"},"content":{"rendered":"<p>Mivv utiliza catalizadores met\u00e1licos con el fin de garantizar a tu moto una mejor\u00eda de las performance y del sound.<br \/>\n\u00c9stos catalizadores est\u00e1n estudiados para obtener una adecuada disminuci\u00f3n de los gases contaminantes convirtiendo el escape en versi\u00f3n homologada seg\u00fan las normativas vigentes.<\/p>\n","protected":false},"excerpt":{"rendered":"<p>SE ADAPTA S\u00d3LO AL CODIGO A.016.LDRC<\/p>\n","protected":false},"featured_media":63272,"template":"","meta":{"_acf_changed":false},"product_brand":[21706,21566,21692],"product_cat":[691],"product_tag":[],"class_list":{"0":"post-98875","1":"product","2":"type-product","3":"status-publish","4":"has-post-thumbnail","6":"product_brand-2017-2020-rsv-4","7":"product_brand-aprilia","8":"product_brand-rsv4","9":"product_cat-catalizador","11":"first","12":"instock","13":"shipping-taxable","14":"product-type-simple"},"acf":[],"_links":{"self":[{"href":"https:\/\/dev.mivv.com\/es\/wp-json\/wp\/v2\/product\/98875","targetHints":{"allow":["GET"]}}],"collection":[{"href":"https:\/\/dev.mivv.com\/es\/wp-json\/wp\/v2\/product"}],"about":[{"href":"https:\/\/dev.mivv.com\/es\/wp-json\/wp\/v2\/types\/product"}],"wp:featuredmedia":[{"embeddable":true,"href":"https:\/\/dev.mivv.com\/es\/wp-json\/wp\/v2\/media\/63272"}],"wp:attachment":[{"href":"https:\/\/dev.mivv.com\/es\/wp-json\/wp\/v2\/media?parent=98875"}],"wp:term":[{"taxonomy":"product_brand","embeddable":true,"href":"https:\/\/dev.mivv.com\/es\/wp-json\/wp\/v2\/product_brand?post=98875"},{"taxonomy":"product_cat","embeddable":true,"href":"https:\/\/dev.mivv.com\/es\/wp-json\/wp\/v2\/product_cat?post=98875"},{"taxonomy":"product_tag","embeddable":true,"href":"https:\/\/dev.mivv.com\/es\/wp-json\/wp\/v2\/product_tag?post=98875"}],"curies":[{"name":"wp","href":"https:\/\/api.w.org\/{rel}","templated":true}]}}