{"id":99071,"date":"2026-04-21T14:28:32","date_gmt":"2026-04-21T12:28:32","guid":{"rendered":"https:\/\/dev.mivv.com\/scarico-moto\/m-ho-034-c1-honda-crf-450-r-2021-2024\/"},"modified":"2026-04-21T14:28:32","modified_gmt":"2026-04-21T12:28:32","slug":"m-ho-034-c1-honda-crf-450-r-2021-2024","status":"publish","type":"product","link":"https:\/\/dev.mivv.com\/es\/product\/m-ho-034-c1-honda-crf-450-r-2021-2024\/","title":{"rendered":"M.HO.034.C1- HONDA CRF 450 R 2021 > 2024"},"content":{"rendered":"<p>Este tubo colector garantiza el <strong>mejor rendimiento<\/strong>, si est\u00e1 montado con el escape slip on mivv.<\/p>\n<p>Este tubo colector es de <strong>acero inox 304<\/strong>; los diametros utilizados garantizan el <strong>mejor rendimiento<\/strong> por todo el n\u00famero de revoluciones. Hay tambi\u00e9n un <strong>power-bomb<\/strong>, que ha sido projectado para garantizar un <strong>rendimiento<\/strong> mejor e y un mejor <strong>nivel de sonido<\/strong>.<\/p>\n<p>El colector est\u00e1 equipado con una junta a la <strong>sonda lambda<\/strong>, para realizar en caso, operaciones en la electr\u00f3nica; ademas no tiene ningun catalizador, si esto est\u00e1 ja en el tubo de serie. El colector mivv no necesita ninguna <strong>reprogramaci\u00f3n de la centralita(remapping)<\/strong>. El desarollo ha sido hecho <strong>sin alguna modifica<\/strong> a la electr\u00f3nica.<\/p>\n<p>El tubo tiene un <strong>soporte soldado<\/strong>, que hace posible fijar el tubo al cuadro. El tubo puede <strong>intercambiarse<\/strong> con el tubo de serie.<\/p>\n<p>Este producto puede utilizarse solo en pista o en rutas cerradas; ha sido proyectado para adecuarse a la moto <strong>equipada de serie<\/strong> que tiene las mismas caracter\u00edsticas de la moto de la sociedad matriz, sin ningun cambio.<\/p>\n","protected":false},"excerpt":{"rendered":"<p>Los valores del banco de pruebas se refieren a la configuraci\u00f3n de silenciador + colector de competici\u00f3n. Ruido: 114 db<\/p>\n","protected":false},"featured_media":25596,"template":"","meta":{"_acf_changed":false},"product_brand":[24408,24401,23848],"product_cat":[4358],"product_tag":[],"class_list":{"0":"post-99071","1":"product","2":"type-product","3":"status-publish","4":"has-post-thumbnail","6":"product_brand-2021-crf-450-r","7":"product_brand-crf-450-r","8":"product_brand-honda","9":"product_cat-colector-racing","11":"first","12":"instock","13":"shipping-taxable","14":"product-type-simple"},"acf":[],"_links":{"self":[{"href":"https:\/\/dev.mivv.com\/es\/wp-json\/wp\/v2\/product\/99071","targetHints":{"allow":["GET"]}}],"collection":[{"href":"https:\/\/dev.mivv.com\/es\/wp-json\/wp\/v2\/product"}],"about":[{"href":"https:\/\/dev.mivv.com\/es\/wp-json\/wp\/v2\/types\/product"}],"wp:featuredmedia":[{"embeddable":true,"href":"https:\/\/dev.mivv.com\/es\/wp-json\/wp\/v2\/media\/25596"}],"wp:attachment":[{"href":"https:\/\/dev.mivv.com\/es\/wp-json\/wp\/v2\/media?parent=99071"}],"wp:term":[{"taxonomy":"product_brand","embeddable":true,"href":"https:\/\/dev.mivv.com\/es\/wp-json\/wp\/v2\/product_brand?post=99071"},{"taxonomy":"product_cat","embeddable":true,"href":"https:\/\/dev.mivv.com\/es\/wp-json\/wp\/v2\/product_cat?post=99071"},{"taxonomy":"product_tag","embeddable":true,"href":"https:\/\/dev.mivv.com\/es\/wp-json\/wp\/v2\/product_tag?post=99071"}],"curies":[{"name":"wp","href":"https:\/\/api.w.org\/{rel}","templated":true}]}}