{"id":99680,"date":"2026-04-21T14:33:33","date_gmt":"2026-04-21T12:33:33","guid":{"rendered":"https:\/\/dev.mivv.com\/scarico-moto\/h-082-lc4t-honda-monkey-125-2018-2024\/"},"modified":"2026-04-21T14:33:33","modified_gmt":"2026-04-21T12:33:33","slug":"h-082-lc4t-honda-monkey-125-2018-2024","status":"publish","type":"product","link":"https:\/\/dev.mivv.com\/es\/product\/h-082-lc4t-honda-monkey-125-2018-2024\/","title":{"rendered":"H.082.LC4T \u2013 HONDA MONKEY 125 2018 > 2024"},"content":{"rendered":"<p>Hecho para mejorar <strong>est\u00e9tica, sound y rendimiento<\/strong> de la moto, el escape slip-on Mivv nace a partir de la m\u00e1xima atenci\u00f3n al dise\u00f1o, con el objetivo de satisfacer a los que quieren <strong>distinguirse<\/strong>, tambi\u00e9n por el look de su propia moto.<\/p>\n<p>La l\u00ednea <strong>X-M1<\/strong>,  es el resultado de la experiencia conseguida en los campeonatos mundiales <strong>MotoGP y Moto2<\/strong>, es la s\u00edntesi perfecta entre las <strong>prestaciones<\/strong> y el <strong>estilo racing<\/strong>. Con un <strong>dise\u00f1o<\/strong> parecido a los escapes fabricados para el Campeonato del Mundo de Motociclismo , el escape <strong>X-M1<\/strong> ofrece una forma <strong>c\u00f3nica<\/strong> y  dimensiones <strong>compactas<\/strong> capaces de desarrollar el agradable <strong>sonido<\/strong> MIVV. <\/p>\n<p>La versi\u00f3n <strong>Titanium<\/strong> se caracteriza por un cuerpo central de titanio grado 1 Slow con un efecto <strong>\u201cpearled\u201d<\/strong> obtenido por medio de un proceso especial de fabricaci\u00f3n. Esta es la versi\u00f3n perfecta para aquellos, que quieren conseguir  una enorme  disminuci\u00f3n de <strong>peso<\/strong>.  <\/p>\n<p><strong>X-M1 puro estilo italiano.<\/strong><\/p>\n","protected":false},"excerpt":{"rendered":"<p>CARTER EN ACERO NEGRO INCLUIDO. HOMOLOGADO SOLO CON CATALIZADOR ACC.073.A1 INSTALADO. NO COMPATIBLE CON VEH\u00cdCULOS EURO 5 + EQUIPADOS CON SONDA LAMBDA DESPU\u00c9S DEL CATALIZADOR.<\/p>\n","protected":false},"featured_media":64780,"template":"","meta":{"_acf_changed":false},"product_brand":[24597,23848,24590],"product_cat":[685],"product_tag":[],"class_list":{"0":"post-99680","1":"product","2":"type-product","3":"status-publish","4":"has-post-thumbnail","6":"product_brand-2018-monkey-125","7":"product_brand-honda","8":"product_brand-monkey-125","9":"product_cat-escape-completo","11":"first","12":"instock","13":"shipping-taxable","14":"product-type-simple"},"acf":[],"_links":{"self":[{"href":"https:\/\/dev.mivv.com\/es\/wp-json\/wp\/v2\/product\/99680","targetHints":{"allow":["GET"]}}],"collection":[{"href":"https:\/\/dev.mivv.com\/es\/wp-json\/wp\/v2\/product"}],"about":[{"href":"https:\/\/dev.mivv.com\/es\/wp-json\/wp\/v2\/types\/product"}],"wp:featuredmedia":[{"embeddable":true,"href":"https:\/\/dev.mivv.com\/es\/wp-json\/wp\/v2\/media\/64780"}],"wp:attachment":[{"href":"https:\/\/dev.mivv.com\/es\/wp-json\/wp\/v2\/media?parent=99680"}],"wp:term":[{"taxonomy":"product_brand","embeddable":true,"href":"https:\/\/dev.mivv.com\/es\/wp-json\/wp\/v2\/product_brand?post=99680"},{"taxonomy":"product_cat","embeddable":true,"href":"https:\/\/dev.mivv.com\/es\/wp-json\/wp\/v2\/product_cat?post=99680"},{"taxonomy":"product_tag","embeddable":true,"href":"https:\/\/dev.mivv.com\/es\/wp-json\/wp\/v2\/product_tag?post=99680"}],"curies":[{"name":"wp","href":"https:\/\/api.w.org\/{rel}","templated":true}]}}