{"id":1044,"date":"2026-02-03T17:19:02","date_gmt":"2026-02-03T16:19:02","guid":{"rendered":"http:\/\/mivv2026.local\/service-client-mivv\/"},"modified":"2026-03-04T17:56:54","modified_gmt":"2026-03-04T16:56:54","slug":"service-client-mivv","status":"publish","type":"page","link":"https:\/\/dev.mivv.com\/fr\/service-client-mivv\/","title":{"rendered":"Service Client MIVV"},"content":{"rendered":"\n<div class=\"wp-block-columns is-layout-flex wp-container-core-columns-is-layout-9d6595d7 wp-block-columns-is-layout-flex\">\n<div class=\"wp-block-column is-layout-flow wp-block-column-is-layout-flow\">\n<div class=\"wp-block-group card-assistenza pre-vendita has-white-color has-text-color has-background has-link-color wp-elements-8831fd829da142e558fa75dae0154efe is-vertical is-content-justification-center is-layout-flex wp-container-core-group-is-layout-4b2eccd6 wp-block-group-is-layout-flex\" style=\"background-color:#e21d2c\">\n<figure class=\"wp-block-image size-full\"><img loading=\"lazy\" decoding=\"async\" width=\"50\" height=\"50\" src=\"http:\/\/mivv2026.local\/wp-content\/uploads\/2026\/02\/icons8-punto-interrogativo-50-1.png\" alt=\"\" class=\"wp-image-886\"\/><\/figure>\n\n\n\n<h2 class=\"wp-block-heading\">Assistance Pr\u00e9-Vente<\/h2>\n\n\n\n<p class=\"has-text-align-center\">Vous souhaitez savoir quel est l\u2019\u00e9chappement parfait pour votre moto ? Si vous avez des doutes concernant la compatibilit\u00e9, les performances ou si vous souhaitez un conseil technique avant de proc\u00e9der \u00e0 l\u2019achat, notre \u00e9quipe commerciale est \u00e0 votre disposition.<\/p>\n\n\n\n<div class=\"wp-block-buttons is-layout-flex wp-block-buttons-is-layout-flex\">\n<div class=\"wp-block-button btn-assistenza\"><a class=\"wp-block-button__link wp-element-button\" href=\"http:\/\/mivv2026.local\/fr\/service-client-mivv\/assistance-pre-vente\/\" style=\"border-top-left-radius:0px;border-top-right-radius:0px;border-bottom-left-radius:0px;border-bottom-right-radius:0px\">Demander des informations<\/a><\/div>\n<\/div>\n<\/div>\n<\/div>\n\n\n\n<div class=\"wp-block-column is-vertically-aligned-top is-layout-flow wp-block-column-is-layout-flow\">\n<div class=\"wp-block-group card-assistenza post-vendita has-white-color has-black-background-color has-text-color has-background has-link-color wp-elements-cc603501c52d7af848e72944a40a33a8 is-vertical is-content-justification-center is-layout-flex wp-container-core-group-is-layout-0472769e wp-block-group-is-layout-flex\">\n<figure class=\"wp-block-image size-full\"><img loading=\"lazy\" decoding=\"async\" width=\"50\" height=\"50\" src=\"http:\/\/mivv2026.local\/wp-content\/uploads\/2026\/02\/icons8-chiave-inglese-50-1.png\" alt=\"\" class=\"wp-image-873\"\/><\/figure>\n\n\n\n<h2 class=\"wp-block-heading\">Assistance Apr\u00e8s-Vente<\/h2>\n\n\n\n<p class=\"has-text-align-center\">Avez-vous d\u00e9j\u00e0 achet\u00e9 un produit MIVV et avez-vous besoin d\u2019assistance ? Si vous rencontrez des difficult\u00e9s lors du montage ou si vous avez re\u00e7u un produit endommag\u00e9, ouvrez une r\u00e9clamation ici.<\/p>\n\n\n\n<div class=\"wp-block-buttons is-layout-flex wp-block-buttons-is-layout-flex\">\n<div class=\"wp-block-button btn-assistenza\"><a class=\"wp-block-button__link wp-element-button\" href=\"http:\/\/mivv2026.local\/fr\/service-client-mivv\/assistance-apres-vente\/\" style=\"border-top-left-radius:0px;border-top-right-radius:0px;border-bottom-left-radius:0px;border-bottom-right-radius:0px\">Ouvrir une r\u00e9clamation<\/a><\/div>\n<\/div>\n<\/div>\n<\/div>\n<\/div>\n\n<div style=\"height:100px\" aria-hidden=\"true\" class=\"wp-block-spacer\"><\/div>\n\n<div class=\"wp-block-columns sezione-faq-assistenza is-layout-flex wp-container-core-columns-is-layout-9d6595d7 wp-block-columns-is-layout-flex\">\n<div class=\"wp-block-column is-vertically-aligned-center is-layout-flow wp-block-column-is-layout-flow\" style=\"flex-basis:80%\">\n<h2 class=\"wp-block-heading\">Trouvez des r\u00e9ponses imm\u00e9diates<\/h2>\n\n\n\n<p>Jetez un \u0153il \u00e0 notre section FAQ.<br\/>Nous avons rassembl\u00e9 les r\u00e9ponses aux questions les plus fr\u00e9quentes concernant l\u2019installation, les homologations et l\u2019entretien.<br\/>La solution \u00e0 votre probl\u00e8me est peut-\u00eatre d\u00e9j\u00e0 \u00e0 port\u00e9e de clic.<\/p>\n<\/div>\n\n\n\n<div class=\"wp-block-column is-vertically-aligned-center is-layout-flow wp-block-column-is-layout-flow\" style=\"flex-basis:20%\">\n<div class=\"wp-block-buttons is-layout-flex wp-block-buttons-is-layout-flex\">\n<div class=\"wp-block-button\"><a class=\"wp-block-button__link has-white-color has-black-background-color has-text-color has-background has-link-color wp-element-button\" href=\"http:\/\/mivv2026.local\/fr\/faq\/\" style=\"border-top-left-radius:0px;border-top-right-radius:0px;border-bottom-left-radius:0px;border-bottom-right-radius:0px\">Consultez les FAQ<\/a><\/div>\n<\/div>\n<\/div>\n<\/div>\n","protected":false},"excerpt":{"rendered":"<p>Assistance Pr\u00e9-Vente Vous souhaitez savoir quel est l\u2019\u00e9chappement parfait pour votre moto ? Si vous avez des doutes concernant la compatibilit\u00e9, les performances ou si vous souhaitez un conseil technique avant de proc\u00e9der \u00e0 l\u2019achat, notre \u00e9quipe commerciale est \u00e0 votre disposition. Assistance Apr\u00e8s-Vente Avez-vous d\u00e9j\u00e0 achet\u00e9 un produit MIVV et avez-vous besoin d\u2019assistance ? [&hellip;]<\/p>\n","protected":false},"author":2,"featured_media":0,"parent":0,"menu_order":0,"comment_status":"closed","ping_status":"closed","template":"","meta":{"_acf_changed":false,"footnotes":""},"class_list":["post-1044","page","type-page","status-publish","hentry"],"acf":[],"_links":{"self":[{"href":"https:\/\/dev.mivv.com\/fr\/wp-json\/wp\/v2\/pages\/1044","targetHints":{"allow":["GET"]}}],"collection":[{"href":"https:\/\/dev.mivv.com\/fr\/wp-json\/wp\/v2\/pages"}],"about":[{"href":"https:\/\/dev.mivv.com\/fr\/wp-json\/wp\/v2\/types\/page"}],"author":[{"embeddable":true,"href":"https:\/\/dev.mivv.com\/fr\/wp-json\/wp\/v2\/users\/2"}],"replies":[{"embeddable":true,"href":"https:\/\/dev.mivv.com\/fr\/wp-json\/wp\/v2\/comments?post=1044"}],"version-history":[{"count":4,"href":"https:\/\/dev.mivv.com\/fr\/wp-json\/wp\/v2\/pages\/1044\/revisions"}],"predecessor-version":[{"id":3062,"href":"https:\/\/dev.mivv.com\/fr\/wp-json\/wp\/v2\/pages\/1044\/revisions\/3062"}],"wp:attachment":[{"href":"https:\/\/dev.mivv.com\/fr\/wp-json\/wp\/v2\/media?parent=1044"}],"curies":[{"name":"wp","href":"https:\/\/api.w.org\/{rel}","templated":true}]}}