{"id":105884,"date":"2026-01-16T10:14:46","date_gmt":"2026-01-16T09:14:46","guid":{"rendered":"https:\/\/dev.mivv.com\/whistleblowing\/"},"modified":"2026-04-23T15:24:40","modified_gmt":"2026-04-23T13:24:40","slug":"whistleblowing","status":"publish","type":"page","link":"https:\/\/dev.mivv.com\/fr\/whistleblowing\/","title":{"rendered":"Whistleblowing"},"content":{"rendered":"\n<h1 class=\"wp-block-heading\">Canal de Signalement Whistleblowing<\/h1>\n\n<p>Chez <strong>Mivv S.p.A.<\/strong>, la conformit\u00e9 de la conduite de l\u2019entreprise et le respect des principes \u00e9thiques sont des valeurs fondamentales. Conform\u00e9ment \u00e0 cet engagement et en accord avec le D.Lgs. 24\/2023 (transposition de la Directive Europ\u00e9enne 2019\/1937), nous avons mis en place un syst\u00e8me interne pour la gestion des signalements d\u2019irr\u00e9gularit\u00e9s, connu sous le nom de <strong>Whistleblowing<\/strong>.<\/p>\n\n<h3 class=\"wp-block-heading\">Qu\u2019est-ce que le Whistleblowing ?<\/h3>\n\n<p>Le Whistleblowing est l\u2019outil qui permet \u00e0 toute personne op\u00e9rant dans le cadre professionnel de Mivv S.p.A. de r\u00e9v\u00e9ler spontan\u00e9ment des violations, des risques ou des situations de danger pouvant nuire \u00e0 l\u2019entreprise, aux coll\u00e8gues, aux clients ou \u00e0 l\u2019int\u00e9r\u00eat public.<\/p>\n\n<h3 class=\"wp-block-heading\">Notre engagement pour votre protection<\/h3>\n\n<p>Mivv S.p.A. promeut une culture bas\u00e9e sur l\u2019int\u00e9grit\u00e9 et s\u2019engage \u00e0 prot\u00e9ger toute personne d\u00e9cidant de signaler un comportement incorrect. Gr\u00e2ce \u00e0 notre canal d\u00e9di\u00e9, nous garantissons :<\/p>\n\n<ul class=\"wp-block-list has-black-color has-text-color has-link-color wp-elements-1fc2eaca3ce3c3960698e64f45efa51e\">\n<li><strong>Confidentialit\u00e9 Maximale :<\/strong> L\u2019identit\u00e9 du signalant et les d\u00e9tails du signalement sont prot\u00e9g\u00e9s \u00e0 chaque \u00e9tape du processus.<\/li>\n\n\n\n<li><strong>Transparence dans la Gestion :<\/strong> Chaque signalement fait l\u2019objet d\u2019une notification de r\u00e9ception, d\u2019une enqu\u00eate minutieuse et d\u2019un retour final.<\/li>\n\n\n\n<li><strong>R\u00e9ponses Rapides :<\/strong> Nous nous engageons \u00e0 fournir une r\u00e9ponse sur l\u2019issue du signalement dans les 3 mois suivant la notification de r\u00e9ception.<\/li>\n<\/ul>\n\n<p>Nous consid\u00e9rons que la participation active et responsable de tous est essentielle pour maintenir un environnement de travail sain, s\u00fbr et \u00e9thique.<\/p>\n\n<div class=\"wp-block-buttons is-nowrap is-layout-flex wp-container-core-buttons-is-layout-ad2f72ca wp-block-buttons-is-layout-flex\">\n<div class=\"wp-block-button\"><a class=\"wp-block-button__link has-background wp-element-button\" href=\"https:\/\/areariservata.mygovernance.it\/#!\/WB\/M.I.V.V.\" style=\"border-top-left-radius:0px;border-top-right-radius:0px;border-bottom-left-radius:0px;border-bottom-right-radius:0px;background-color:#d10008\" target=\"_blank\" rel=\"noreferrer noopener nofollow\">Acc\u00e9dez au Portail de Signalements Mivv SPA<\/a><\/div>\n\n\n\n<div class=\"wp-block-button\"><a class=\"wp-block-button__link has-background wp-element-button\" href=\"\/wp-content\/uploads\/2026\/01\/whistleblowing-Informativa-sito-mivv_compressed.pdf\" style=\"border-top-left-radius:0px;border-top-right-radius:0px;border-bottom-left-radius:0px;border-bottom-right-radius:0px;background-color:#d10008\" target=\"_blank\" rel=\"noreferrer noopener nofollow\">T\u00e9l\u00e9chargez l\u2019Information Compl\u00e8te (PDF)<\/a><\/div>\n<\/div>\n\n<p><\/p>\n","protected":false},"excerpt":{"rendered":"<p>Canal de Signalement Whistleblowing Chez Mivv S.p.A., la conformit\u00e9 de la conduite de l\u2019entreprise et le respect des principes \u00e9thiques sont des valeurs fondamentales. Conform\u00e9ment \u00e0 cet engagement et en accord avec le D.Lgs. 24\/2023 (transposition de la Directive Europ\u00e9enne 2019\/1937), nous avons mis en place un syst\u00e8me interne pour la gestion des signalements d\u2019irr\u00e9gularit\u00e9s, [&hellip;]<\/p>\n","protected":false},"author":2,"featured_media":0,"parent":0,"menu_order":0,"comment_status":"closed","ping_status":"closed","template":"","meta":{"_acf_changed":false,"footnotes":""},"class_list":["post-105884","page","type-page","status-publish","hentry"],"acf":[],"_links":{"self":[{"href":"https:\/\/dev.mivv.com\/fr\/wp-json\/wp\/v2\/pages\/105884","targetHints":{"allow":["GET"]}}],"collection":[{"href":"https:\/\/dev.mivv.com\/fr\/wp-json\/wp\/v2\/pages"}],"about":[{"href":"https:\/\/dev.mivv.com\/fr\/wp-json\/wp\/v2\/types\/page"}],"author":[{"embeddable":true,"href":"https:\/\/dev.mivv.com\/fr\/wp-json\/wp\/v2\/users\/2"}],"replies":[{"embeddable":true,"href":"https:\/\/dev.mivv.com\/fr\/wp-json\/wp\/v2\/comments?post=105884"}],"version-history":[{"count":1,"href":"https:\/\/dev.mivv.com\/fr\/wp-json\/wp\/v2\/pages\/105884\/revisions"}],"predecessor-version":[{"id":105885,"href":"https:\/\/dev.mivv.com\/fr\/wp-json\/wp\/v2\/pages\/105884\/revisions\/105885"}],"wp:attachment":[{"href":"https:\/\/dev.mivv.com\/fr\/wp-json\/wp\/v2\/media?parent=105884"}],"curies":[{"name":"wp","href":"https:\/\/api.w.org\/{rel}","templated":true}]}}