{"id":1098,"date":"2026-02-03T17:29:12","date_gmt":"2026-02-03T16:29:12","guid":{"rendered":"http:\/\/mivv2026.local\/service-client-mivv\/assistance-pre-vente\/"},"modified":"2026-02-16T17:49:24","modified_gmt":"2026-02-16T16:49:24","slug":"assistance-pre-vente","status":"publish","type":"page","link":"https:\/\/dev.mivv.com\/fr\/service-client-mivv\/assistance-pre-vente\/","title":{"rendered":"Assistance Pr\u00e9-Vente"},"content":{"rendered":"\n<h2 class=\"wp-block-heading\">Avez-vous besoin d\u2019aide pour choisir l\u2019\u00e9chappement parfait ?<\/h2>\n\n<p>Remplissez le formulaire ci-dessous pour recevoir une assistance personnalis\u00e9e de la part de notre \u00e9quipe technique.<br\/>Que vous recherchiez des informations sur la compatibilit\u00e9, des d\u00e9tails sur les performances ou des \u00e9claircissements concernant les r\u00e9glementations d\u2019homologation, nous sommes l\u00e0 pour vous garantir un achat s\u00fbr et \u00e9clair\u00e9.<\/p>\n\n<div style=\"height:50px\" aria-hidden=\"true\" class=\"wp-block-spacer\"><\/div>\n\n<div class=\"wp-block-contact-form-7-contact-form-selector\">\n<div class=\"wpcf7 no-js\" id=\"wpcf7-f86156-o1\" lang=\"fr-FR\" dir=\"ltr\" data-wpcf7-id=\"86156\">\n<div class=\"screen-reader-response\"><p role=\"status\" aria-live=\"polite\" aria-atomic=\"true\"><\/p> <ul><\/ul><\/div>\n<form action=\"\/fr\/wp-json\/wp\/v2\/pages\/1098#wpcf7-f86156-o1\" method=\"post\" class=\"wpcf7-form init\" aria-label=\"Formulaire de contact\" novalidate=\"novalidate\" data-status=\"init\">\n<fieldset class=\"hidden-fields-container\"><input type=\"hidden\" name=\"_wpcf7\" value=\"86156\" \/><input type=\"hidden\" name=\"_wpcf7_version\" value=\"6.1.5\" \/><input type=\"hidden\" name=\"_wpcf7_locale\" value=\"fr_FR\" \/><input type=\"hidden\" name=\"_wpcf7_unit_tag\" value=\"wpcf7-f86156-o1\" \/><input type=\"hidden\" name=\"_wpcf7_container_post\" value=\"0\" \/><input type=\"hidden\" name=\"_wpcf7_posted_data_hash\" value=\"\" \/>\n<\/fieldset>\n<div class=\"mivv-form-pre-vendita\">\n\t<fieldset>\n\t\t<legend>Vos coordonn\u00e9es\n\t\t<\/legend>\n\t\t<div class=\"mivv-grid-half\">\n\t\t\t<p><label for=\"pre-nome\"> Pr\u00e9nom <\/label><br \/>\n<span class=\"wpcf7-form-control-wrap\" data-name=\"pre-first-name\"><input size=\"40\" maxlength=\"400\" class=\"wpcf7-form-control wpcf7-text wpcf7-validates-as-required\" id=\"pre-nome\" aria-required=\"true\" aria-invalid=\"false\" placeholder=\"Ex. : Mario\" value=\"\" type=\"text\" name=\"pre-first-name\" \/><\/span>\n\t\t\t<\/p>\n\t\t<\/div>\n\t\t<div class=\"mivv-grid-half\">\n\t\t\t<p><label for=\"pre-cognome\"> Nom <\/label><br \/>\n<span class=\"wpcf7-form-control-wrap\" data-name=\"pre-last-name\"><input size=\"40\" maxlength=\"400\" class=\"wpcf7-form-control wpcf7-text wpcf7-validates-as-required\" id=\"pre-cognome\" aria-required=\"true\" aria-invalid=\"false\" placeholder=\"Ex. : Rossi\" value=\"\" type=\"text\" name=\"pre-last-name\" \/><\/span>\n\t\t\t<\/p>\n\t\t<\/div>\n\t\t<div class=\"mivv-grid-half\">\n\t\t\t<p><label for=\"pre-email\"> E-mail <\/label><br \/>\n<span class=\"wpcf7-form-control-wrap\" data-name=\"pre-email\"><input size=\"40\" maxlength=\"400\" class=\"wpcf7-form-control wpcf7-email wpcf7-validates-as-required wpcf7-text wpcf7-validates-as-email\" id=\"pre-email\" aria-required=\"true\" aria-invalid=\"false\" placeholder=\"email@exemple.fr\" value=\"\" type=\"email\" name=\"pre-email\" \/><\/span>\n\t\t\t<\/p>\n\t\t<\/div>\n\t\t<div class=\"mivv-grid-half\">\n\t\t\t<p><label for=\"pre-tel\"> T\u00e9l\u00e9phone (facultatif) <\/label><br \/>\n<span class=\"wpcf7-form-control-wrap\" data-name=\"pre-tel\"><input size=\"40\" maxlength=\"400\" class=\"wpcf7-form-control wpcf7-tel wpcf7-text wpcf7-validates-as-tel\" id=\"pre-tel\" aria-invalid=\"false\" placeholder=\"+39\" value=\"\" type=\"tel\" name=\"pre-tel\" \/><\/span>\n\t\t\t<\/p>\n\t\t<\/div>\n\t<\/fieldset>\n\t<fieldset>\n\t\t<legend>Donn\u00e9es de la moto et demande\n\t\t<\/legend>\n\t\t<div class=\"mivv-grid-half\">\n\t\t\t<p><label for=\"pre-moto\"> Marque et mod\u00e8le de la moto <\/label><br \/>\n<span class=\"wpcf7-form-control-wrap\" data-name=\"pre-moto\"><input size=\"40\" maxlength=\"400\" class=\"wpcf7-form-control wpcf7-text wpcf7-validates-as-required\" id=\"pre-moto\" aria-required=\"true\" aria-invalid=\"false\" placeholder=\"Ex. : Honda Hornet 600\" value=\"\" type=\"text\" name=\"pre-moto\" \/><\/span>\n\t\t\t<\/p>\n\t\t<\/div>\n\t\t<div class=\"mivv-grid-half\">\n\t\t\t<p><label for=\"pre-anno\"> Ann\u00e9e <\/label><br \/>\n<span class=\"wpcf7-form-control-wrap\" data-name=\"pre-anno\"><input size=\"40\" maxlength=\"400\" class=\"wpcf7-form-control wpcf7-text wpcf7-validates-as-required\" id=\"pre-anno\" aria-required=\"true\" aria-invalid=\"false\" placeholder=\"Ex. : 2024\" value=\"\" type=\"text\" name=\"pre-anno\" \/><\/span>\n\t\t\t<\/p>\n\t\t<\/div>\n\t\t<div class=\"mivv-grid-full\">\n\t\t\t<p><label for=\"pre-info\"> De quoi avez-vous besoin ? <\/label><br \/>\n<span class=\"wpcf7-form-control-wrap\" data-name=\"pre-info\"><select class=\"wpcf7-form-control wpcf7-select wpcf7-validates-as-required\" id=\"pre-info\" aria-required=\"true\" aria-invalid=\"false\" name=\"pre-info\"><option value=\"\">&#8212;Veuillez choisir une option&#8212;<\/option><option value=\"Informations sur la compatibilit\u00e9\">Informations sur la compatibilit\u00e9<\/option><option value=\"Conseil sur l\u2019esth\u00e9tique\/le son\">Conseil sur l\u2019esth\u00e9tique\/le son<\/option><option value=\"Donn\u00e9es techniques et performances\">Donn\u00e9es techniques et performances<\/option><option value=\"O\u00f9 acheter\">O\u00f9 acheter<\/option><option value=\"Autre\">Autre<\/option><\/select><\/span>\n\t\t\t<\/p>\n\t\t<\/div>\n\t\t<div class=\"mivv-grid-full\">\n\t\t\t<p><label for=\"pre-messaggio\"> Votre message <\/label><br \/>\n<span class=\"wpcf7-form-control-wrap\" data-name=\"pre-message\"><textarea cols=\"40\" rows=\"5\" maxlength=\"2000\" class=\"wpcf7-form-control wpcf7-textarea wpcf7-validates-as-required\" id=\"pre-messaggio\" aria-required=\"true\" aria-invalid=\"false\" placeholder=\"\u00c9crivez ici votre question...\" name=\"pre-message\"><\/textarea><\/span>\n\t\t\t<\/p>\n\t\t<\/div>\n\t<\/fieldset>\n\t<div class=\"mivv-form-footer\">\n\t\t<p><span class=\"wpcf7-form-control-wrap\" data-name=\"privacy\"><span class=\"wpcf7-form-control wpcf7-acceptance\"><span class=\"wpcf7-list-item\"><label><input type=\"checkbox\" name=\"privacy\" value=\"1\" aria-invalid=\"false\" \/><span class=\"wpcf7-list-item-label\">J\u2019accepte la Politique de confidentialit\u00e9<\/span><\/label><\/span><\/span><\/span><br \/>\n<input class=\"wpcf7-form-control wpcf7-submit has-spinner btn btn-dark\" type=\"submit\" value=\"Demander des informations\" \/>\n\t\t<\/p>\n\t<\/div>\n<\/div><div class=\"wpcf7-response-output\" aria-hidden=\"true\"><\/div>\n<\/form>\n<\/div>\n<\/div>\n","protected":false},"excerpt":{"rendered":"<p>Avez-vous besoin d\u2019aide pour choisir l\u2019\u00e9chappement parfait ? Remplissez le formulaire ci-dessous pour recevoir une assistance personnalis\u00e9e de la part de notre \u00e9quipe technique.Que vous recherchiez des informations sur la compatibilit\u00e9, des d\u00e9tails sur les performances ou des \u00e9claircissements concernant les r\u00e9glementations d\u2019homologation, nous sommes l\u00e0 pour vous garantir un achat s\u00fbr et \u00e9clair\u00e9.<\/p>\n","protected":false},"author":2,"featured_media":0,"parent":1044,"menu_order":0,"comment_status":"closed","ping_status":"closed","template":"","meta":{"_acf_changed":false,"footnotes":""},"class_list":["post-1098","page","type-page","status-publish","hentry"],"acf":[],"_links":{"self":[{"href":"https:\/\/dev.mivv.com\/fr\/wp-json\/wp\/v2\/pages\/1098","targetHints":{"allow":["GET"]}}],"collection":[{"href":"https:\/\/dev.mivv.com\/fr\/wp-json\/wp\/v2\/pages"}],"about":[{"href":"https:\/\/dev.mivv.com\/fr\/wp-json\/wp\/v2\/types\/page"}],"author":[{"embeddable":true,"href":"https:\/\/dev.mivv.com\/fr\/wp-json\/wp\/v2\/users\/2"}],"replies":[{"embeddable":true,"href":"https:\/\/dev.mivv.com\/fr\/wp-json\/wp\/v2\/comments?post=1098"}],"version-history":[{"count":1,"href":"https:\/\/dev.mivv.com\/fr\/wp-json\/wp\/v2\/pages\/1098\/revisions"}],"predecessor-version":[{"id":1099,"href":"https:\/\/dev.mivv.com\/fr\/wp-json\/wp\/v2\/pages\/1098\/revisions\/1099"}],"up":[{"embeddable":true,"href":"https:\/\/dev.mivv.com\/fr\/wp-json\/wp\/v2\/pages\/1044"}],"wp:attachment":[{"href":"https:\/\/dev.mivv.com\/fr\/wp-json\/wp\/v2\/media?parent=1098"}],"curies":[{"name":"wp","href":"https:\/\/api.w.org\/{rel}","templated":true}]}}