{"id":1166,"date":"2026-01-02T16:10:36","date_gmt":"2026-01-02T15:10:36","guid":{"rendered":"http:\/\/mivv2026.local\/contacts\/"},"modified":"2026-04-22T15:06:49","modified_gmt":"2026-04-22T13:06:49","slug":"contacts","status":"publish","type":"page","link":"https:\/\/dev.mivv.com\/fr\/contacts\/","title":{"rendered":"Contacts"},"content":{"rendered":"\n<div class=\"wp-block-columns is-layout-flex wp-container-core-columns-is-layout-9d6595d7 wp-block-columns-is-layout-flex\">\n<div class=\"wp-block-column is-layout-flow wp-block-column-is-layout-flow\">\n<figure class=\"wp-block-image size-full is-resized\"><img decoding=\"async\" src=\"http:\/\/mivv2026.local\/wp-content\/uploads\/2025\/11\/logo-mivv.svg\" alt=\"\" class=\"wp-image-17\" style=\"width:300px\"\/><\/figure>\n\n\n\n<h2 class=\"wp-block-heading\">M.I.V.V. Metal Industria Val Vibrata S.p.a.<\/h2>\n\n\n\n<h3 class=\"wp-block-heading info margin-top-50\">Adresse<\/h3>\n\n\n\n<p>Zone Industrielle &#8211; 64027 Sant\u2019Omero (TE) &#8211; Abruzzes \u2013 Italie<br\/>T\u00e9l\u00e9phone : <a href=\"tel:+39086181201\">+39 0861 81201<\/a><br\/>E-mail : <a href=\"mailto:moto@mivv.it\">moto@mivv.it<\/a><\/p>\n\n\n\n<div style=\"height:60px\" aria-hidden=\"true\" class=\"wp-block-spacer\"><\/div>\n\n\n\n<h3 class=\"wp-block-heading\">O\u00f9 nous trouver<\/h3>\n\n\n\n<iframe src=\"https:\/\/www.google.com\/maps\/embed?pb=!1m14!1m8!1m3!1d5996012.691228987!2d8.842106474551413!3d42.79383399999998!3m2!1i1024!2i768!4f13.1!3m3!1m2!1s0x1331ee25fe682393%3A0xdee26b587ea7ca19!2sMetal%20Industria%20Val%20Vibrata%20S.p.a.!5e0!3m2!1sit!2sus!4v1767369476669!5m2!1sit!2sus\" width=\"100%\" height=\"400\" style=\"border:0;\" allowfullscreen=\"\" loading=\"lazy\" referrerpolicy=\"no-referrer-when-downgrade\"><\/iframe>\r\n\n\n\n<div style=\"height:60px\" aria-hidden=\"true\" class=\"wp-block-spacer\"><\/div>\n\n\n\n<h3 class=\"wp-block-heading\">Presse<\/h3>\n\n\n\n<p>Si vous souhaitez recevoir plus d\u2019informations sur un article ou un service journalistique particulier, \u00e9crivez \u00e0 <a href=\"mailto:press@mivv.it\">press@mivv.it<\/a><br\/><br\/><\/p>\n<\/div>\n\n\n\n<div class=\"wp-block-column is-layout-flow wp-block-column-is-layout-flow\">\n<div class=\"wp-block-group contact-right\"><div class=\"wp-block-group__inner-container is-layout-constrained wp-block-group-is-layout-constrained\">\n<p class=\"contact-title\">\u00c9crivez-nous un message<\/p>\n\n\n\n<div class=\"wpcf7 no-js\" id=\"wpcf7-f86142-o1\" lang=\"fr-FR\" dir=\"ltr\" data-wpcf7-id=\"86142\">\n<div class=\"screen-reader-response\"><p role=\"status\" aria-live=\"polite\" aria-atomic=\"true\"><\/p> <ul><\/ul><\/div>\n<form action=\"\/fr\/wp-json\/wp\/v2\/pages\/1166#wpcf7-f86142-o1\" method=\"post\" class=\"wpcf7-form init\" aria-label=\"Formulaire de contact\" novalidate=\"novalidate\" data-status=\"init\">\n<fieldset class=\"hidden-fields-container\"><input type=\"hidden\" name=\"_wpcf7\" value=\"86142\" \/><input type=\"hidden\" name=\"_wpcf7_version\" value=\"6.1.5\" \/><input type=\"hidden\" name=\"_wpcf7_locale\" value=\"fr_FR\" \/><input type=\"hidden\" name=\"_wpcf7_unit_tag\" value=\"wpcf7-f86142-o1\" \/><input type=\"hidden\" name=\"_wpcf7_container_post\" value=\"0\" \/><input type=\"hidden\" name=\"_wpcf7_posted_data_hash\" value=\"\" \/>\n<\/fieldset>\n<div class=\"form-group\">\n\t<div class=\"contact-form form\">\n\t\t<div class=\"form-field margin-top-20 margin-bottom-25\">\n\t\t\t<p><label for=\"nome\">Nom<\/label><br \/>\n<span class=\"wpcf7-form-control-wrap\" data-name=\"nome\"><input size=\"40\" maxlength=\"400\" class=\"wpcf7-form-control wpcf7-text wpcf7-validates-as-required input-form\" aria-required=\"true\" aria-invalid=\"false\" value=\"Nom\" type=\"text\" name=\"nome\" \/><\/span>\n\t\t\t<\/p>\n\t\t<\/div>\n\t\t<div class=\"form-field margin-top-20 margin-bottom-25\">\n\t\t\t<p><label for=\"postaelettronica\">E-mail<\/label><br \/>\n<span class=\"wpcf7-form-control-wrap\" data-name=\"postaelettronica\"><input size=\"40\" maxlength=\"400\" class=\"wpcf7-form-control wpcf7-email wpcf7-validates-as-required wpcf7-text wpcf7-validates-as-email input-form\" aria-required=\"true\" aria-invalid=\"false\" value=\"E-mail\" type=\"email\" name=\"postaelettronica\" \/><\/span>\n\t\t\t<\/p>\n\t\t<\/div>\n\t\t<div class=\"form-field margin-top-20 margin-bottom-25\">\n\t\t\t<p><label for=\"textarea-784\">Message<\/label><br \/>\n<span class=\"wpcf7-form-control-wrap\" data-name=\"textarea-784\"><textarea cols=\"30\" rows=\"5\" maxlength=\"2000\" class=\"wpcf7-form-control wpcf7-textarea wpcf7-validates-as-required input-form msgTextArea\" aria-required=\"true\" aria-invalid=\"false\" name=\"textarea-784\"><\/textarea><\/span>\n\t\t\t<\/p>\n\t\t<\/div>\n\t\t<p><span class=\"wpcf7-form-control-wrap\" data-name=\"acceptance-353\"><span class=\"wpcf7-form-control wpcf7-acceptance\"><span class=\"wpcf7-list-item\"><label><input type=\"checkbox\" name=\"acceptance-353\" value=\"1\" class=\"form-check-input\" aria-invalid=\"false\" \/><span class=\"wpcf7-list-item-label\">Je d\u00e9clare avoir lu la <a href=\"\/privacy-policy\/\" target=\"_blank\">Politique de Confidentialit\u00e9<\/a> et je consens au traitement de mes donn\u00e9es personnelles<\/span><\/label><\/span><\/span><\/span>\n\t\t<\/p>\n\t\t<div class=\"btn-wrapper desktop-right\">\n\t\t\t<p><input class=\"wpcf7-form-control wpcf7-submit has-spinner btn sm-btn\" type=\"submit\" value=\"Envoyer\" \/>\n\t\t\t<\/p>\n\t\t<\/div>\n\t<\/div>\n<\/div><div class=\"wpcf7-response-output\" aria-hidden=\"true\"><\/div>\n<\/form>\n<\/div>\n\n<\/div><\/div>\n<\/div>\n<\/div>\n\n<p><\/p>\n","protected":false},"excerpt":{"rendered":"<p>M.I.V.V. Metal Industria Val Vibrata S.p.a. Adresse Zone Industrielle &#8211; 64027 Sant\u2019Omero (TE) &#8211; Abruzzes \u2013 ItalieT\u00e9l\u00e9phone : +39 0861 81201E-mail : moto@mivv.it O\u00f9 nous trouver Presse Si vous souhaitez recevoir plus d\u2019informations sur un article ou un service journalistique particulier, \u00e9crivez \u00e0 press@mivv.it \u00c9crivez-nous un message<\/p>\n","protected":false},"author":1,"featured_media":0,"parent":0,"menu_order":0,"comment_status":"closed","ping_status":"closed","template":"","meta":{"_acf_changed":false,"footnotes":""},"class_list":["post-1166","page","type-page","status-publish","hentry"],"acf":[],"_links":{"self":[{"href":"https:\/\/dev.mivv.com\/fr\/wp-json\/wp\/v2\/pages\/1166","targetHints":{"allow":["GET"]}}],"collection":[{"href":"https:\/\/dev.mivv.com\/fr\/wp-json\/wp\/v2\/pages"}],"about":[{"href":"https:\/\/dev.mivv.com\/fr\/wp-json\/wp\/v2\/types\/page"}],"author":[{"embeddable":true,"href":"https:\/\/dev.mivv.com\/fr\/wp-json\/wp\/v2\/users\/1"}],"replies":[{"embeddable":true,"href":"https:\/\/dev.mivv.com\/fr\/wp-json\/wp\/v2\/comments?post=1166"}],"version-history":[{"count":5,"href":"https:\/\/dev.mivv.com\/fr\/wp-json\/wp\/v2\/pages\/1166\/revisions"}],"predecessor-version":[{"id":105441,"href":"https:\/\/dev.mivv.com\/fr\/wp-json\/wp\/v2\/pages\/1166\/revisions\/105441"}],"wp:attachment":[{"href":"https:\/\/dev.mivv.com\/fr\/wp-json\/wp\/v2\/media?parent=1166"}],"curies":[{"name":"wp","href":"https:\/\/api.w.org\/{rel}","templated":true}]}}