{"id":1239,"date":"2026-01-07T19:37:24","date_gmt":"2026-01-07T18:37:24","guid":{"rendered":"http:\/\/mivv2026.local\/histoire\/"},"modified":"2026-03-05T16:50:07","modified_gmt":"2026-03-05T15:50:07","slug":"histoire","status":"publish","type":"page","link":"https:\/\/dev.mivv.com\/fr\/histoire\/","title":{"rendered":"Histoire"},"content":{"rendered":"\n<h2 class=\"wp-block-heading has-text-align-center\" style=\"font-size:60px;font-style:normal;font-weight:700\">MIVV, \u00e9chappements par passion<\/h2>\n\n<div style=\"height:25px\" aria-hidden=\"true\" class=\"wp-block-spacer\"><\/div>\n\n<p class=\"has-text-align-center\">\u00c0 l\u2019origine de tout, il y a une grande passion : les moteurs.<br\/>L\u2019ann\u00e9e est 1970 ; le lieu, la zone industrielle de la province de Teramo, en Abruzzes.<br\/>C\u2019est l\u00e0 que na\u00eet la Metal Industria Val Vibrata, connue d\u00e8s le d\u00e9part sous le nom de MIVV.<\/p>\n\n<div style=\"height:50px\" aria-hidden=\"true\" class=\"wp-block-spacer\"><\/div>\n<div class=\"wp-block-image\">\n<figure class=\"aligncenter size-large\"><img loading=\"lazy\" decoding=\"async\" width=\"1024\" height=\"303\" src=\"http:\/\/mivv2026.local\/wp-content\/uploads\/2026\/01\/stabilimenti-1-1024x303.jpg\" alt=\"Sites MIVV\" class=\"wp-image-163\" srcset=\"https:\/\/dev.mivv.com\/wp-content\/uploads\/2026\/01\/stabilimenti-1-1024x303.jpg 1024w, https:\/\/dev.mivv.com\/wp-content\/uploads\/2026\/01\/stabilimenti-1-600x178.jpg 600w, https:\/\/dev.mivv.com\/wp-content\/uploads\/2026\/01\/stabilimenti-1-300x89.jpg 300w, https:\/\/dev.mivv.com\/wp-content\/uploads\/2026\/01\/stabilimenti-1-768x227.jpg 768w, https:\/\/dev.mivv.com\/wp-content\/uploads\/2026\/01\/stabilimenti-1.jpg 1200w\" sizes=\"auto, (max-width: 1024px) 100vw, 1024px\" \/><\/figure>\n<\/div>\n<div style=\"height:50px\" aria-hidden=\"true\" class=\"wp-block-spacer\"><\/div>\n\n<p class=\"has-text-align-center\">Les deux-roues sont encore loin : nous commen\u00e7ons par produire uniquement des \u00e9chappements pour automobiles et le faisons pendant plus de vingt ans, avec un succ\u00e8s certain, au point de construire en 1982 et en 1988 le deuxi\u00e8me et le troisi\u00e8me site.<\/p>\n\n<p class=\"has-text-align-center\">Mais dans ces 25 000 m\u00e8tres carr\u00e9s r\u00e9sonne un autre grondement, celui des motos. Nous sommes dans les ann\u00e9es 1990 et notre entreprise commence \u00e0 ajouter, \u00e0 la production pour automobiles, la fabrication d\u2019\u00e9chappements pour motos.<\/p>\n\n<div style=\"height:50px\" aria-hidden=\"true\" class=\"wp-block-spacer\"><\/div>\n\n<div class=\"wp-block-group\"><div class=\"wp-block-group__inner-container is-layout-constrained wp-block-group-is-layout-constrained\">\n<h2 class=\"wp-block-heading has-text-align-center\" style=\"font-size:60px;font-style:normal;font-weight:700\">\u00c0 la pointe depuis 1970<\/h2>\n\n\n\n<div style=\"height:25px\" aria-hidden=\"true\" class=\"wp-block-spacer\"><\/div>\n\n\n\n<p class=\"has-text-align-center\">Le trait distinctif de cette histoire est donn\u00e9 par l\u2019expertise de l\u2019entreprise : un niveau tr\u00e8s \u00e9lev\u00e9 qui permet de concevoir et de produire des \u00e9chappements pour motos \u00e0 haute teneur technologique, pens\u00e9s et r\u00e9alis\u00e9s pour r\u00e9pondre aux exigences des fabricants de motos ainsi qu\u2019\u00e0 celles des motards eux-m\u00eames.<\/p>\n\n\n\n<p class=\"has-text-align-center\">Notre objectif a \u00e9t\u00e9 et reste le m\u00eame : fournir des silencieux fiables, capables de garantir le maximum en termes de performances et d\u2019\u00e9motions. Un objectif qui nous a permis d\u2019atteindre de grands sommets, m\u00eame dans le monde du racing, o\u00f9 nous avons collabor\u00e9 avec des \u00e9quipes officielles engag\u00e9es dans les championnats italiens, europ\u00e9ens et mondiaux.<\/p>\n\n\n\n<div style=\"height:50px\" aria-hidden=\"true\" class=\"wp-block-spacer\"><\/div>\n\n\n<div class=\"wp-block-image\">\n<figure class=\"aligncenter size-large\"><img loading=\"lazy\" decoding=\"async\" width=\"1024\" height=\"330\" src=\"http:\/\/mivv2026.local\/wp-content\/uploads\/2026\/01\/tecnologia-1024x330.jpg\" alt=\"\" class=\"wp-image-166\" srcset=\"https:\/\/dev.mivv.com\/wp-content\/uploads\/2026\/01\/tecnologia-1024x330.jpg 1024w, https:\/\/dev.mivv.com\/wp-content\/uploads\/2026\/01\/tecnologia-600x194.jpg 600w, https:\/\/dev.mivv.com\/wp-content\/uploads\/2026\/01\/tecnologia-300x97.jpg 300w, https:\/\/dev.mivv.com\/wp-content\/uploads\/2026\/01\/tecnologia-768x248.jpg 768w, https:\/\/dev.mivv.com\/wp-content\/uploads\/2026\/01\/tecnologia.jpg 1200w\" sizes=\"auto, (max-width: 1024px) 100vw, 1024px\" \/><\/figure>\n<\/div><\/div><\/div>\n\n<div style=\"height:100px\" aria-hidden=\"true\" class=\"wp-block-spacer\"><\/div>\n","protected":false},"excerpt":{"rendered":"<p>MIVV, \u00e9chappements par passion \u00c0 l\u2019origine de tout, il y a une grande passion : les moteurs.L\u2019ann\u00e9e est 1970 ; le lieu, la zone industrielle de la province de Teramo, en Abruzzes.C\u2019est l\u00e0 que na\u00eet la Metal Industria Val Vibrata, connue d\u00e8s le d\u00e9part sous le nom de MIVV. Les deux-roues sont encore loin : [&hellip;]<\/p>\n","protected":false},"author":1,"featured_media":3416,"parent":0,"menu_order":0,"comment_status":"closed","ping_status":"closed","template":"","meta":{"_acf_changed":false,"footnotes":""},"class_list":["post-1239","page","type-page","status-publish","has-post-thumbnail","hentry"],"acf":[],"_links":{"self":[{"href":"https:\/\/dev.mivv.com\/fr\/wp-json\/wp\/v2\/pages\/1239","targetHints":{"allow":["GET"]}}],"collection":[{"href":"https:\/\/dev.mivv.com\/fr\/wp-json\/wp\/v2\/pages"}],"about":[{"href":"https:\/\/dev.mivv.com\/fr\/wp-json\/wp\/v2\/types\/page"}],"author":[{"embeddable":true,"href":"https:\/\/dev.mivv.com\/fr\/wp-json\/wp\/v2\/users\/1"}],"replies":[{"embeddable":true,"href":"https:\/\/dev.mivv.com\/fr\/wp-json\/wp\/v2\/comments?post=1239"}],"version-history":[{"count":1,"href":"https:\/\/dev.mivv.com\/fr\/wp-json\/wp\/v2\/pages\/1239\/revisions"}],"predecessor-version":[{"id":1240,"href":"https:\/\/dev.mivv.com\/fr\/wp-json\/wp\/v2\/pages\/1239\/revisions\/1240"}],"wp:featuredmedia":[{"embeddable":true,"href":"https:\/\/dev.mivv.com\/fr\/wp-json\/wp\/v2\/media\/3416"}],"wp:attachment":[{"href":"https:\/\/dev.mivv.com\/fr\/wp-json\/wp\/v2\/media?parent=1239"}],"curies":[{"name":"wp","href":"https:\/\/api.w.org\/{rel}","templated":true}]}}