{"id":1323,"date":"2026-01-16T09:54:27","date_gmt":"2026-01-16T08:54:27","guid":{"rendered":"http:\/\/mivv2026.local\/oem\/"},"modified":"2026-02-19T17:55:47","modified_gmt":"2026-02-19T16:55:47","slug":"oem","status":"publish","type":"page","link":"https:\/\/dev.mivv.com\/fr\/oem\/","title":{"rendered":"OEM"},"content":{"rendered":"\n<h2 class=\"wp-block-heading has-text-align-center\" style=\"font-size:60px;font-style:normal;font-weight:700\">Partenaire de nombreuses marques de motos<\/h2>\n\n<p class=\"has-text-align-center\">MIVV d\u00e9veloppe et fournit des \u00e9chappements moto d\u2019origine depuis 1990.<br\/>Gr\u00e2ce \u00e0 la longue exp\u00e9rience acquise, nous sommes capables d\u2019offrir des produits d\u2019excellence en utilisant les meilleures technologies et les meilleurs mat\u00e9riaux disponibles sur le march\u00e9.<\/p>\n\n<div style=\"height:100px\" aria-hidden=\"true\" class=\"wp-block-spacer\"><\/div>\n\n<h2 class=\"wp-block-heading has-text-align-center\" style=\"font-size:60px;font-style:normal;font-weight:700\">Collaborations<br\/><\/h2>\n\n<p class=\"has-text-align-center\">Les marques les plus prestigieuses avec lesquelles nous avons collabor\u00e9<\/p>\n\n<div style=\"height:50px\" aria-hidden=\"true\" class=\"wp-block-spacer\"><\/div>\n\n<div class=\"wp-block-columns is-layout-flex wp-container-core-columns-is-layout-9d6595d7 wp-block-columns-is-layout-flex\">\n<div class=\"wp-block-column is-layout-flow wp-block-column-is-layout-flow\">\n<div class=\"wp-block-group\"><div class=\"wp-block-group__inner-container is-layout-constrained wp-block-group-is-layout-constrained\">\n<figure class=\"wp-block-image size-full is-resized\"><img loading=\"lazy\" decoding=\"async\" width=\"168\" height=\"168\" src=\"http:\/\/mivv2026.local\/wp-content\/uploads\/2026\/01\/logo-ducati-edited.jpg\" alt=\"\" class=\"wp-image-547\" style=\"width:auto;height:150px\" srcset=\"https:\/\/dev.mivv.com\/wp-content\/uploads\/2026\/01\/logo-ducati-edited.jpg 168w, https:\/\/dev.mivv.com\/wp-content\/uploads\/2026\/01\/logo-ducati-edited-100x100.jpg 100w, https:\/\/dev.mivv.com\/wp-content\/uploads\/2026\/01\/logo-ducati-edited-150x150.jpg 150w\" sizes=\"auto, (max-width: 168px) 100vw, 168px\" \/><\/figure>\n<\/div><\/div>\n\n\n\n<div class=\"wp-block-group\"><div class=\"wp-block-group__inner-container is-layout-constrained wp-block-group-is-layout-constrained\">\n<div style=\"height:25px\" aria-hidden=\"true\" class=\"wp-block-spacer\"><\/div>\n\n\n\n<h3 class=\"wp-block-heading has-text-align-left\"><strong>DUCATI<\/strong><\/h3>\n\n\n\n<h4 class=\"wp-block-heading\">Mod\u00e8les<\/h4>\n\n\n\n<ul class=\"wp-block-list\">\n<li>Ducati Monster<\/li>\n\n\n\n<li>Ducati ST<\/li>\n\n\n\n<li>Ducati GT 1000<\/li>\n\n\n\n<li>Ducati Multistrada<\/li>\n\n\n\n<li>Ducati Hypermotard<\/li>\n\n\n\n<li>Ducati 998\/999<\/li>\n\n\n\n<li>Ducati Diavel<\/li>\n\n\n\n<li>Ducati Panigale V2<\/li>\n<\/ul>\n<\/div><\/div>\n<\/div>\n\n\n\n<div class=\"wp-block-column is-layout-flow wp-block-column-is-layout-flow\">\n<div class=\"wp-block-group\"><div class=\"wp-block-group__inner-container is-layout-constrained wp-block-group-is-layout-constrained\">\n<figure class=\"wp-block-image is-resized\"><img decoding=\"async\" src=\"https:\/\/mivv.com\/wp-content\/themes\/mivv\/img\/Aprilia-logo.jpg\" alt=\"\" style=\"width:auto;height:150px\"\/><\/figure>\n<\/div><\/div>\n\n\n\n<div class=\"wp-block-group\"><div class=\"wp-block-group__inner-container is-layout-constrained wp-block-group-is-layout-constrained\">\n<div style=\"height:25px\" aria-hidden=\"true\" class=\"wp-block-spacer\"><\/div>\n\n\n\n<h3 class=\"wp-block-heading has-text-align-left\"><strong>APRILIA<\/strong><\/h3>\n\n\n\n<h4 class=\"wp-block-heading\">Mod\u00e8les<\/h4>\n\n\n\n<ul class=\"wp-block-list\">\n<li>Aprilia RS 125<\/li>\n\n\n\n<li>Aprilia Custom 125<\/li>\n\n\n\n<li>Aprilia RSV 1000<\/li>\n\n\n\n<li>Aprilia Pegaso<\/li>\n\n\n\n<li>Aprilia Scarabeo<\/li>\n<\/ul>\n<\/div><\/div>\n<\/div>\n\n\n\n<div class=\"wp-block-column is-layout-flow wp-block-column-is-layout-flow\">\n<div class=\"wp-block-group\"><div class=\"wp-block-group__inner-container is-layout-constrained wp-block-group-is-layout-constrained\">\n<figure class=\"wp-block-image size-full is-resized\"><img loading=\"lazy\" decoding=\"async\" width=\"300\" height=\"89\" src=\"http:\/\/mivv2026.local\/wp-content\/uploads\/2026\/01\/derbi-logo-e1769533930818.jpg\" alt=\"\" class=\"wp-image-535\" style=\"width:auto;height:150px\"\/><\/figure>\n<\/div><\/div>\n\n\n\n<div class=\"wp-block-group\"><div class=\"wp-block-group__inner-container is-layout-constrained wp-block-group-is-layout-constrained\">\n<div style=\"height:25px\" aria-hidden=\"true\" class=\"wp-block-spacer\"><\/div>\n\n\n\n<h3 class=\"wp-block-heading has-text-align-left\"><strong>DERBI<\/strong><\/h3>\n\n\n\n<h4 class=\"wp-block-heading\">Mod\u00e8les<\/h4>\n\n\n\n<ul class=\"wp-block-list\">\n<li>Derbi Senda<\/li>\n<\/ul>\n<\/div><\/div>\n<\/div>\n\n\n\n<div class=\"wp-block-column is-layout-flow wp-block-column-is-layout-flow\">\n<div class=\"wp-block-group\"><div class=\"wp-block-group__inner-container is-layout-constrained wp-block-group-is-layout-constrained\">\n<figure class=\"wp-block-image size-full is-resized\"><img loading=\"lazy\" decoding=\"async\" width=\"300\" height=\"75\" src=\"http:\/\/mivv2026.local\/wp-content\/uploads\/2026\/01\/Yamaha_logo-e1769533973169.jpg\" alt=\"\" class=\"wp-image-538\" style=\"width:auto;height:150px\"\/><\/figure>\n<\/div><\/div>\n\n\n\n<div class=\"wp-block-group\"><div class=\"wp-block-group__inner-container is-layout-constrained wp-block-group-is-layout-constrained\">\n<div style=\"height:25px\" aria-hidden=\"true\" class=\"wp-block-spacer\"><\/div>\n\n\n\n<h3 class=\"wp-block-heading has-text-align-left\"><strong>YAMAHA<\/strong><\/h3>\n\n\n\n<h4 class=\"wp-block-heading\">Mod\u00e8les<\/h4>\n\n\n\n<ul class=\"wp-block-list\">\n<li>Yamaha Bulldog<\/li>\n<\/ul>\n<\/div><\/div>\n<\/div>\n\n\n\n<div class=\"wp-block-column is-layout-flow wp-block-column-is-layout-flow\">\n<div class=\"wp-block-group\"><div class=\"wp-block-group__inner-container is-layout-constrained wp-block-group-is-layout-constrained\">\n<figure class=\"wp-block-image size-full is-resized\"><img loading=\"lazy\" decoding=\"async\" width=\"261\" height=\"78\" src=\"http:\/\/mivv2026.local\/wp-content\/uploads\/2026\/01\/Motoguzzi_logo-e1769534015260.jpg\" alt=\"\" class=\"wp-image-537\" style=\"width:auto;height:150px\"\/><\/figure>\n<\/div><\/div>\n\n\n\n<div class=\"wp-block-group\"><div class=\"wp-block-group__inner-container is-layout-constrained wp-block-group-is-layout-constrained\">\n<div style=\"height:25px\" aria-hidden=\"true\" class=\"wp-block-spacer\"><\/div>\n\n\n\n<h3 class=\"wp-block-heading has-text-align-left\"><strong>MOTO GUZZI<\/strong><\/h3>\n\n\n\n<h4 class=\"wp-block-heading\">Mod\u00e8les<\/h4>\n\n\n\n<ul class=\"wp-block-list\">\n<li>Moto Guzzi Nevada<\/li>\n\n\n\n<li>Moto Guzzi California<\/li>\n<\/ul>\n<\/div><\/div>\n<\/div>\n<\/div>\n\n<div style=\"height:50px\" aria-hidden=\"true\" class=\"wp-block-spacer\"><\/div>\n\n<h2 class=\"wp-block-heading has-text-align-center\" style=\"font-size:60px;font-style:normal;font-weight:700\">Projets<\/h2>\n\n<p class=\"has-text-align-center\">Les projets les plus importants d\u00e9velopp\u00e9s<\/p>\n\n<div style=\"height:50px\" aria-hidden=\"true\" class=\"wp-block-spacer\"><\/div>\n\n<div class=\"wp-block-cb-carousel-v2 cb-carousel-block\" data-cb-slides-per-view=\"1\" data-cb-slides-per-group=\"1\" data-cb-space-between=\"50\" data-cb-speed=\"300\" data-cb-pagination=\"true\" data-cb-autoplay=\"true\" data-cb-autoplay-speed=\"3000\" data-cb-breakpoints=\"{&quot;768&quot;:{&quot;slidesPerView&quot;:2,&quot;slidesPerGroup&quot;:1}}\"><div class=\"swiper\"><div class=\"cb-wrapper swiper-wrapper\">\n<div class=\"wp-block-cb-slide-v2 cb-slide swiper-slide\">\n<figure class=\"wp-block-image\"><img decoding=\"async\" src=\"https:\/\/mivv.com\/wp-content\/themes\/mivv\/img\/Aprilia-RSV-1000.jpg\" alt=\"\"\/><\/figure>\n\n\n\n<h3 class=\"wp-block-heading has-text-align-center\"><strong>Aprilia RSV 1000<\/strong><\/h3>\n<\/div>\n\n\n\n<div class=\"wp-block-cb-slide-v2 cb-slide swiper-slide\">\n<figure class=\"wp-block-image\"><img decoding=\"async\" src=\"https:\/\/mivv.com\/wp-content\/themes\/mivv\/img\/Aprilia-RS-125.jpg\" alt=\"\"\/><\/figure>\n\n\n\n<h3 class=\"wp-block-heading has-text-align-center\"><strong>Aprilia RSV 125<\/strong><\/h3>\n<\/div>\n\n\n\n<div class=\"wp-block-cb-slide-v2 cb-slide swiper-slide\">\n<figure class=\"wp-block-image\"><img decoding=\"async\" src=\"https:\/\/mivv.com\/wp-content\/themes\/mivv\/img\/Ducati-Monster-695.jpg\" alt=\"\"\/><\/figure>\n\n\n\n<h3 class=\"wp-block-heading has-text-align-center\"><strong>Ducati Monster 695<\/strong><\/h3>\n<\/div>\n\n\n\n<div class=\"wp-block-cb-slide-v2 cb-slide swiper-slide\">\n<figure class=\"wp-block-image\"><img decoding=\"async\" src=\"https:\/\/mivv.com\/wp-content\/themes\/mivv\/img\/Ducati-Diavel-1200.jpg\" alt=\"\"\/><\/figure>\n\n\n\n<h3 class=\"wp-block-heading has-text-align-center\"><strong>Ducati Diavel 1200<\/strong><\/h3>\n<\/div>\n\n\n\n<div class=\"wp-block-cb-slide-v2 cb-slide swiper-slide\">\n<figure class=\"wp-block-image\"><img decoding=\"async\" src=\"https:\/\/mivv.com\/wp-content\/themes\/mivv\/img\/Ducati-Monster.jpg\" alt=\"\"\/><\/figure>\n\n\n\n<h3 class=\"wp-block-heading has-text-align-center\"><strong>Ducati Monster 999<\/strong><\/h3>\n<\/div>\n\n\n\n<div class=\"wp-block-cb-slide-v2 cb-slide swiper-slide\">\n<figure class=\"wp-block-image\"><img decoding=\"async\" src=\"https:\/\/mivv.com\/wp-content\/themes\/mivv\/img\/Ducati-Panigale.jpg\" alt=\"\"\/><\/figure>\n\n\n\n<h3 class=\"wp-block-heading has-text-align-center\"><strong>Ducati Panigale V2 955<\/strong><\/h3>\n<\/div>\n\n\n\n<div class=\"wp-block-cb-slide-v2 cb-slide swiper-slide\">\n<figure class=\"wp-block-image\"><img decoding=\"async\" src=\"https:\/\/mivv.com\/wp-content\/themes\/mivv\/img\/Ducati-Hypermotard.jpg\" alt=\"\"\/><\/figure>\n\n\n\n<h3 class=\"wp-block-heading has-text-align-center\"><strong>Ducati Hypermotard<\/strong><\/h3>\n<\/div>\n\n\n\n<div class=\"wp-block-cb-slide-v2 cb-slide swiper-slide\">\n<figure class=\"wp-block-image\"><img decoding=\"async\" src=\"https:\/\/mivv.com\/wp-content\/themes\/mivv\/img\/Moto-Guzzi-California.jpg\" alt=\"\"\/><\/figure>\n\n\n\n<h3 class=\"wp-block-heading has-text-align-center\"><strong>Moto Guzzi California<\/strong><\/h3>\n<\/div>\n<\/div><\/div><div class=\"cb-pagination swiper-pagination\"><\/div><\/div>\n","protected":false},"excerpt":{"rendered":"<p>Partenaire de nombreuses marques de motos MIVV d\u00e9veloppe et fournit des \u00e9chappements moto d\u2019origine depuis 1990.Gr\u00e2ce \u00e0 la longue exp\u00e9rience acquise, nous sommes capables d\u2019offrir des produits d\u2019excellence en utilisant les meilleures technologies et les meilleurs mat\u00e9riaux disponibles sur le march\u00e9. Collaborations Les marques les plus prestigieuses avec lesquelles nous avons collabor\u00e9 DUCATI Mod\u00e8les APRILIA [&hellip;]<\/p>\n","protected":false},"author":2,"featured_media":50113,"parent":0,"menu_order":0,"comment_status":"closed","ping_status":"closed","template":"","meta":{"_acf_changed":false,"footnotes":""},"class_list":["post-1323","page","type-page","status-publish","has-post-thumbnail","hentry"],"acf":[],"_links":{"self":[{"href":"https:\/\/dev.mivv.com\/fr\/wp-json\/wp\/v2\/pages\/1323","targetHints":{"allow":["GET"]}}],"collection":[{"href":"https:\/\/dev.mivv.com\/fr\/wp-json\/wp\/v2\/pages"}],"about":[{"href":"https:\/\/dev.mivv.com\/fr\/wp-json\/wp\/v2\/types\/page"}],"author":[{"embeddable":true,"href":"https:\/\/dev.mivv.com\/fr\/wp-json\/wp\/v2\/users\/2"}],"replies":[{"embeddable":true,"href":"https:\/\/dev.mivv.com\/fr\/wp-json\/wp\/v2\/comments?post=1323"}],"version-history":[{"count":1,"href":"https:\/\/dev.mivv.com\/fr\/wp-json\/wp\/v2\/pages\/1323\/revisions"}],"predecessor-version":[{"id":1326,"href":"https:\/\/dev.mivv.com\/fr\/wp-json\/wp\/v2\/pages\/1323\/revisions\/1326"}],"wp:featuredmedia":[{"embeddable":true,"href":"https:\/\/dev.mivv.com\/fr\/wp-json\/wp\/v2\/media\/50113"}],"wp:attachment":[{"href":"https:\/\/dev.mivv.com\/fr\/wp-json\/wp\/v2\/media?parent=1323"}],"curies":[{"name":"wp","href":"https:\/\/api.w.org\/{rel}","templated":true}]}}