{"id":1528,"date":"2026-01-16T10:10:02","date_gmt":"2026-01-16T09:10:02","guid":{"rendered":"http:\/\/mivv2026.local\/code-ethique\/"},"modified":"2026-02-27T17:59:20","modified_gmt":"2026-02-27T16:59:20","slug":"code-ethique","status":"publish","type":"page","link":"https:\/\/dev.mivv.com\/fr\/code-ethique\/","title":{"rendered":"Code \u00c9thique"},"content":{"rendered":"\n<h2 class=\"wp-block-heading\">\u00c9thique et Responsabilit\u00e9 Sociale : Notre Engagement<\/h2>\n\n<p>Chez MIVV SpA, nous croyons que le succ\u00e8s de l\u2019entreprise ne peut se dissocier d\u2019une conduite \u00e9thique rigoureuse et d\u2019un profond sens de responsabilit\u00e9 envers la communaut\u00e9 et l\u2019environnement. Pour cette raison, nous avons adopt\u00e9 un Code \u00c9thique et une Politique de Responsabilit\u00e9 Sociale qui guident chacune de nos actions quotidiennes. <\/p>\n\n<p>Notre action se fonde sur les principes de la norme UNI EN ISO 26000:2020, \u00e0 travers lesquels nous nous engageons constamment \u00e0 garantir<\/p>\n\n<ul class=\"wp-block-list has-black-color has-text-color has-link-color wp-elements-3a507d4e7a40ca0233d2bb74568e2bda\">\n<li>Transparence et responsabilit\u00e9 : Nous rendons compte de l\u2019impact de nos d\u00e9cisions sur les parties prenantes, sur la soci\u00e9t\u00e9 et sur l\u2019\u00e9conomie.<\/li>\n\n\n\n<li>Respect des Droits Humains : Nous promouvons la dignit\u00e9, l\u2019\u00e9galit\u00e9 et la libert\u00e9, en rejetant toute forme de discrimination ou d\u2019exploitation.<\/li>\n\n\n\n<li>Protection du Travail : Nous garantissons \u00e0 nos collaborateurs des conditions de travail \u00e9quitables, la sant\u00e9, la s\u00e9curit\u00e9 et des opportunit\u00e9s de d\u00e9veloppement professionnel.<\/li>\n\n\n\n<li>Durabilit\u00e9 Environnementale : Nous agissons activement pour pr\u00e9venir la pollution, r\u00e9duire les d\u00e9chets et utiliser les ressources de mani\u00e8re efficace et renouvelable.<\/li>\n\n\n\n<li>Int\u00e9grit\u00e9 dans les Affaires : Nous op\u00e9rons avec loyaut\u00e9 sur le march\u00e9, en luttant contre la corruption et en respectant les r\u00e8gles de concurrence.<\/li>\n<\/ul>\n\n<p>Ce document de synth\u00e8se repr\u00e9sente la boussole des valeurs pour tous les membres de notre organisation ainsi que pour les partenaires qui collaborent avec nous.<sup><\/sup><sup><\/sup><sup><\/sup><sup><\/sup>. C\u2019est le t\u00e9moignage de notre engagement \u00e0 cr\u00e9er une valeur durable dans le temps, pour l\u2019entreprise et pour le territoire<sup><\/sup><sup><\/sup><sup><\/sup><sup><\/sup><sup><\/sup><sup><\/sup><sup><\/sup><sup><\/sup><sup><\/sup>.<\/p>\n\n<div class=\"wp-block-buttons is-content-justification-center is-layout-flex wp-container-core-buttons-is-layout-16018d1d wp-block-buttons-is-layout-flex\">\n<div class=\"wp-block-button\"><a class=\"wp-block-button__link has-background wp-element-button\" href=\"\/wp-content\/uploads\/2026\/02\/sintesi_codice_etico_e_politica_en_compressed.pdf\" style=\"border-top-left-radius:0px;border-top-right-radius:0px;border-bottom-left-radius:0px;border-bottom-right-radius:0px;background-color:#d10008\" target=\"_blank\" rel=\"noreferrer noopener nofollow\">T\u00e9l\u00e9chargez le R\u00e9sum\u00e9 du Code \u00c9thique et de la Politique d\u2019Entreprise (PDF)<\/a><\/div>\n<\/div>\n","protected":false},"excerpt":{"rendered":"<p>\u00c9thique et Responsabilit\u00e9 Sociale : Notre Engagement Chez MIVV SpA, nous croyons que le succ\u00e8s de l\u2019entreprise ne peut se dissocier d\u2019une conduite \u00e9thique rigoureuse et d\u2019un profond sens de responsabilit\u00e9 envers la communaut\u00e9 et l\u2019environnement. Pour cette raison, nous avons adopt\u00e9 un Code \u00c9thique et une Politique de Responsabilit\u00e9 Sociale qui guident chacune de [&hellip;]<\/p>\n","protected":false},"author":2,"featured_media":0,"parent":0,"menu_order":0,"comment_status":"closed","ping_status":"closed","template":"","meta":{"_acf_changed":false,"footnotes":""},"class_list":["post-1528","page","type-page","status-publish","hentry"],"acf":[],"_links":{"self":[{"href":"https:\/\/dev.mivv.com\/fr\/wp-json\/wp\/v2\/pages\/1528","targetHints":{"allow":["GET"]}}],"collection":[{"href":"https:\/\/dev.mivv.com\/fr\/wp-json\/wp\/v2\/pages"}],"about":[{"href":"https:\/\/dev.mivv.com\/fr\/wp-json\/wp\/v2\/types\/page"}],"author":[{"embeddable":true,"href":"https:\/\/dev.mivv.com\/fr\/wp-json\/wp\/v2\/users\/2"}],"replies":[{"embeddable":true,"href":"https:\/\/dev.mivv.com\/fr\/wp-json\/wp\/v2\/comments?post=1528"}],"version-history":[{"count":1,"href":"https:\/\/dev.mivv.com\/fr\/wp-json\/wp\/v2\/pages\/1528\/revisions"}],"predecessor-version":[{"id":1529,"href":"https:\/\/dev.mivv.com\/fr\/wp-json\/wp\/v2\/pages\/1528\/revisions\/1529"}],"wp:attachment":[{"href":"https:\/\/dev.mivv.com\/fr\/wp-json\/wp\/v2\/media?parent=1528"}],"curies":[{"name":"wp","href":"https:\/\/api.w.org\/{rel}","templated":true}]}}