{"id":199,"date":"2026-01-07T19:18:53","date_gmt":"2026-01-07T18:18:53","guid":{"rendered":"https:\/\/mivv2026.local\/qui-sommes-nous\/"},"modified":"2026-04-23T15:36:49","modified_gmt":"2026-04-23T13:36:49","slug":"qui-sommes-nous","status":"publish","type":"page","link":"https:\/\/dev.mivv.com\/fr\/qui-sommes-nous\/","title":{"rendered":"Qui sommes-nous"},"content":{"rendered":"\n<div class=\"wp-block-columns is-layout-flex wp-container-core-columns-is-layout-9d6595d7 wp-block-columns-is-layout-flex\">\n<div class=\"wp-block-column is-vertically-aligned-center is-layout-flow wp-block-column-is-layout-flow\">\n<h2 class=\"wp-block-heading\" style=\"font-size:60px;font-style:normal;font-weight:700\">Pur style italien<\/h2>\n\n\n\n<p><strong>L\u2019\u00e9chappement premium pour motos exclusives<\/strong><\/p>\n\n\n\n<div style=\"height:25px\" aria-hidden=\"true\" class=\"wp-block-spacer\"><\/div>\n\n\n\n<p>Mivv est une entreprise leader dans la conception de syst\u00e8mes d\u2019\u00e9chappement premium pour motos, offrant une alliance parfaite entre performances et \u00e9motions intenses.<\/p>\n\n\n\n<p>Depuis notre fondation en 1970, nous avons connu des p\u00e9riodes de croissance extraordinaire et comptons aujourd\u2019hui 160 employ\u00e9s r\u00e9partis sur 3 sites, couvrant une superficie totale de 25 000 m\u00b2. Nos produits sont disponibles dans plus de 40 pays \u00e0 travers le monde, t\u00e9moignant de notre pr\u00e9sence mondiale.<\/p>\n\n\n\n<p>Nos syst\u00e8mes d\u2019\u00e9chappement aftermarket sont le fruit d\u2019une recherche constante des mat\u00e9riaux les plus innovants et des solutions de design les plus attrayantes. Chaque d\u00e9tail est soigneusement \u00e9tudi\u00e9 afin de garantir non seulement une am\u00e9lioration des performances, mais aussi un son inimitable capable de transmettre une sensation unique aux passionn\u00e9s de deux roues.<\/p>\n<\/div>\n\n\n\n<div class=\"wp-block-column is-vertically-aligned-top is-layout-flow wp-block-column-is-layout-flow\"><div class=\"wp-block-image\">\n<figure class=\"alignright size-full\"><img loading=\"lazy\" decoding=\"async\" width=\"1800\" height=\"1600\" src=\"http:\/\/mivv2026.local\/wp-content\/uploads\/2026\/03\/mivv-design-prodotti-1.jpg\" alt=\"\" class=\"wp-image-3461\" style=\"object-fit:cover\" srcset=\"https:\/\/dev.mivv.com\/wp-content\/uploads\/2026\/03\/mivv-design-prodotti-1.jpg 1800w, https:\/\/dev.mivv.com\/wp-content\/uploads\/2026\/03\/mivv-design-prodotti-1-300x267.jpg 300w, https:\/\/dev.mivv.com\/wp-content\/uploads\/2026\/03\/mivv-design-prodotti-1-1024x910.jpg 1024w, https:\/\/dev.mivv.com\/wp-content\/uploads\/2026\/03\/mivv-design-prodotti-1-768x683.jpg 768w, https:\/\/dev.mivv.com\/wp-content\/uploads\/2026\/03\/mivv-design-prodotti-1-1536x1365.jpg 1536w, https:\/\/dev.mivv.com\/wp-content\/uploads\/2026\/03\/mivv-design-prodotti-1-600x533.jpg 600w\" sizes=\"auto, (max-width: 1800px) 100vw, 1800px\" \/><\/figure>\n<\/div><\/div>\n<\/div>\n\n<div class=\"wp-block-columns inverti-mobile is-layout-flex wp-container-core-columns-is-layout-9d6595d7 wp-block-columns-is-layout-flex\">\n<div class=\"wp-block-column is-layout-flow wp-block-column-is-layout-flow\" style=\"flex-basis:50%\"><div class=\"wp-block-image\">\n<figure class=\"alignleft size-full\"><img loading=\"lazy\" decoding=\"async\" width=\"1280\" height=\"1138\" src=\"http:\/\/mivv2026.local\/wp-content\/uploads\/2026\/03\/mivv-chi-siamo-2.jpg\" alt=\"\" class=\"wp-image-3477\" style=\"object-fit:cover\" srcset=\"https:\/\/dev.mivv.com\/wp-content\/uploads\/2026\/03\/mivv-chi-siamo-2.jpg 1280w, https:\/\/dev.mivv.com\/wp-content\/uploads\/2026\/03\/mivv-chi-siamo-2-300x267.jpg 300w, https:\/\/dev.mivv.com\/wp-content\/uploads\/2026\/03\/mivv-chi-siamo-2-1024x910.jpg 1024w, https:\/\/dev.mivv.com\/wp-content\/uploads\/2026\/03\/mivv-chi-siamo-2-768x683.jpg 768w, https:\/\/dev.mivv.com\/wp-content\/uploads\/2026\/03\/mivv-chi-siamo-2-600x533.jpg 600w\" sizes=\"auto, (max-width: 1280px) 100vw, 1280px\" \/><\/figure>\n<\/div><\/div>\n\n\n\n<div class=\"wp-block-column is-vertically-aligned-center is-layout-flow wp-block-column-is-layout-flow\" style=\"flex-basis:50%\">\n<h2 class=\"wp-block-heading\" style=\"font-size:60px;font-style:normal;font-weight:700\">Passion racing<\/h2>\n\n\n\n<p><strong>Technologie et savoir-faire artisanal italien<\/strong><\/p>\n\n\n\n<div style=\"height:25px\" aria-hidden=\"true\" class=\"wp-block-spacer\"><\/div>\n\n\n\n<p>Nous nous engageons constamment dans le d\u00e9veloppement technologique, anim\u00e9s par une passion et une d\u00e9termination sans limites. C\u2019est pr\u00e9cis\u00e9ment cette d\u00e9votion qui nous a permis d\u2019atteindre des objectifs majeurs sur tous les principaux march\u00e9s mondiaux.<\/p>\n\n\n\n<p>Notre exp\u00e9rience dans le domaine de la comp\u00e9tition a jou\u00e9 un r\u00f4le fondamental dans notre succ\u00e8s. Nous collaborons avec des \u00e9quipes de haut niveau engag\u00e9es dans les championnats italiens, europ\u00e9ens et mondiaux, qui nous ont apport\u00e9 un savoir et une expertise uniques pour d\u00e9velopper des produits premium de qualit\u00e9 sup\u00e9rieure.<\/p>\n\n\n\n<p>En choisissant Mivv, vous n\u2019obtenez pas seulement un syst\u00e8me d\u2019\u00e9chappement premium, mais aussi une ic\u00f4ne du style italien alliant design et performances in\u00e9gal\u00e9es. Nos solutions sont l\u2019expression de la passion et du savoir-faire artisanal italien et apportent une touche distinctive \u00e0 chaque moto.<\/p>\n\n\n\n<div style=\"height:25px\" aria-hidden=\"true\" class=\"wp-block-spacer\"><\/div>\n\n\n\n<div class=\"wp-block-buttons is-layout-flex wp-block-buttons-is-layout-flex\">\n<div class=\"wp-block-button is-style-outline is-style-outline--1\"><a class=\"wp-block-button__link has-black-color has-text-color has-link-color has-text-align-center wp-element-button\" href=\"https:\/\/dev.mivv.com\/fr\/echappements\/\" style=\"border-top-left-radius:0px;border-top-right-radius:0px;border-bottom-left-radius:0px;border-bottom-right-radius:0px;font-style:normal;font-weight:600;text-transform:uppercase\">D\u00e9couvrez les \u00e9chappements Mivv<\/a><\/div>\n<\/div>\n<\/div>\n<\/div>\n\n<div style=\"height:100px\" aria-hidden=\"true\" class=\"wp-block-spacer\"><\/div>\n\n<p class=\"has-text-align-center\" style=\"font-size:50px;font-style:normal;font-weight:700;letter-spacing:0px\"><strong>Notre d\u00e9fi ?<\/strong><\/p>\n\n<p class=\"has-text-align-center\" style=\"letter-spacing:0px\"><strong>Offrir des syst\u00e8mes d\u2019\u00e9chappement premium capables de garantir le maximum en termes de performances et d\u2019\u00e9motions.<\/strong><\/p>\n\n<div style=\"height:50px\" aria-hidden=\"true\" class=\"wp-block-spacer\"><\/div>\n\n<div class=\"wp-block-group is-content-justification-center is-layout-flex wp-container-core-group-is-layout-64b26803 wp-block-group-is-layout-flex\">\n<iframe loading=\"lazy\" width=\"1120\" height=\"630\" src=\"https:\/\/www.youtube.com\/embed\/UmKH0TesqWk?si=PDE7C8kgL7EDvLXn\" title=\"Lecteur vid\u00e9o YouTube\" frameborder=\"0\" allow=\"accelerometer; autoplay; clipboard-write; encrypted-media; gyroscope; picture-in-picture; web-share\" referrerpolicy=\"strict-origin-when-cross-origin\" allowfullscreen=\"\"><\/iframe>\r\n<\/div>\n","protected":false},"excerpt":{"rendered":"<p>Pur style italien L\u2019\u00e9chappement premium pour motos exclusives Mivv est une entreprise leader dans la conception de syst\u00e8mes d\u2019\u00e9chappement premium pour motos, offrant une alliance parfaite entre performances et \u00e9motions intenses. Depuis notre fondation en 1970, nous avons connu des p\u00e9riodes de croissance extraordinaire et comptons aujourd\u2019hui 160 employ\u00e9s r\u00e9partis sur 3 sites, couvrant une [&hellip;]<\/p>\n","protected":false},"author":1,"featured_media":0,"parent":0,"menu_order":0,"comment_status":"closed","ping_status":"closed","template":"","meta":{"_acf_changed":false,"footnotes":""},"class_list":["post-199","page","type-page","status-publish","hentry"],"acf":[],"_links":{"self":[{"href":"https:\/\/dev.mivv.com\/fr\/wp-json\/wp\/v2\/pages\/199","targetHints":{"allow":["GET"]}}],"collection":[{"href":"https:\/\/dev.mivv.com\/fr\/wp-json\/wp\/v2\/pages"}],"about":[{"href":"https:\/\/dev.mivv.com\/fr\/wp-json\/wp\/v2\/types\/page"}],"author":[{"embeddable":true,"href":"https:\/\/dev.mivv.com\/fr\/wp-json\/wp\/v2\/users\/1"}],"replies":[{"embeddable":true,"href":"https:\/\/dev.mivv.com\/fr\/wp-json\/wp\/v2\/comments?post=199"}],"version-history":[{"count":12,"href":"https:\/\/dev.mivv.com\/fr\/wp-json\/wp\/v2\/pages\/199\/revisions"}],"predecessor-version":[{"id":105902,"href":"https:\/\/dev.mivv.com\/fr\/wp-json\/wp\/v2\/pages\/199\/revisions\/105902"}],"wp:attachment":[{"href":"https:\/\/dev.mivv.com\/fr\/wp-json\/wp\/v2\/media?parent=199"}],"curies":[{"name":"wp","href":"https:\/\/api.w.org\/{rel}","templated":true}]}}