{"id":100021,"date":"2026-04-21T14:36:30","date_gmt":"2026-04-21T12:36:30","guid":{"rendered":"https:\/\/dev.mivv.com\/scarico-moto\/a-015-lr1tb-aprilia-tuono-v4-1100-2021-2024\/"},"modified":"2026-04-21T14:36:30","modified_gmt":"2026-04-21T12:36:30","slug":"a-015-lr1tb-aprilia-tuono-v4-1100-2021-2024","status":"publish","type":"product","link":"https:\/\/dev.mivv.com\/fr\/product\/a-015-lr1tb-aprilia-tuono-v4-1100-2021-2024\/","title":{"rendered":"A.015.LR1TB \u2013 APRILIA TUONO V4 1100 2021 > 2024"},"content":{"rendered":"<p>R\u00e9alis\u00e9 pour am\u00e9liorer <strong>l\u2019aspect, le son et les prestations<\/strong> de la moto, le pot slip-on Mivv est issu de l\u2019attention maximale vers le design, en vue de satisfaire ceux qui souhaitent se <strong>d\u00e9marquer<\/strong> aussi par l\u2019allure de leur moto.<\/p>\n<p>Les \u00e9chappements de la gamme <strong>SR-1<\/strong> sont principalement d\u00e9di\u00e9s aux superbikes et hypernaked. <strong>SR-1<\/strong> h\u00e9rite de toute l&rsquo;exp\u00e9rience acquise dans les diff\u00e9rents championnats du monde <strong>MotoGp &#8211; Moto2 &#8211; Moto3<\/strong>. Fini avec une grande attention aux d\u00e9tails, il garantit une am\u00e9lioration du <strong>look<\/strong> et des <strong>performances<\/strong> de la moto.<\/p>\n<p>Cette version se caract\u00e9rise par un <strong> corps en titane de forme hexagonale avec finition noir<\/strong> et la pr\u00e9sence d&rsquo;une <strong>coupelle en carbone<\/strong> avec un tissage T-will capable de r\u00e9sister aux contraintes de haute temp\u00e9rature typiques <strong>du monde des courses<\/strong>. Par rapport \u00e0 l&rsquo;\u00e9chappement d&rsquo;origine, le SR-1 en <strong>titane<\/strong> garantit une <strong>r\u00e9duction significative du poids<\/strong>.<\/p>\n","protected":false},"excerpt":{"rendered":"<p>HOMOLOGU\u00c9 EURO5 UNIQUEMENT AVEC LE CATALYSEUR ACC.077.A1 INSTALL\u00c9. TUBE DE RACCORDEMENT \u00c9QUIP\u00c9 DE SOUPAPE. PARE-CHALEUR EN CARBONE INCLUS. NON COMPATIBLE AVEC LES V\u00c9HICULES EURO5+ \u00c9QUIP\u00c9S DE SONDE LAMBDA APRES-CATALYSEUR.<\/p>\n","protected":false},"featured_media":65461,"template":"","meta":{"_acf_changed":false},"product_brand":[21893,21564,21879],"product_cat":[704],"product_tag":[],"class_list":{"0":"post-100021","1":"product","2":"type-product","3":"status-publish","4":"has-post-thumbnail","6":"product_brand-2021-tuono-v4-1100","7":"product_brand-aprilia","8":"product_brand-tuono-v4-1100","9":"product_cat-slip-on","11":"first","12":"instock","13":"shipping-taxable","14":"product-type-simple"},"acf":[],"_links":{"self":[{"href":"https:\/\/dev.mivv.com\/fr\/wp-json\/wp\/v2\/product\/100021","targetHints":{"allow":["GET"]}}],"collection":[{"href":"https:\/\/dev.mivv.com\/fr\/wp-json\/wp\/v2\/product"}],"about":[{"href":"https:\/\/dev.mivv.com\/fr\/wp-json\/wp\/v2\/types\/product"}],"wp:featuredmedia":[{"embeddable":true,"href":"https:\/\/dev.mivv.com\/fr\/wp-json\/wp\/v2\/media\/65461"}],"wp:attachment":[{"href":"https:\/\/dev.mivv.com\/fr\/wp-json\/wp\/v2\/media?parent=100021"}],"wp:term":[{"taxonomy":"product_brand","embeddable":true,"href":"https:\/\/dev.mivv.com\/fr\/wp-json\/wp\/v2\/product_brand?post=100021"},{"taxonomy":"product_cat","embeddable":true,"href":"https:\/\/dev.mivv.com\/fr\/wp-json\/wp\/v2\/product_cat?post=100021"},{"taxonomy":"product_tag","embeddable":true,"href":"https:\/\/dev.mivv.com\/fr\/wp-json\/wp\/v2\/product_tag?post=100021"}],"curies":[{"name":"wp","href":"https:\/\/api.w.org\/{rel}","templated":true}]}}