{"id":100301,"date":"2026-04-21T14:39:16","date_gmt":"2026-04-21T12:39:16","guid":{"rendered":"https:\/\/dev.mivv.com\/scarico-moto\/h-085-c1-honda-cb-750-hornet-2023-2024\/"},"modified":"2026-04-21T14:39:16","modified_gmt":"2026-04-21T12:39:16","slug":"h-085-c1-honda-cb-750-hornet-2023-2024","status":"publish","type":"product","link":"https:\/\/dev.mivv.com\/fr\/product\/h-085-c1-honda-cb-750-hornet-2023-2024\/","title":{"rendered":"H.085.C1 \u2013  HONDA CB 750 HORNET 2023 > 2024"},"content":{"rendered":"<p>Les tubes d\u00e9catalyseur optionnelles, r\u00e9alis\u00e9s en acier inox, permettent d\u2019augmenter les performances du v\u00e9hicule surtout si associ\u00e9s au silencieux slip-on Mivv en garantissant un look plus \u00ab racing \u00bb et un son incomparable. Les tubes d\u00e9catalyseur ne sont pas homologu\u00e9s pour un usage routier.<\/p>\n","protected":false},"excerpt":{"rendered":"<p>No-kat pipe (convient aussi bien aux silencieux MIVV qu&rsquo;\u00e0 l&rsquo;original)<\/p>\n","protected":false},"featured_media":25721,"template":"","meta":{"_acf_changed":false},"product_brand":[24056,24049,23846],"product_cat":[794],"product_tag":[],"class_list":{"0":"post-100301","1":"product","2":"type-product","3":"status-publish","4":"has-post-thumbnail","6":"product_brand-2023-cb-750-hornet","7":"product_brand-cb-750-hornet","8":"product_brand-honda","9":"product_cat-tube-sans-kat","11":"first","12":"instock","13":"shipping-taxable","14":"product-type-simple"},"acf":[],"_links":{"self":[{"href":"https:\/\/dev.mivv.com\/fr\/wp-json\/wp\/v2\/product\/100301","targetHints":{"allow":["GET"]}}],"collection":[{"href":"https:\/\/dev.mivv.com\/fr\/wp-json\/wp\/v2\/product"}],"about":[{"href":"https:\/\/dev.mivv.com\/fr\/wp-json\/wp\/v2\/types\/product"}],"wp:featuredmedia":[{"embeddable":true,"href":"https:\/\/dev.mivv.com\/fr\/wp-json\/wp\/v2\/media\/25721"}],"wp:attachment":[{"href":"https:\/\/dev.mivv.com\/fr\/wp-json\/wp\/v2\/media?parent=100301"}],"wp:term":[{"taxonomy":"product_brand","embeddable":true,"href":"https:\/\/dev.mivv.com\/fr\/wp-json\/wp\/v2\/product_brand?post=100301"},{"taxonomy":"product_cat","embeddable":true,"href":"https:\/\/dev.mivv.com\/fr\/wp-json\/wp\/v2\/product_cat?post=100301"},{"taxonomy":"product_tag","embeddable":true,"href":"https:\/\/dev.mivv.com\/fr\/wp-json\/wp\/v2\/product_tag?post=100301"}],"curies":[{"name":"wp","href":"https:\/\/api.w.org\/{rel}","templated":true}]}}