{"id":102555,"date":"2026-04-21T14:59:42","date_gmt":"2026-04-21T12:59:42","guid":{"rendered":"https:\/\/dev.mivv.com\/scarico-moto\/cf-002-lx2-cf-moto-650mt-2025-2025\/"},"modified":"2026-04-21T14:59:42","modified_gmt":"2026-04-21T12:59:42","slug":"cf-002-lx2-cf-moto-650mt-2025-2025","status":"publish","type":"product","link":"https:\/\/dev.mivv.com\/fr\/product\/cf-002-lx2-cf-moto-650mt-2025-2025\/","title":{"rendered":"CF.002.LX2 \u2013 CF MOTO 650MT 2025 > 2025"},"content":{"rendered":"<p>R\u00e9alis\u00e9 pour am\u00e9liorer <strong>l\u2019aspect, le son et les prestations<\/strong> de la moto, le pot slip-on Mivv est issu de l\u2019attention maximale vers le design, en vue de satisfaire ceux qui souhaitent se <strong>d\u00e9marquer<\/strong> aussi par l\u2019allure de leur moto.<\/p>\n<p>L\u2019\u00e9chappement OVAL s\u2019adapte parfaitement \u00e0 n\u2019importe quel type de moto. Peaufin\u00e9 dans les moindres d\u00e9tails, c\u2019est une ligne qui repr\u00e9sente le meilleur compromis entre <strong>design<\/strong> et <strong>performances.<\/strong><\/p>\n<p>Le corps en acier inox <strong>bross\u00e9<\/strong> conf\u00e8re \u00e0 ce silencieux la <strong>finition naturelle<\/strong> du m\u00e9tal.<\/p>\n","protected":false},"excerpt":{"rendered":"<p>HOMOLOGU\u00c9 EURO 5 UNIQUEMENT AVEC CATALYSEUR ACC.077.A1 INSTALL\u00c9. NON COMPATIBLE AVEC LES V\u00c9HICULES EURO5+ \u00c9QUIP\u00c9S DE SONDE LAMBDA APRES-CATALYSEUR.<\/p>\n","protected":false},"featured_media":62581,"template":"","meta":{"_acf_changed":false},"product_brand":[22719,22565],"product_cat":[704],"product_tag":[],"class_list":{"0":"post-102555","1":"product","2":"type-product","3":"status-publish","4":"has-post-thumbnail","6":"product_brand-700-mt","7":"product_brand-cf-moto","8":"product_cat-slip-on","10":"first","11":"instock","12":"shipping-taxable","13":"product-type-simple"},"acf":[],"_links":{"self":[{"href":"https:\/\/dev.mivv.com\/fr\/wp-json\/wp\/v2\/product\/102555","targetHints":{"allow":["GET"]}}],"collection":[{"href":"https:\/\/dev.mivv.com\/fr\/wp-json\/wp\/v2\/product"}],"about":[{"href":"https:\/\/dev.mivv.com\/fr\/wp-json\/wp\/v2\/types\/product"}],"wp:featuredmedia":[{"embeddable":true,"href":"https:\/\/dev.mivv.com\/fr\/wp-json\/wp\/v2\/media\/62581"}],"wp:attachment":[{"href":"https:\/\/dev.mivv.com\/fr\/wp-json\/wp\/v2\/media?parent=102555"}],"wp:term":[{"taxonomy":"product_brand","embeddable":true,"href":"https:\/\/dev.mivv.com\/fr\/wp-json\/wp\/v2\/product_brand?post=102555"},{"taxonomy":"product_cat","embeddable":true,"href":"https:\/\/dev.mivv.com\/fr\/wp-json\/wp\/v2\/product_cat?post=102555"},{"taxonomy":"product_tag","embeddable":true,"href":"https:\/\/dev.mivv.com\/fr\/wp-json\/wp\/v2\/product_tag?post=102555"}],"curies":[{"name":"wp","href":"https:\/\/api.w.org\/{rel}","templated":true}]}}