{"id":102702,"date":"2026-04-21T15:00:59","date_gmt":"2026-04-21T13:00:59","guid":{"rendered":"https:\/\/dev.mivv.com\/scarico-moto\/h-080-c1-honda-forza-750-2025-2026\/"},"modified":"2026-04-21T15:00:59","modified_gmt":"2026-04-21T13:00:59","slug":"h-080-c1-honda-forza-750-2025-2026","status":"publish","type":"product","link":"https:\/\/dev.mivv.com\/fr\/product\/h-080-c1-honda-forza-750-2025-2026\/","title":{"rendered":"H.080.C1 \u2013 HONDA FORZA 750 2025 > 2026"},"content":{"rendered":"<p>Les tubes d\u00e9catalyseur optionnelles, r\u00e9alis\u00e9s en acier inox, permettent d\u2019augmenter les performances du v\u00e9hicule surtout si associ\u00e9s au silencieux slip-on Mivv en garantissant un look plus \u00ab racing \u00bb et un son incomparable. Les tubes d\u00e9catalyseur ne sont pas homologu\u00e9s pour un usage routier.<\/p>\n","protected":false},"excerpt":{"rendered":"<p>No-kat pipe (convient aussi bien aux silencieux MIVV qu&rsquo;\u00e0 l&rsquo;original). L&rsquo;installation de ce syst\u00e8me d&rsquo;\u00e9chappement sans la switch-off key peut provoquer l&rsquo;allumage du voyant d&rsquo;avertissement du moteur.<\/p>\n","protected":false},"featured_media":25644,"template":"","meta":{"_acf_changed":false},"product_brand":[24497,24483,23846],"product_cat":[794],"product_tag":[],"class_list":{"0":"post-102702","1":"product","2":"type-product","3":"status-publish","4":"has-post-thumbnail","6":"product_brand-2025-2026-10378","7":"product_brand-forza-750","8":"product_brand-honda","9":"product_cat-tube-sans-kat","11":"first","12":"instock","13":"shipping-taxable","14":"product-type-simple"},"acf":[],"_links":{"self":[{"href":"https:\/\/dev.mivv.com\/fr\/wp-json\/wp\/v2\/product\/102702","targetHints":{"allow":["GET"]}}],"collection":[{"href":"https:\/\/dev.mivv.com\/fr\/wp-json\/wp\/v2\/product"}],"about":[{"href":"https:\/\/dev.mivv.com\/fr\/wp-json\/wp\/v2\/types\/product"}],"wp:featuredmedia":[{"embeddable":true,"href":"https:\/\/dev.mivv.com\/fr\/wp-json\/wp\/v2\/media\/25644"}],"wp:attachment":[{"href":"https:\/\/dev.mivv.com\/fr\/wp-json\/wp\/v2\/media?parent=102702"}],"wp:term":[{"taxonomy":"product_brand","embeddable":true,"href":"https:\/\/dev.mivv.com\/fr\/wp-json\/wp\/v2\/product_brand?post=102702"},{"taxonomy":"product_cat","embeddable":true,"href":"https:\/\/dev.mivv.com\/fr\/wp-json\/wp\/v2\/product_cat?post=102702"},{"taxonomy":"product_tag","embeddable":true,"href":"https:\/\/dev.mivv.com\/fr\/wp-json\/wp\/v2\/product_tag?post=102702"}],"curies":[{"name":"wp","href":"https:\/\/api.w.org\/{rel}","templated":true}]}}