{"id":103584,"date":"2026-04-21T15:08:48","date_gmt":"2026-04-21T13:08:48","guid":{"rendered":"https:\/\/dev.mivv.com\/scarico-moto\/h-086-lz-honda-xl750-transalp-2025-2026\/"},"modified":"2026-04-21T15:08:48","modified_gmt":"2026-04-21T13:08:48","slug":"h-086-lz-honda-xl750-transalp-2025-2026","status":"publish","type":"product","link":"https:\/\/dev.mivv.com\/fr\/product\/h-086-lz-honda-xl750-transalp-2025-2026\/","title":{"rendered":"H.086.LZ- HONDA XL750 TRANSALP 2025 > 2026"},"content":{"rendered":"<p>R\u00e9alis\u00e9 pour am\u00e9liorer <strong>l\u2019aspect, le son et les prestations<\/strong> de la moto, le pot slip-on Mivv est issu de l\u2019attention maximale vers le design, en vue de satisfaire ceux qui souhaitent se <strong>d\u00e9marquer<\/strong> aussi par l\u2019allure de leur moto.<\/p>\n<p>L\u2019\u00e9chappement OVAL s\u2019adapte parfaitement \u00e0 n\u2019importe quel type de moto. Peaufin\u00e9 dans les moindres d\u00e9tails, c\u2019est une ligne qui repr\u00e9sente le meilleur compromis entre <strong>design<\/strong> et <strong>performances.<\/strong><\/p>\n<p>La version <strong>Black<\/strong> est caract\u00e9ris\u00e9e par un corps central en <strong>acier inox noir 304<\/strong> avec effet <strong>\u00ab\u00a0Black Moon\u00a0\u00bb<\/strong>, une finition obtenue gr\u00e2ce \u00e0 un proc\u00e9d\u00e9 de <strong>peinture<\/strong> sp\u00e9cial \u00e0 base de <strong>c\u00e9ramique<\/strong>.<\/p>\n","protected":false},"excerpt":{"rendered":"<p>R\u00e9alis\u00e9 pour am\u00e9liorer l\u2019aspect, le son et les prestations de la moto, le pot slip-on Mivv est issu de l\u2019attention maximale vers le design, en vue de satisfaire ceux qui souhaitent se d\u00e9marquer aussi par l\u2019allure de leur moto. L\u2019\u00e9chappement OVAL s\u2019adapte parfaitement \u00e0 n\u2019importe quel type de moto. Peaufin\u00e9 dans les moindres d\u00e9tails, c\u2019est [&hellip;]<\/p>\n","protected":false},"featured_media":65635,"template":"","meta":{"_acf_changed":false},"product_brand":[24896,23846,24882],"product_cat":[704],"product_tag":[],"class_list":{"0":"post-103584","1":"product","2":"type-product","3":"status-publish","4":"has-post-thumbnail","6":"product_brand-2025-2026-10818","7":"product_brand-honda","8":"product_brand-xl-750-transalp","9":"product_cat-slip-on","11":"first","12":"instock","13":"shipping-taxable","14":"product-type-simple"},"acf":[],"_links":{"self":[{"href":"https:\/\/dev.mivv.com\/fr\/wp-json\/wp\/v2\/product\/103584","targetHints":{"allow":["GET"]}}],"collection":[{"href":"https:\/\/dev.mivv.com\/fr\/wp-json\/wp\/v2\/product"}],"about":[{"href":"https:\/\/dev.mivv.com\/fr\/wp-json\/wp\/v2\/types\/product"}],"wp:featuredmedia":[{"embeddable":true,"href":"https:\/\/dev.mivv.com\/fr\/wp-json\/wp\/v2\/media\/65635"}],"wp:attachment":[{"href":"https:\/\/dev.mivv.com\/fr\/wp-json\/wp\/v2\/media?parent=103584"}],"wp:term":[{"taxonomy":"product_brand","embeddable":true,"href":"https:\/\/dev.mivv.com\/fr\/wp-json\/wp\/v2\/product_brand?post=103584"},{"taxonomy":"product_cat","embeddable":true,"href":"https:\/\/dev.mivv.com\/fr\/wp-json\/wp\/v2\/product_cat?post=103584"},{"taxonomy":"product_tag","embeddable":true,"href":"https:\/\/dev.mivv.com\/fr\/wp-json\/wp\/v2\/product_tag?post=103584"}],"curies":[{"name":"wp","href":"https:\/\/api.w.org\/{rel}","templated":true}]}}