{"id":103640,"date":"2026-04-21T15:09:13","date_gmt":"2026-04-21T13:09:13","guid":{"rendered":"https:\/\/dev.mivv.com\/scarico-moto\/d-055-lc5t-ducati-hypermotard-698-mono-2024-2026\/"},"modified":"2026-04-21T15:09:13","modified_gmt":"2026-04-21T13:09:13","slug":"d-055-lc5t-ducati-hypermotard-698-mono-2024-2026","status":"publish","type":"product","link":"https:\/\/dev.mivv.com\/fr\/product\/d-055-lc5t-ducati-hypermotard-698-mono-2024-2026\/","title":{"rendered":"D.055.LC5T &#8211; DUCATI HYPERMOTARD 698 MONO 2024 > 2026"},"content":{"rendered":"<p>R\u00e9alis\u00e9 pour am\u00e9liorer <strong>l\u2019aspect, le son et les prestations<\/strong> de la moto, le pot slip-on Mivv est issu de l\u2019attention maximale vers le design, en vue de satisfaire ceux qui souhaitent se <strong>d\u00e9marquer<\/strong> aussi par l\u2019allure de leur moto.<\/p>\n<p>La gamme Mivv <strong>X-M5<\/strong>, fruit de l&rsquo;exp\u00e9rience acquise lors des championnats du monde <strong>MotoGP, Moto2<\/strong> et <strong>Moto3<\/strong>, est la synth\u00e8se parfaite entre <strong>style de course<\/strong> et <strong>performance<\/strong>. Avec un <strong>design<\/strong> similaire aux \u00e9chappements con\u00e7us pour le championnat du monde, le silencieux <strong>X-M5<\/strong> a une forme <strong>conique<\/strong> et des dimensions <strong>compactes<\/strong> capables de d\u00e9gager le <strong>son<\/strong> captivant MIVV.<\/p>\n<p>Il est \u00e9quip\u00e9 d\u2019une coupelle en <strong>carbone<\/strong> twill 3K et d\u2019une <strong>grille de protection amovible<\/strong> qui cache le dB-killer.<\/p>\n<p>La version <strong>Titane<\/strong> se caract\u00e9rise par un corps central en Titane degr\u00e9 1 slow avec un effet <strong>\u00ab\u00a0perle\u00a0\u00bb<\/strong> obtenu gr\u00e2ce \u00e0 un proc\u00e9d\u00e9 de finition sp\u00e9cial. C&rsquo;est la version parfaite pour ceux qui veulent r\u00e9aliser des \u00e9conomies de <strong>poids<\/strong> significatives.<\/p>\n<p><strong>X-M5 pur style italien<\/strong><\/p>\n","protected":false},"excerpt":{"rendered":"<p>R\u00e9alis\u00e9 pour am\u00e9liorer l\u2019aspect, le son et les prestations de la moto, le pot slip-on Mivv est issu de l\u2019attention maximale vers le design, en vue de satisfaire ceux qui souhaitent se d\u00e9marquer aussi par l\u2019allure de leur moto. La gamme Mivv X-M5, fruit de l&rsquo;exp\u00e9rience acquise lors des championnats du monde MotoGP, Moto2 et [&hellip;]<\/p>\n","protected":false},"featured_media":64987,"template":"","meta":{"_acf_changed":false},"product_brand":[22908,22768,22901],"product_cat":[855],"product_tag":[],"class_list":{"0":"post-103640","1":"product","2":"type-product","3":"status-publish","4":"has-post-thumbnail","6":"product_brand-2024-2026-11504","7":"product_brand-ducati","8":"product_brand-hypermotard-698-mono","9":"product_cat-2-slip-on","11":"first","12":"instock","13":"shipping-taxable","14":"product-type-simple"},"acf":[],"_links":{"self":[{"href":"https:\/\/dev.mivv.com\/fr\/wp-json\/wp\/v2\/product\/103640","targetHints":{"allow":["GET"]}}],"collection":[{"href":"https:\/\/dev.mivv.com\/fr\/wp-json\/wp\/v2\/product"}],"about":[{"href":"https:\/\/dev.mivv.com\/fr\/wp-json\/wp\/v2\/types\/product"}],"wp:featuredmedia":[{"embeddable":true,"href":"https:\/\/dev.mivv.com\/fr\/wp-json\/wp\/v2\/media\/64987"}],"wp:attachment":[{"href":"https:\/\/dev.mivv.com\/fr\/wp-json\/wp\/v2\/media?parent=103640"}],"wp:term":[{"taxonomy":"product_brand","embeddable":true,"href":"https:\/\/dev.mivv.com\/fr\/wp-json\/wp\/v2\/product_brand?post=103640"},{"taxonomy":"product_cat","embeddable":true,"href":"https:\/\/dev.mivv.com\/fr\/wp-json\/wp\/v2\/product_cat?post=103640"},{"taxonomy":"product_tag","embeddable":true,"href":"https:\/\/dev.mivv.com\/fr\/wp-json\/wp\/v2\/product_tag?post=103640"}],"curies":[{"name":"wp","href":"https:\/\/api.w.org\/{rel}","templated":true}]}}