{"id":104123,"date":"2026-04-21T15:13:37","date_gmt":"2026-04-21T13:13:37","guid":{"rendered":"https:\/\/dev.mivv.com\/scarico-moto\/h-094-kzk-honda-cb-650-r-2024-2026\/"},"modified":"2026-04-21T15:13:37","modified_gmt":"2026-04-21T13:13:37","slug":"h-094-kzk-honda-cb-650-r-2024-2026","status":"publish","type":"product","link":"https:\/\/dev.mivv.com\/fr\/product\/h-094-kzk-honda-cb-650-r-2024-2026\/","title":{"rendered":"H.094.KZK &#8211; HONDA CB 650 R 2024 > 2026"},"content":{"rendered":"","protected":false},"excerpt":{"rendered":"<p>PARE-CHALEUR CARBONE INCLUS. Catalyseur ACC.099.A1 inclus. Homologu\u00e9 E5+ (Reg.EC-UE 134\/2014). Suite \u00e0 l&rsquo;installation de ce syst\u00e8me d&rsquo;\u00e9chappement, le voyant moteur (MIL) pourrait s&rsquo;allumer. Si cela se produit, l&rsquo;installation optionnelle de la Switch-Off Key permettrait de r\u00e9soudre le probl\u00e8me. Pour plus d&rsquo;informations, consultez la section \u201cPi\u00e8ces En Option\u201d.<\/p>\n","protected":false},"featured_media":66113,"template":"","meta":{"_acf_changed":false},"product_brand":[24042,24028,23846],"product_cat":[679],"product_tag":[],"class_list":{"0":"post-104123","1":"product","2":"type-product","3":"status-publish","4":"has-post-thumbnail","6":"product_brand-2024-2026-9188","7":"product_brand-cb-650-r","8":"product_brand-honda","9":"product_cat-ligne-complete","11":"first","12":"instock","13":"shipping-taxable","14":"product-type-simple"},"acf":[],"_links":{"self":[{"href":"https:\/\/dev.mivv.com\/fr\/wp-json\/wp\/v2\/product\/104123","targetHints":{"allow":["GET"]}}],"collection":[{"href":"https:\/\/dev.mivv.com\/fr\/wp-json\/wp\/v2\/product"}],"about":[{"href":"https:\/\/dev.mivv.com\/fr\/wp-json\/wp\/v2\/types\/product"}],"wp:featuredmedia":[{"embeddable":true,"href":"https:\/\/dev.mivv.com\/fr\/wp-json\/wp\/v2\/media\/66113"}],"wp:attachment":[{"href":"https:\/\/dev.mivv.com\/fr\/wp-json\/wp\/v2\/media?parent=104123"}],"wp:term":[{"taxonomy":"product_brand","embeddable":true,"href":"https:\/\/dev.mivv.com\/fr\/wp-json\/wp\/v2\/product_brand?post=104123"},{"taxonomy":"product_cat","embeddable":true,"href":"https:\/\/dev.mivv.com\/fr\/wp-json\/wp\/v2\/product_cat?post=104123"},{"taxonomy":"product_tag","embeddable":true,"href":"https:\/\/dev.mivv.com\/fr\/wp-json\/wp\/v2\/product_tag?post=104123"}],"curies":[{"name":"wp","href":"https:\/\/api.w.org\/{rel}","templated":true}]}}